{"id":13239,"date":"2024-11-18T10:28:46","date_gmt":"2024-11-18T10:28:46","guid":{"rendered":"https:\/\/stayinn.travel\/impressum\/"},"modified":"2026-04-16T02:46:01","modified_gmt":"2026-04-16T02:46:01","slug":"impressum","status":"publish","type":"page","link":"https:\/\/stayinn.travel\/de\/impressum\/","title":{"rendered":"Impressum<br> <br> <br>"},"content":{"rendered":"\n<p>Der Kauf einer Reise bei StayInn Travel stellt die vollst\u00e4ndige Anerkennung unserer allgemeinen Verkaufs- und Bef\u00f6rderungsbedingungen dar. Mit der Buchung best\u00e4tigt der Kunde, alle darin enthaltenen Bestimmungen vorbehaltlos zu akzeptieren. <\/p>\n\n<p>StayInn Travel beh\u00e4lt sich das Recht vor, diese Bedingungen jederzeit und ohne vorherige Ank\u00fcndigung zu \u00e4ndern. Wir empfehlen daher, sie bei jedem Besuch unserer Website regelm\u00e4\u00dfig zu \u00fcberpr\u00fcfen. <\/p>\n\n<p>Alle Inhalte dieser Website sowie die damit verbundenen geistigen Eigentumsrechte sind Eigentum von StayInn Travel oder deren Partnern.<\/p>\n\n<p>Es werden keinerlei Nutzungs- oder Eigentumsrechte an diesen Inhalten gew\u00e4hrt. Jede unbefugte Nutzung der Website oder ihrer gesch\u00fctzten Elemente, ganz oder teilweise, kann rechtliche Schritte nach sich ziehen. <\/p>\n\n<hr class=\"wp-block-separator has-alpha-channel-opacity\"\/>\n\n<h2 class=\"wp-block-heading\"><strong>1. Seitenbetreiber<br\/> <br\/> <br\/><\/strong><\/h2>\n\n<p>Agenturname : STAYINN TRAVEL<br\/> <br\/> <br\/><\/p>\n\n<p>Rechtsform : SARL<br\/> <br\/> <br\/><\/p>\n\n<p>Stammkapital : 50 000 XPF<\/p>\n\n<p>Eingetragene Adresse : Route Villierme, R\u00e9sidence Fare Ata, Wohnung 102 \u2013 Papeete.<\/p>\n\n<p>Registrierung : TAHITI-Nr. E10924 \/ SIRET 931 698 070<\/p>\n\n<p>Lizenz- \/ Registrierungsnummer des Reiseb\u00fcros : 566\/PR<\/p>\n\n<p>E-Mail : contact@stayinn.travel<\/p>\n\n<p>Telefon : +689 89 499 065<\/p>\n\n<hr class=\"wp-block-separator has-alpha-channel-opacity\"\/>\n\n<h2 class=\"wp-block-heading\"><strong>2. Publikationsleiter<\/strong><\/h2>\n\n<p>Name : gesetzlicher Vertreter<\/p>\n\n<p>Position : gesetzlicher Vertreter<\/p>\n\n<hr class=\"wp-block-separator has-alpha-channel-opacity\"\/>\n\n<h2 class=\"wp-block-heading\"><strong>3. Website-Host<\/strong><\/h2>\n\n<p>Name : Hostinger International Ltd.<\/p>\n\n<p>Adresse: 61 Lordou Vironos Street, 6023 Larnaca, Zypern<br\/> <br\/> <br\/><\/p>\n\n<p>Telefon: +370 645 03378<\/p>\n\n<p>E-mail : <a href=\"mailto:support@hostinger.com\" target=\"_blank\" rel=\"noreferrer noopener\">support@hostinger.com<\/a><\/p>\n\n<hr class=\"wp-block-separator has-alpha-channel-opacity\"\/>\n\n<h2 class=\"wp-block-heading\"><strong>4. Geistiges Eigentum<br\/> <br\/> <br\/><\/strong><br\/><\/h2>\n\n<p>Alle Inhalte dieser Website (Texte, Bilder, Logos, Videos, Symbole usw.) sind Eigentum von STAYINN TRAVEL oder deren Partnern. Jede unerlaubte Vervielf\u00e4ltigung, Verbreitung, \u00c4nderung oder Nutzung ist untersagt. <\/p>\n\n<hr class=\"wp-block-separator has-alpha-channel-opacity\"\/>\n\n<h2 class=\"wp-block-heading\"><strong>5. Personenbezogene Daten<\/strong><br\/><\/h2>\n\n<p>In \u00dcbereinstimmung mit den geltenden Vorschriften in Franz\u00f6sisch-Polynesien und den Empfehlungen der CNIL-PF werden die \u00fcber diese Website erhobenen Daten (Formulare, Cookies, Newsletter) ausschlie\u00dflich f\u00fcr die von STAYINN TRAVEL angebotenen Dienstleistungen verwendet.<br\/>Weitere Informationen finden Sie in unserer Datenschutzrichtlinie: <a href=\"https:\/\/stayinn.travel\/de\/datenschutzerklaerung\/\">https:\/\/stayinn.travel\/privacy-policy\/<\/a><\/p>\n\n<hr class=\"wp-block-separator has-alpha-channel-opacity\"\/>\n\n<h2 class=\"wp-block-heading\"><strong>6. Haftung<\/strong><br\/><\/h2>\n\n<p>STAYINN TRAVEL kann nicht f\u00fcr Fehler, Auslassungen oder veraltete Informationen auf dieser Website haftbar gemacht werden. Links zu anderen Websites werden ausschlie\u00dflich zu Informationszwecken bereitgestellt, und STAYINN TRAVEL ist nicht f\u00fcr deren Inhalte verantwortlich. <\/p>\n\n<hr class=\"wp-block-separator has-alpha-channel-opacity\"\/>\n\n<h2 class=\"wp-block-heading\"><strong>7. Spezifische Informationen des Reiseb\u00fcros<\/strong><\/h2>\n\n<p>Finanzielle Garantie: 50 000 XPF<\/p>\n\n<p>Berufshaftpflichtversicherung: AU004386<\/p>\n\n<p><\/p>\n","protected":false},"excerpt":{"rendered":"<p>Der Kauf einer Reise bei StayInn Travel stellt die vollst\u00e4ndige Anerkennung unserer allgemeinen Verkaufs- und Bef\u00f6rderungsbedingungen dar. Mit der Buchung best\u00e4tigt der Kunde, alle darin enthaltenen Bestimmungen vorbehaltlos zu akzeptieren. StayInn Travel beh\u00e4lt sich das Recht vor, diese Bedingungen jederzeit und ohne vorherige Ank\u00fcndigung zu \u00e4ndern. Wir empfehlen daher, sie bei jedem Besuch unserer Website [&hellip;]<\/p>\n","protected":false},"author":1,"featured_media":13400,"parent":0,"menu_order":0,"comment_status":"closed","ping_status":"closed","template":"","meta":{"inline_featured_image":false,"footnotes":""},"class_list":["post-13239","page","type-page","status-publish","has-post-thumbnail","hentry"],"acf":[],"_links":{"self":[{"href":"https:\/\/stayinn.travel\/de\/wp-json\/wp\/v2\/pages\/13239","targetHints":{"allow":["GET"]}}],"collection":[{"href":"https:\/\/stayinn.travel\/de\/wp-json\/wp\/v2\/pages"}],"about":[{"href":"https:\/\/stayinn.travel\/de\/wp-json\/wp\/v2\/types\/page"}],"author":[{"embeddable":true,"href":"https:\/\/stayinn.travel\/de\/wp-json\/wp\/v2\/users\/1"}],"replies":[{"embeddable":true,"href":"https:\/\/stayinn.travel\/de\/wp-json\/wp\/v2\/comments?post=13239"}],"version-history":[{"count":1,"href":"https:\/\/stayinn.travel\/de\/wp-json\/wp\/v2\/pages\/13239\/revisions"}],"predecessor-version":[{"id":13240,"href":"https:\/\/stayinn.travel\/de\/wp-json\/wp\/v2\/pages\/13239\/revisions\/13240"}],"wp:featuredmedia":[{"embeddable":true,"href":"https:\/\/stayinn.travel\/de\/wp-json\/wp\/v2\/media\/13400"}],"wp:attachment":[{"href":"https:\/\/stayinn.travel\/de\/wp-json\/wp\/v2\/media?parent=13239"}],"curies":[{"name":"wp","href":"https:\/\/api.w.org\/{rel}","templated":true}]}}