{"id":13455,"date":"2024-11-13T16:42:17","date_gmt":"2024-11-13T16:42:17","guid":{"rendered":"https:\/\/stayinn.travel\/about\/"},"modified":"2026-04-22T02:18:21","modified_gmt":"2026-04-22T02:18:21","slug":"about","status":"publish","type":"page","link":"https:\/\/stayinn.travel\/de\/about\/","title":{"rendered":"\u00dcber uns"},"content":{"rendered":"\n<p><br>StayInn Travel ist ein lokales Reiseb\u00fcro, das mit mehr als 300 Partnerunterk\u00fcnften \u00fcber die gr\u00f6\u00dfte Plattform f\u00fcr Saisonvermietungen in Franz\u00f6sisch-Polynesien verf\u00fcgt.<\/p>\n\n\n\n<p>Es zeichnet sich durch sein einzigartiges Modell aus: Es ist das einzige Reiseb\u00fcro, das \u00fcber eine eigene Unterkunftsplattform verf\u00fcgt, die aus seinem Vermietungsmanagementgesch\u00e4ft hervorgegangen ist.<\/p>\n\n\n\n<p>Diese Position erm\u00f6glicht es uns, exklusiven Zugang zu Unterk\u00fcnften zu bieten, die von unseren Teams \u00fcberpr\u00fcft und verwaltet werden. Diese Synergie erm\u00f6glicht es uns, exklusive, ma\u00dfgeschneiderte und authentische Aufenthalte zu einigen der wettbewerbsf\u00e4higsten Preise auf dem Markt anzubieten. Dank unserer lokalen Expertise und unserem privilegierten Netzwerk schaffen wir personalisierte, einzigartige und unschlagbare Erlebnisse, fernab vom Massentourismus.<\/p>\n","protected":false},"excerpt":{"rendered":"<p>Ein lokales Expertenteam, das handverlesene Unterk\u00fcnfte und sorgf\u00e4ltig ausgew\u00e4hlte Partner anbietet.<\/p>\n","protected":false},"author":1,"featured_media":13450,"parent":0,"menu_order":0,"comment_status":"closed","ping_status":"closed","template":"template-about.php","meta":{"inline_featured_image":false,"footnotes":""},"class_list":["post-13455","page","type-page","status-publish","has-post-thumbnail","hentry"],"acf":[],"_links":{"self":[{"href":"https:\/\/stayinn.travel\/de\/wp-json\/wp\/v2\/pages\/13455","targetHints":{"allow":["GET"]}}],"collection":[{"href":"https:\/\/stayinn.travel\/de\/wp-json\/wp\/v2\/pages"}],"about":[{"href":"https:\/\/stayinn.travel\/de\/wp-json\/wp\/v2\/types\/page"}],"author":[{"embeddable":true,"href":"https:\/\/stayinn.travel\/de\/wp-json\/wp\/v2\/users\/1"}],"replies":[{"embeddable":true,"href":"https:\/\/stayinn.travel\/de\/wp-json\/wp\/v2\/comments?post=13455"}],"version-history":[{"count":12,"href":"https:\/\/stayinn.travel\/de\/wp-json\/wp\/v2\/pages\/13455\/revisions"}],"predecessor-version":[{"id":17217,"href":"https:\/\/stayinn.travel\/de\/wp-json\/wp\/v2\/pages\/13455\/revisions\/17217"}],"wp:featuredmedia":[{"embeddable":true,"href":"https:\/\/stayinn.travel\/de\/wp-json\/wp\/v2\/media\/13450"}],"wp:attachment":[{"href":"https:\/\/stayinn.travel\/de\/wp-json\/wp\/v2\/media?parent=13455"}],"curies":[{"name":"wp","href":"https:\/\/api.w.org\/{rel}","templated":true}]}}