{"id":10132,"date":"2025-10-20T15:58:02","date_gmt":"2025-10-20T15:58:02","guid":{"rendered":"https:\/\/stayinn.travel\/product\/fare-iolana-2\/"},"modified":"2026-04-16T10:35:32","modified_gmt":"2026-04-16T10:35:32","slug":"fare-iolana-2","status":"publish","type":"product","link":"https:\/\/stayinn.travel\/de\/product\/fare-iolana-2\/","title":{"rendered":"FARE IOLANA"},"content":{"rendered":"<p>Im Herzen dieser famili\u00e4ren Knechtschaft, v\u00f6llig sicher, begr\u00fc\u00dfen wir Sie f\u00fcr Ihren Aufenthalt in Punaauia.<\/p>\n<p>Willkommen bei FARE IOLANA, einem sch\u00f6nen, ger\u00e4umigen und sehr gut ausgestatteten Haus f\u00fcr gem\u00fctliche Momente mit Familie oder Freunden.<\/p>\n<p>Es wurde an alles gedacht und arrangiert, damit es uns an nichts fehlt<\/p>\n<p>Der gro\u00dfe bewaldete Garten wird zum Spielplatz f\u00fcr die Kleinsten und verf\u00fcgt zus\u00e4tzlich \u00fcber eine Schaukel und Schaukeln.<br \/>\n<br \/>Die gro\u00dfe \u00fcberdachte Terrasse ist der ideale Ort zum gemeinsamen Essen.<\/p>\n<p>Das Haus mit einer Fl\u00e4che von 135 m\u00b2 besteht aus einer sch\u00f6nen, voll ausgestatteten K\u00fcche, die zu einem gro\u00dfen Wohnzimmer mit TV f\u00fchrt.<br \/>\n<br \/>Ein Raum mit Kinderspielzimmer und B\u00fcro steht Ihnen ebenfalls zur Verf\u00fcgung.<\/p>\n<p>Auf der Schlafseite bietet das Haus Platz f\u00fcr bis zu 8 Personen. Alle Zimmer sind klimatisiert.<br \/>\n<br \/>Das Hauptschlafzimmer ist mit einem zus\u00e4tzlichen Kingsize-Bett (200 x 200) und einem Schrank ausgestattet.<br \/>\n<br \/>Das zweite Schlafzimmer bietet Platz f\u00fcr 4 Personen: 2 Etagenbetten 140 x 190<br \/>\n<br \/>Ein Badezimmer mit Dusche und WC dient diesen beiden Schlafzimmern.<br \/>\n<br \/>Das dritte Schlafzimmer befindet sich in einem kleinen Nebengeb\u00e4ude. Es verf\u00fcgt \u00fcber ein Kingsize-Bett (180 x 200), ein Sofa und einen Fernseher.<br \/>\n<br \/>Ein weiteres Badezimmer mit Dusche und WC steht in der N\u00e4he zur Verf\u00fcgung.<\/p>\n<p>F\u00fcr die Kleinsten stehen auf Anfrage ein Babybett, ein Hochstuhl, eine freistehende Badewanne und ein Laufstall zur Verf\u00fcgung.<\/p>\n<p>Der W\u00e4schebereich ist mit einer Waschmaschine und einem Trockner ausgestattet.<\/p>\n<p>Au\u00dferdem steht Ihnen die gesamte Strandausr\u00fcstung zur Verf\u00fcgung: Masken, Schnorchel, Flossen, Armb\u00e4nder f\u00fcr die Kleinen, Chips, Eimer, Schaufeln, die komplette Ausr\u00fcstung, um sch\u00f6ne Tage am Wasser zu verbringen.<\/p>\n<p>Und das T\u00fcpfelchen auf dem i: direkter privater Zugang zu einem der sch\u00f6nsten wei\u00dfen Sandstr\u00e4nde Tahitis.<br \/>\n<br \/>Kristallklares Wasser, atemberaubende Aussicht, pures Gl\u00fcck.<\/p>\n<p>Das Fare IOALANA verspricht Ihnen sch\u00f6ne Stunden in einer beruhigenden und herrlichen Umgebung!<br \/>\n<br \/>Sicherlich verknallt.<\/p>\n<p>Nahe :<br \/>\n<br \/>20 Minuten vom internationalen Flughafen Faa\u2019a entfernt<br \/>\n<br \/>25 Minuten vom Stadtzentrum von Papeete entfernt<br \/>\n<br \/>30 Minuten vom F\u00e4hranleger nach Moorea<br \/>\n<br \/>12 Minuten vom Museum von Tahiti und den Inseln entfernt<br \/>\n<br \/>3 Minuten vom \u00f6ffentlichen Strand Vaiava PK18 entfernt<br \/>\n<br \/>Wohnwagen und Restaurants in der N\u00e4he<\/p>\n<p>Jede Reservierung unterliegt der vollst\u00e4ndigen Annahme unserer allgemeinen Verkaufsbedingungen, die Sie auf unserer Website Stayinn.Vacations einsehen k\u00f6nnen, indem Sie auf die allgemeinen Verkaufsbedingungen klicken.<\/p>\n<p>Registrierungsnummer: 2666 DTO-MT<\/p>\n","protected":false},"excerpt":{"rendered":"<p>Im Herzen dieser famili\u00e4ren Knechtschaft, v\u00f6llig sicher, begr\u00fc\u00dfen wir Sie f\u00fcr Ihren Aufenthalt in Punaauia. Willkommen bei FARE IOLANA, einem sch\u00f6nen, ger\u00e4umigen und sehr gut ausgestatteten Haus f\u00fcr gem\u00fctliche Momente mit Familie oder Freunden. Es wurde an alles gedacht und arrangiert, damit es uns an nichts fehlt Der gro\u00dfe bewaldete Garten wird zum Spielplatz f\u00fcr [&hellip;]<\/p>\n","protected":false},"featured_media":10127,"comment_status":"open","ping_status":"closed","template":"","meta":{"inline_featured_image":false},"country":[],"product_brand":[],"product_cat":[213],"product_tag":[],"class_list":{"0":"post-10132","1":"product","2":"type-product","3":"status-publish","4":"has-post-thumbnail","6":"product_cat-unterkunfte","8":"first","9":"instock","10":"shipping-taxable","11":"purchasable","12":"product-type-simple"},"acf":[],"_links":{"self":[{"href":"https:\/\/stayinn.travel\/de\/wp-json\/wp\/v2\/product\/10132","targetHints":{"allow":["GET"]}}],"collection":[{"href":"https:\/\/stayinn.travel\/de\/wp-json\/wp\/v2\/product"}],"about":[{"href":"https:\/\/stayinn.travel\/de\/wp-json\/wp\/v2\/types\/product"}],"replies":[{"embeddable":true,"href":"https:\/\/stayinn.travel\/de\/wp-json\/wp\/v2\/comments?post=10132"}],"wp:featuredmedia":[{"embeddable":true,"href":"https:\/\/stayinn.travel\/de\/wp-json\/wp\/v2\/media\/10127"}],"wp:attachment":[{"href":"https:\/\/stayinn.travel\/de\/wp-json\/wp\/v2\/media?parent=10132"}],"wp:term":[{"taxonomy":"country","embeddable":true,"href":"https:\/\/stayinn.travel\/de\/wp-json\/wp\/v2\/country?post=10132"},{"taxonomy":"product_brand","embeddable":true,"href":"https:\/\/stayinn.travel\/de\/wp-json\/wp\/v2\/product_brand?post=10132"},{"taxonomy":"product_cat","embeddable":true,"href":"https:\/\/stayinn.travel\/de\/wp-json\/wp\/v2\/product_cat?post=10132"},{"taxonomy":"product_tag","embeddable":true,"href":"https:\/\/stayinn.travel\/de\/wp-json\/wp\/v2\/product_tag?post=10132"}],"curies":[{"name":"wp","href":"https:\/\/api.w.org\/{rel}","templated":true}]}}