{"id":10140,"date":"2025-10-20T15:58:02","date_gmt":"2025-10-20T15:58:02","guid":{"rendered":"https:\/\/stayinn.travel\/product\/tahiti-villa-tokai-2\/"},"modified":"2025-10-20T16:09:07","modified_gmt":"2025-10-20T16:09:07","slug":"tahiti-villa-tokai-2","status":"publish","type":"product","link":"https:\/\/stayinn.travel\/de\/product\/tahiti-villa-tokai-2\/","title":{"rendered":"TAHITI &#8211; VILLA  TOKAI"},"content":{"rendered":"<p>Willkommen in diesem wundersch\u00f6nen Ferienhaus auf der Halbinsel Tahiti, in der N\u00e4he von Afaahiti.<br \/>\n<br \/>Perfekt f\u00fcr Familien und Freundesgruppen, bietet diese Strandvilla allen n\u00f6tigen Komfort f\u00fcr einen unvergesslichen Urlaub.<\/p>\n<p>Das Haus verf\u00fcgt \u00fcber 4 ger\u00e4umige Schlafzimmer, davon 3 mit Kingsize-Betten und 1 mit Einzelbetten, die bis zu 8 Personen beherbergen k\u00f6nnen. Die 2 Badezimmer mit Dusche und Toilette garantieren Ihnen Privatsph\u00e4re und Bequemlichkeit.<\/p>\n<p>Die offene K\u00fcche ist mit allen wichtigen Ger\u00e4ten (K\u00fchlschrank, Waschmaschine, Ofen, Mikrowelle, Kaffeemaschine, Toaster, Wasserkocher) ausgestattet, so dass Sie leckere Mahlzeiten mit Familie oder Freunden zubereiten k\u00f6nnen. Auch Kochutensilien und Geschirr stehen Ihnen zur Verf\u00fcgung.<\/p>\n<p>Zur Ihrem Komfort ist das Haus komplett klimatisiert.<br \/>\n<br \/>WLAN ist in der gesamten Unterkunft verf\u00fcgbar, ideal f\u00fcr Gesch\u00e4ftsreisen oder Telearbeit.<\/p>\n<p>Ein Waschraum mit Waschmaschine und Trockner befindet sich im hinteren Teil des Hauses.<\/p>\n<p>Im Au\u00dfenbereich k\u00f6nnen Sie sich in dem sch\u00f6nen eingez\u00e4unten Garten mit Gartenm\u00f6beln entspannen. Die Terrasse bietet den perfekten Raum f\u00fcr Ihre Mahlzeiten im Freien oder Ihre Entspannungsmomente.<br \/>\n<br \/>Ein Grill ist ebenfalls auf dem Grundst\u00fcck vorhanden.<\/p>\n<p>Sie haben direkten Zugang zum Lagunengew\u00e4sser, in dem Sie baden k\u00f6nnen.<br \/>\n<br \/>Die zur Verf\u00fcgung gestellten Kajaks erm\u00f6glichen Ihnen, die Umgebung f\u00fcr einfache Ausfl\u00fcge oder Schnorcheltouren zu erkunden.<\/p>\n<p>Diese Unterkunft ist ideal f\u00fcr einen Familienurlaub oder einen Urlaub mit Freunden, f\u00fcr ein erholsames Wochenende fern vom Trubel der Stadt, in einer gr\u00fcnen und ruhigen Umgebung.<\/p>\n<p>In der N\u00e4he:<br \/>\n<br \/>&#8211; \u00d6ffentlicher Strand 200 m entfernt<br \/>\n<br \/>&#8211; B\u00e4ckerei Afaahiti und LS Proxi in 6 Minuten Entfernung<br \/>\n<br \/>&#8211; Carrefour Taravao in 10 Minuten Entfernung<br \/>\n<br \/>&#8211; Aussichtspunkt von Taravao in 20 Minuten Entfernung<br \/>\n<br \/>&#8211; Teahupoo in weniger als 30 Minuten Entfernung<br \/>\n<br \/>Zahlreiche Ausfl\u00fcge und Wanderungen in der Umgebung<\/p>\n<p>Z\u00f6gern Sie nicht, uns zu kontaktieren, um Ihren unvergesslichen Aufenthalt zu buchen!<\/p>\n<p>Jede Buchung unterliegt obligatorisch der vorbehaltlosen Annahme unserer Allgemeinen Gesch\u00e4ftsbedingungen, die auf unserer Website Stayinn.Vacations unter den Allgemeinen Gesch\u00e4ftsbedingungen einsehbar sind.<\/p>\n","protected":false},"excerpt":{"rendered":"<p>Willkommen in diesem wundersch\u00f6nen Ferienhaus auf der Halbinsel Tahiti, in der N\u00e4he von Afaahiti. Perfekt f\u00fcr Familien und Freundesgruppen, bietet diese Strandvilla allen n\u00f6tigen Komfort f\u00fcr einen unvergesslichen Urlaub. Das Haus verf\u00fcgt \u00fcber 4 ger\u00e4umige Schlafzimmer, davon 3 mit Kingsize-Betten und 1 mit Einzelbetten, die bis zu 8 Personen beherbergen k\u00f6nnen. Die 2 Badezimmer mit [&hellip;]<\/p>\n","protected":false},"featured_media":10135,"comment_status":"open","ping_status":"closed","template":"","meta":{"inline_featured_image":false},"country":[],"product_brand":[],"product_cat":[213],"product_tag":[],"class_list":{"0":"post-10140","1":"product","2":"type-product","3":"status-publish","4":"has-post-thumbnail","6":"product_cat-unterkunfte","8":"first","9":"instock","10":"shipping-taxable","11":"purchasable","12":"product-type-simple"},"acf":[],"_links":{"self":[{"href":"https:\/\/stayinn.travel\/de\/wp-json\/wp\/v2\/product\/10140","targetHints":{"allow":["GET"]}}],"collection":[{"href":"https:\/\/stayinn.travel\/de\/wp-json\/wp\/v2\/product"}],"about":[{"href":"https:\/\/stayinn.travel\/de\/wp-json\/wp\/v2\/types\/product"}],"replies":[{"embeddable":true,"href":"https:\/\/stayinn.travel\/de\/wp-json\/wp\/v2\/comments?post=10140"}],"wp:featuredmedia":[{"embeddable":true,"href":"https:\/\/stayinn.travel\/de\/wp-json\/wp\/v2\/media\/10135"}],"wp:attachment":[{"href":"https:\/\/stayinn.travel\/de\/wp-json\/wp\/v2\/media?parent=10140"}],"wp:term":[{"taxonomy":"country","embeddable":true,"href":"https:\/\/stayinn.travel\/de\/wp-json\/wp\/v2\/country?post=10140"},{"taxonomy":"product_brand","embeddable":true,"href":"https:\/\/stayinn.travel\/de\/wp-json\/wp\/v2\/product_brand?post=10140"},{"taxonomy":"product_cat","embeddable":true,"href":"https:\/\/stayinn.travel\/de\/wp-json\/wp\/v2\/product_cat?post=10140"},{"taxonomy":"product_tag","embeddable":true,"href":"https:\/\/stayinn.travel\/de\/wp-json\/wp\/v2\/product_tag?post=10140"}],"curies":[{"name":"wp","href":"https:\/\/api.w.org\/{rel}","templated":true}]}}