{"id":10156,"date":"2025-10-20T15:58:02","date_gmt":"2025-10-20T15:58:02","guid":{"rendered":"https:\/\/stayinn.travel\/product\/huahine-ninamu-pool-full-house-auto\/"},"modified":"2025-10-20T16:09:07","modified_gmt":"2025-10-20T16:09:07","slug":"huahine-ninamu-pool-full-house-auto","status":"publish","type":"product","link":"https:\/\/stayinn.travel\/de\/product\/huahine-ninamu-pool-full-house-auto\/","title":{"rendered":"HUAHINE &#8211; Ninamu Pool Full House + auto"},"content":{"rendered":"<p>HUAHINE &#8211; Ninamu Pool Full House + auto<br \/>\n<br \/>Oft als &#8222;die geheime Insel&#8220;, &#8222;die authentische Insel&#8220; oder sogar &#8222;die Wildnis&#8220; bezeichnet, werden Sie Polynesien von gestern entdecken. Die Insel bietet Ihnen gro\u00dfartige Landschaften, eine Erfahrung des Lebens und eine typisch polynesische Atmosph\u00e4re. Es wird seine atemberaubende Sch\u00f6nheit, seine einladenden Bewohner und aufregenden Abenteuer offenbaren.<\/p>\n<p>Das Ninamu Full House + Auto befindet sich am Korallenriff, nicht weit vom Flughafen und dem Hauptort Fare entfernt. Nur 100 Meter von Ihrem Haus entfernt genie\u00dfen Sie das Riff und seinen kilometerlangen wilden Strand.<br \/>\n<br \/>Sie wohnen in den beiden Doppelh\u00e4usern der Unterkunft. Jeder Haus hat eine Fl\u00e4che von 90 m\u00b2 und bietet Platz f\u00fcr bis zu 5 Personen oder insgesamt 10 Personen.<\/p>\n<p>Zu Ihrer Verf\u00fcgung stehen 4 Schlafzimmer mit Doppelbett im Obergeschoss. Zwei Wohnzimmer mit jeweils einem Sofa, 2 Sesseln und einem Flachbildfernseher. Es gibt auch einen Schlafbereich mit einem Doppelbett. Im Erdgeschoss finden Sie das Badezimmer, 1 zus\u00e4tzliche Toilette und eine voll ausgestattete K\u00fcche. Die Terrasse mit Blick auf den Pool ist Ihr Lieblingsplatz f\u00fcr Ihre Mahlzeiten und Ihre Momente der Entspannung mit Familie oder Freunden.<\/p>\n<p>Die Vorteile dieser Unterkunft:<br \/>\n<br \/>* 2 kostenlose Autos mit 5 Sitzpl\u00e4tzen verf\u00fcgbar<br \/>\n<br \/>* Babybett auf Anfrage kostenlos erh\u00e4ltlich<br \/>\n<br \/>* Freier Zugang zum Schwimmbad. Achtung: Der Pool wird mit den anderen Mietern des Anwesens geteilt. (Gemeinschaftspool)<br \/>\n<br \/>* Kostenloser Flughafentransfer<br \/>\n<br \/>* Riff auf 100 Metern<br \/>\n<br \/>* Dorf und Ausstattung (Supermarkt, Markt, Post, Apotheke usw.) 7 Minuten mit dem Auto<\/p>\n<p>Alle Reservierungen unterliegen der uneingeschr\u00e4nkten Annahme unserer allgemeinen Verkaufsbedingungen, die auf unserer Stayinn.Vacations-Website durch Klicken auf die Allgemeinen Gesch\u00e4ftsbedingungen angezeigt werden.<\/p>\n<p>TAHITI-Nummer : 738534<\/p>\n","protected":false},"excerpt":{"rendered":"<p>HUAHINE &#8211; Ninamu Pool Full House + auto Oft als &#8222;die geheime Insel&#8220;, &#8222;die authentische Insel&#8220; oder sogar &#8222;die Wildnis&#8220; bezeichnet, werden Sie Polynesien von gestern entdecken. Die Insel bietet Ihnen gro\u00dfartige Landschaften, eine Erfahrung des Lebens und eine typisch polynesische Atmosph\u00e4re. Es wird seine atemberaubende Sch\u00f6nheit, seine einladenden Bewohner und aufregenden Abenteuer offenbaren. Das [&hellip;]<\/p>\n","protected":false},"featured_media":10151,"comment_status":"open","ping_status":"closed","template":"","meta":{"inline_featured_image":false},"country":[],"product_brand":[],"product_cat":[213],"product_tag":[],"class_list":{"0":"post-10156","1":"product","2":"type-product","3":"status-publish","4":"has-post-thumbnail","6":"product_cat-unterkunfte","8":"first","9":"instock","10":"shipping-taxable","11":"purchasable","12":"product-type-simple"},"acf":[],"_links":{"self":[{"href":"https:\/\/stayinn.travel\/de\/wp-json\/wp\/v2\/product\/10156","targetHints":{"allow":["GET"]}}],"collection":[{"href":"https:\/\/stayinn.travel\/de\/wp-json\/wp\/v2\/product"}],"about":[{"href":"https:\/\/stayinn.travel\/de\/wp-json\/wp\/v2\/types\/product"}],"replies":[{"embeddable":true,"href":"https:\/\/stayinn.travel\/de\/wp-json\/wp\/v2\/comments?post=10156"}],"wp:featuredmedia":[{"embeddable":true,"href":"https:\/\/stayinn.travel\/de\/wp-json\/wp\/v2\/media\/10151"}],"wp:attachment":[{"href":"https:\/\/stayinn.travel\/de\/wp-json\/wp\/v2\/media?parent=10156"}],"wp:term":[{"taxonomy":"country","embeddable":true,"href":"https:\/\/stayinn.travel\/de\/wp-json\/wp\/v2\/country?post=10156"},{"taxonomy":"product_brand","embeddable":true,"href":"https:\/\/stayinn.travel\/de\/wp-json\/wp\/v2\/product_brand?post=10156"},{"taxonomy":"product_cat","embeddable":true,"href":"https:\/\/stayinn.travel\/de\/wp-json\/wp\/v2\/product_cat?post=10156"},{"taxonomy":"product_tag","embeddable":true,"href":"https:\/\/stayinn.travel\/de\/wp-json\/wp\/v2\/product_tag?post=10156"}],"curies":[{"name":"wp","href":"https:\/\/api.w.org\/{rel}","templated":true}]}}