{"id":10180,"date":"2025-10-20T15:58:02","date_gmt":"2025-10-20T15:58:02","guid":{"rendered":"https:\/\/stayinn.travel\/product\/moorea-fare-ahiata-2\/"},"modified":"2026-04-16T10:35:34","modified_gmt":"2026-04-16T10:35:34","slug":"moorea-fare-ahiata-2","status":"publish","type":"product","link":"https:\/\/stayinn.travel\/de\/product\/moorea-fare-ahiata-2\/","title":{"rendered":"MOOREA &#8211; FARE AHIATA"},"content":{"rendered":"<p>Entdecken Sie Ihren R\u00fcckzugsort am Meer!<br \/>\n<br \/>G\u00f6nnen Sie sich einen unvergesslichen Ausflug in dieses sch\u00f6ne Haus mit Privatstrand, perfekt f\u00fcr besondere Momente mit Familie oder Freunden. Mit Platz f\u00fcr bis zu 15 Personen verspricht es Ihnen Entspannung und Komfort in einem idyllischen Rahmen.<\/p>\n<p>Mit seinen gro\u00dfz\u00fcgigen Au\u00dfenbereichen, 2 \u00fcberdachten Terrassen mit atemberaubendem Meerblick und einem Grill f\u00fcr gesellige Abende k\u00f6nnen Sie die Annehmlichkeiten des Lebens voll und ganz genie\u00dfen. Fern vom L\u00e4rm, in absoluter Ruhe, ist es der perfekte Ort, um neue Kraft zu sch\u00f6pfen.<\/p>\n<p>Der Hauptraum besteht aus einer offenen K\u00fcche, die in den Essbereich \u00fcbergeht. Der Wohnbereich mit 2 Schlafcouches, einem Fernseher und einem kleinen Wohnzimmertisch befindet sich in der ersten Reihe mit einem atemberaubenden Blick auf die Lagune.<\/p>\n<p>Das Badezimmer mit Dusche und WC befindet sich im Erdgeschoss.<br \/>\n<br \/>Eine Waschmaschine steht Ihnen zur Verf\u00fcgung.<\/p>\n<p>Die Schlafgelegenheiten befinden sich auf den beiden Schlafcouches im Wohnzimmer oder im Schlafsaal im Obergeschoss, wo Matratzen auf dem Boden f\u00fcr 13 Personen aufgestellt sind. Zur Ihrer Bequemlichkeit sind Ventilatoren vorhanden.<\/p>\n<p>Kajaks stehen Ihnen zur Verf\u00fcgung, um die Lagune direkt vom Privatstrand aus zu erkunden oder f\u00fcr Ihre Schnorchelausfl\u00fcge.<\/p>\n<p>Nur einen Katzensprung vom F\u00e4hranleger und in der N\u00e4he aller Annehmlichkeiten gelegen, ist dieses Haus auch der ideale Ausgangspunkt, um die Insel zu erkunden.<br \/>\n<br \/>Bei Ihrer Ankunft werden Sie herzlich von der Hausherrin empfangen, die Ihnen die Magie einer polynesischen Atmosph\u00e4re n\u00e4herbringen wird.<\/p>\n<p>Kommen Sie und schaffen Sie einzigartige Erinnerungen in diesem kleinen Paradies, wo Entspannung garantiert ist!<\/p>\n<p>Jede Buchung unterliegt obligatorisch der vorbehaltlosen Annahme unserer Allgemeinen Gesch\u00e4ftsbedingungen, die auf unserer Website Stayinn.Vacations unter den Allgemeinen Gesch\u00e4ftsbedingungen einsehbar sind.<\/p>\n<p>Registrierungsnummer: 1259DTO-MT<\/p>\n","protected":false},"excerpt":{"rendered":"<p>Entdecken Sie Ihren R\u00fcckzugsort am Meer! G\u00f6nnen Sie sich einen unvergesslichen Ausflug in dieses sch\u00f6ne Haus mit Privatstrand, perfekt f\u00fcr besondere Momente mit Familie oder Freunden. Mit Platz f\u00fcr bis zu 15 Personen verspricht es Ihnen Entspannung und Komfort in einem idyllischen Rahmen. Mit seinen gro\u00dfz\u00fcgigen Au\u00dfenbereichen, 2 \u00fcberdachten Terrassen mit atemberaubendem Meerblick und einem [&hellip;]<\/p>\n","protected":false},"featured_media":10175,"comment_status":"open","ping_status":"closed","template":"","meta":{"inline_featured_image":false},"country":[],"product_brand":[],"product_cat":[213],"product_tag":[],"class_list":{"0":"post-10180","1":"product","2":"type-product","3":"status-publish","4":"has-post-thumbnail","6":"product_cat-unterkunfte","8":"first","9":"instock","10":"shipping-taxable","11":"purchasable","12":"product-type-simple"},"acf":[],"_links":{"self":[{"href":"https:\/\/stayinn.travel\/de\/wp-json\/wp\/v2\/product\/10180","targetHints":{"allow":["GET"]}}],"collection":[{"href":"https:\/\/stayinn.travel\/de\/wp-json\/wp\/v2\/product"}],"about":[{"href":"https:\/\/stayinn.travel\/de\/wp-json\/wp\/v2\/types\/product"}],"replies":[{"embeddable":true,"href":"https:\/\/stayinn.travel\/de\/wp-json\/wp\/v2\/comments?post=10180"}],"wp:featuredmedia":[{"embeddable":true,"href":"https:\/\/stayinn.travel\/de\/wp-json\/wp\/v2\/media\/10175"}],"wp:attachment":[{"href":"https:\/\/stayinn.travel\/de\/wp-json\/wp\/v2\/media?parent=10180"}],"wp:term":[{"taxonomy":"country","embeddable":true,"href":"https:\/\/stayinn.travel\/de\/wp-json\/wp\/v2\/country?post=10180"},{"taxonomy":"product_brand","embeddable":true,"href":"https:\/\/stayinn.travel\/de\/wp-json\/wp\/v2\/product_brand?post=10180"},{"taxonomy":"product_cat","embeddable":true,"href":"https:\/\/stayinn.travel\/de\/wp-json\/wp\/v2\/product_cat?post=10180"},{"taxonomy":"product_tag","embeddable":true,"href":"https:\/\/stayinn.travel\/de\/wp-json\/wp\/v2\/product_tag?post=10180"}],"curies":[{"name":"wp","href":"https:\/\/api.w.org\/{rel}","templated":true}]}}