{"id":10428,"date":"2025-10-20T15:58:04","date_gmt":"2025-10-20T15:58:04","guid":{"rendered":"https:\/\/stayinn.travel\/product\/huahine-bungalow-arii-breakfast-3-2\/"},"modified":"2025-10-20T16:09:17","modified_gmt":"2025-10-20T16:09:17","slug":"huahine-bungalow-arii-breakfast-3-2","status":"publish","type":"product","link":"https:\/\/stayinn.travel\/de\/product\/huahine-bungalow-arii-breakfast-3-2\/","title":{"rendered":"HUAHINE &#8211; Bungalow Arii &#038; Breakfast 3"},"content":{"rendered":"<p>Willkommen im Bungalow Arii Pool &#038; Breakfast 3<\/p>\n<p>Tauchen Sie ein in die polynesische Authentizit\u00e4t w\u00e4hrend Ihres Aufenthalts auf Huahine, einer der besterhaltenen Inseln des Archipels. Genannt \u201edie Insel der Frau&#8220;, ist Huahine ein wahres Naturjuwel, bestehend aus zwei Teilen, die durch eine Br\u00fccke verbunden sind: Huahine Nui und Huahine Iti. Hier scheint die Zeit zwischen t\u00fcrkisfarbenen Lagunen, wei\u00dfen Sandstr\u00e4nden, gr\u00fcnen Bergen und lebendigen Traditionen stillzustehen. Fernab von gro\u00dfen Touristenkomplexen verzaubert die Insel durch ihre friedliche Atmosph\u00e4re, ihre Marae (heilige St\u00e4tten) voller Geschichte und ihre authentischen D\u00f6rfer, in denen die polynesische Lebensweise weiterhin besteht.<\/p>\n<p>Im Herzen dieser verzaubernden Kulisse entdecken Sie den Bungalow Arii Pool &#038; Breakfast, eingebettet in eine kleine, intime Pension, umgeben von \u00fcppiger Natur. Die Unterkunft verf\u00fcgt \u00fcber 3 unabh\u00e4ngige Bungalows und 2 G\u00e4stezimmer, mit einem h\u00fcbschen, geteilten Pool, der ideal zum Abk\u00fchlen und Entspannen ist.<\/p>\n<p>Der Bungalow Arii kann bis zu 3 Personen mit einem Doppelbett und einem Einzelbett aufnehmen, ausgestattet mit einem Ventilator f\u00fcr optimalen Komfort. Er verf\u00fcgt auch \u00fcber ein privates Badezimmer mit Dusche, Toilette und bereitgestellten Handt\u00fcchern. Ein Wechsel von Bettw\u00e4sche und Handt\u00fcchern ist alle 3 Tage zu Ihrem Wohlbefinden vorgesehen.<\/p>\n<p>Sie k\u00f6nnen eine ausgestattete Kitchenette nutzen (K\u00fchlschrank, Kochplatte, Kaffeemaschine, Wasserkocher), perfekt f\u00fcr Ihre Mahlzeiten in v\u00f6lliger Autonomie. Gemeinsame Bereiche stehen zur Verf\u00fcgung, darunter eine Au\u00dfenk\u00fcche f\u00fcr die G\u00e4stezimmer und nat\u00fcrlich der Pool.<\/p>\n<p>\u00c0 seulement 200 Metern entfernt f\u00fchrt ein direkter Zugang zu einem wundersch\u00f6nen Sandstrand &#8211; der perfekte Ort, um den Sonnenuntergang zu bewundern oder sich einfach am Ende des Tages zu entspannen.<\/p>\n<p>Optional k\u00f6nnen Sie ein k\u00f6stliches kontinentales Fr\u00fchst\u00fcck vor Ort genie\u00dfen, um gut in den Tag zu starten.<\/p>\n<p>Die Essentials Ihres Aufenthalts:<\/p>\n<p>-Geteilter Pool<br \/>\n<br \/>-Strand zu Fu\u00df in 200 m erreichbar<br \/>\n<br \/>-Nur 500 m vom Stadtzentrum von Fare entfernt<br \/>\n<br \/>-Bettw\u00e4sche gestellt, Waschmaschine verf\u00fcgbar<br \/>\n<br \/>-Unbegrenztes WLAN<br \/>\n<br \/>-Kontinentales Fr\u00fchst\u00fcck gegen Aufpreis<br \/>\n<br \/>-Flughafentransfers und Fahrzeugvermietung auf Anfrage (gegen Aufpreis)<br \/>\n<br \/>-Haustiere erlaubt (nach vorheriger Anfrage)<\/p>\n<p>Jede Buchung impliziert die Akzeptanz unserer Allgemeinen Gesch\u00e4ftsbedingungen, die auf unserer Website Stayinn.Vacations im entsprechenden Abschnitt eingesehen werden k\u00f6nnen.<\/p>\n<p>Registrierungsnummer: 568519<\/p>\n","protected":false},"excerpt":{"rendered":"<p>Willkommen im Bungalow Arii Pool &#038; Breakfast 3 Tauchen Sie ein in die polynesische Authentizit\u00e4t w\u00e4hrend Ihres Aufenthalts auf Huahine, einer der besterhaltenen Inseln des Archipels. Genannt \u201edie Insel der Frau&#8220;, ist Huahine ein wahres Naturjuwel, bestehend aus zwei Teilen, die durch eine Br\u00fccke verbunden sind: Huahine Nui und Huahine Iti. Hier scheint die Zeit [&hellip;]<\/p>\n","protected":false},"featured_media":10423,"comment_status":"open","ping_status":"closed","template":"","meta":{"inline_featured_image":false},"country":[],"product_brand":[],"product_cat":[213],"product_tag":[],"class_list":{"0":"post-10428","1":"product","2":"type-product","3":"status-publish","4":"has-post-thumbnail","6":"product_cat-unterkunfte","8":"first","9":"instock","10":"shipping-taxable","11":"purchasable","12":"product-type-simple"},"acf":[],"_links":{"self":[{"href":"https:\/\/stayinn.travel\/de\/wp-json\/wp\/v2\/product\/10428","targetHints":{"allow":["GET"]}}],"collection":[{"href":"https:\/\/stayinn.travel\/de\/wp-json\/wp\/v2\/product"}],"about":[{"href":"https:\/\/stayinn.travel\/de\/wp-json\/wp\/v2\/types\/product"}],"replies":[{"embeddable":true,"href":"https:\/\/stayinn.travel\/de\/wp-json\/wp\/v2\/comments?post=10428"}],"wp:featuredmedia":[{"embeddable":true,"href":"https:\/\/stayinn.travel\/de\/wp-json\/wp\/v2\/media\/10423"}],"wp:attachment":[{"href":"https:\/\/stayinn.travel\/de\/wp-json\/wp\/v2\/media?parent=10428"}],"wp:term":[{"taxonomy":"country","embeddable":true,"href":"https:\/\/stayinn.travel\/de\/wp-json\/wp\/v2\/country?post=10428"},{"taxonomy":"product_brand","embeddable":true,"href":"https:\/\/stayinn.travel\/de\/wp-json\/wp\/v2\/product_brand?post=10428"},{"taxonomy":"product_cat","embeddable":true,"href":"https:\/\/stayinn.travel\/de\/wp-json\/wp\/v2\/product_cat?post=10428"},{"taxonomy":"product_tag","embeddable":true,"href":"https:\/\/stayinn.travel\/de\/wp-json\/wp\/v2\/product_tag?post=10428"}],"curies":[{"name":"wp","href":"https:\/\/api.w.org\/{rel}","templated":true}]}}