{"id":10548,"date":"2025-10-20T15:58:05","date_gmt":"2025-10-20T15:58:05","guid":{"rendered":"https:\/\/stayinn.travel\/product\/moorea-lokaler-geist-6\/"},"modified":"2025-10-20T16:09:22","modified_gmt":"2025-10-20T16:09:22","slug":"moorea-lokaler-geist-6","status":"publish","type":"product","link":"https:\/\/stayinn.travel\/de\/product\/moorea-lokaler-geist-6\/","title":{"rendered":"MOOREA &#8211; Lokaler Geist 6"},"content":{"rendered":"<p>MOOREA &#8211; Lokaler Geist 6<\/p>\n<p>Buchen Sie f\u00fcr einen Kurzurlaub oder einen Urlaub zu einem g\u00fcnstigen Preis und in einer 100% polynesischen Atmosph\u00e4re einen unserer Local Spirit Bungalows.<\/p>\n<p>Moorea a Paradise Island 30 Minuten mit der F\u00e4hre von Tahiti, der Kristalllagune und atemberaubenden Landschaften entfernt. Eine authentische Erfahrung erwartet Sie.<\/p>\n<p>Der Bungalow in der 2. Reihe des Meeres bietet Platz f\u00fcr 4 Personen und besteht aus einem Doppelbett und 2 Einzelbetten. Jeder Bungalow verf\u00fcgt \u00fcber ein eigenes Bad, einen K\u00fchlschrank und 1 Ventilator. Direkt neben Ihrem Bungalow k\u00f6nnen Sie die Gemeinschaftsk\u00fcche zum Teilen genie\u00dfen. Sie ist mit einem Grill, einem Gasherd, Geschirr und allem ausgestattet, was Sie f\u00fcr die Zubereitung Ihrer Mahlzeiten ben\u00f6tigen.<br \/>\n<br \/>Im Garten ist ein Tisch- und B\u00e4nkebereich eingerichtet, um Sie bei einem abendlichen Aperitif oder einer freundlichen Mahlzeit zu treffen.<\/p>\n<p>Der weitl\u00e4ufige Garten entf\u00fchrt Sie in die touristische Geschichte dieses au\u00dfergew\u00f6hnlichen Ortes. In der Tat befinden Sie sich auf dem Gel\u00e4nde des alten Club Med, wo die Ruinen und \u00dcberreste noch vorhanden sind.<\/p>\n<p>Das Meer, nur wenige Schritte von Ihrem Bungalow entfernt (ca. 75 m entfernt), ist Ihr Lieblingsort, der charmante wei\u00dfe Sandstrand, der Blick auf das Motus und die durchscheinende Lagune, in der Sie die vorbeiziehenden Strahlen bewundern k\u00f6nnen. SUPs und Ruder stehen Ihnen w\u00e4hrend Ihres gesamten Aufenthalts kostenlos zur Verf\u00fcgung.<\/p>\n<p>Das kleine Extra von Moorea &#8211; Local Spirit ist das Fr\u00fchst\u00fcck, das Ihr Gastgeber anbietet: Brot, Marmelade, Butter, Kaffee oder Schokolade, es ist kein Schnickschnack, aber wie wir m\u00f6chten.<\/p>\n<p>Registrierungsnummer: 1592DTO-MT<\/p>\n","protected":false},"excerpt":{"rendered":"<p>MOOREA &#8211; Lokaler Geist 6 Buchen Sie f\u00fcr einen Kurzurlaub oder einen Urlaub zu einem g\u00fcnstigen Preis und in einer 100% polynesischen Atmosph\u00e4re einen unserer Local Spirit Bungalows. Moorea a Paradise Island 30 Minuten mit der F\u00e4hre von Tahiti, der Kristalllagune und atemberaubenden Landschaften entfernt. Eine authentische Erfahrung erwartet Sie. Der Bungalow in der 2. [&hellip;]<\/p>\n","protected":false},"featured_media":10543,"comment_status":"open","ping_status":"closed","template":"","meta":{"inline_featured_image":false},"country":[],"product_brand":[],"product_cat":[213],"product_tag":[],"class_list":{"0":"post-10548","1":"product","2":"type-product","3":"status-publish","4":"has-post-thumbnail","6":"product_cat-unterkunfte","8":"first","9":"instock","10":"shipping-taxable","11":"purchasable","12":"product-type-simple"},"acf":[],"_links":{"self":[{"href":"https:\/\/stayinn.travel\/de\/wp-json\/wp\/v2\/product\/10548","targetHints":{"allow":["GET"]}}],"collection":[{"href":"https:\/\/stayinn.travel\/de\/wp-json\/wp\/v2\/product"}],"about":[{"href":"https:\/\/stayinn.travel\/de\/wp-json\/wp\/v2\/types\/product"}],"replies":[{"embeddable":true,"href":"https:\/\/stayinn.travel\/de\/wp-json\/wp\/v2\/comments?post=10548"}],"wp:featuredmedia":[{"embeddable":true,"href":"https:\/\/stayinn.travel\/de\/wp-json\/wp\/v2\/media\/10543"}],"wp:attachment":[{"href":"https:\/\/stayinn.travel\/de\/wp-json\/wp\/v2\/media?parent=10548"}],"wp:term":[{"taxonomy":"country","embeddable":true,"href":"https:\/\/stayinn.travel\/de\/wp-json\/wp\/v2\/country?post=10548"},{"taxonomy":"product_brand","embeddable":true,"href":"https:\/\/stayinn.travel\/de\/wp-json\/wp\/v2\/product_brand?post=10548"},{"taxonomy":"product_cat","embeddable":true,"href":"https:\/\/stayinn.travel\/de\/wp-json\/wp\/v2\/product_cat?post=10548"},{"taxonomy":"product_tag","embeddable":true,"href":"https:\/\/stayinn.travel\/de\/wp-json\/wp\/v2\/product_tag?post=10548"}],"curies":[{"name":"wp","href":"https:\/\/api.w.org\/{rel}","templated":true}]}}