{"id":10708,"date":"2025-10-20T15:58:06","date_gmt":"2025-10-20T15:58:06","guid":{"rendered":"https:\/\/stayinn.travel\/product\/moorea-chill-relax-2\/"},"modified":"2026-04-16T10:34:58","modified_gmt":"2026-04-16T10:34:58","slug":"moorea-chill-relax-2","status":"publish","type":"product","link":"https:\/\/stayinn.travel\/de\/product\/moorea-chill-relax-2\/","title":{"rendered":"MOOREA &#8211; CHILL &#038; RELAX"},"content":{"rendered":"<p>MOOREA &#8211; CHILL &#038; RELAX<br \/>\n<br \/>Das Hotel liegt in Pihaena auf der Bergseite, ganz in der N\u00e4he des h\u00fcbschen Strandes Ta&#8217;ahiamanu, der zur Freude unserer vorbeikommenden Besucher neu gestaltet wurde. Diese Unterkunft in 2 kommunizierenden Bungalows ist gem\u00fctlich und ideal f\u00fcr einen Kurzurlaub mit Familie oder Freunden!<br \/>\n<br \/>Seine Kapazit\u00e4t betr\u00e4gt 8 Personen<\/p>\n<p>Chill &#038; Relax bietet Ihnen eine weiche und kokonierende Atmosph\u00e4re. Jeder Bungalow ist klimatisiert und bietet bequem Platz f\u00fcr 4 Personen. Sie werden die Eleganz des Ortes mit dem Charme der Inseln zu sch\u00e4tzen wissen. Die privaten Terrassen und der Whirlpool werden sicherlich Ihre Lieblingspl\u00e4tze sein. Ein wahrer Garten Eden mit pflanzlicher und Zen-Atmosph\u00e4re wird Ihre Abende begleiten.<\/p>\n<p>Jedes Modul besteht aus einem Hauptschlafzimmer mit Kingsize-Bett, einem Zwischengeschoss f\u00fcr 2 Personen mit 2 Einzelmatratzen auf dem Boden und einem ger\u00e4umigen Badezimmer mit WC + 1 WC mit separater Dusche. Die K\u00fcche ist komplett ausgestattet und \u00f6ffnet sich zu einem Wohnbereich mit Flachbildfernseher und einer Bar, die auf die Terrasse mit Barst\u00fchlen f\u00fchrt. Alles ist da f\u00fcr friedliche und erholsame Aufenthalte.<\/p>\n<p>DAS NOTWENDIGSTE<br \/>\n<br \/>* Gem\u00fctliche und elegante Atmosph\u00e4re<br \/>\n<br \/>* Klimatisierte Unterkunft<br \/>\n<br \/>* 2 private Whirlpool<br \/>\n<br \/>* Nah am Strand<br \/>\n<br \/>* In der N\u00e4he von Annehmlichkeiten<br \/>\n<br \/>* Kostenloses WiFi-Internet<br \/>\n<br \/>* Kostenlose Parkpl\u00e4tze f\u00fcr Ihr Fahrzeug<br \/>\n<br \/>* Bettw\u00e4sche zur Verf\u00fcgung gestellt<br \/>\n<br \/>* Fr\u00fchzeitige Anreise auf Anfrage m\u00f6glich, je nach Verf\u00fcgbarkeit und gegen Aufpreis<br \/>\n<br \/>* Versp\u00e4tete Anreise nach Vereinbarung mit Zuschlag m\u00f6glich<\/p>\n<p>Alle Reservierungen unterliegen der uneingeschr\u00e4nkten Annahme unserer allgemeinen Verkaufsbedingungen, die auf unserer Stayinn.Vacations-Website durch Klicken auf die Allgemeinen Gesch\u00e4ftsbedingungen angezeigt werden.<\/p>\n<p>Registrierungsnummer : 130DTO-MT<\/p>\n","protected":false},"excerpt":{"rendered":"<p>MOOREA &#8211; CHILL &#038; RELAX Das Hotel liegt in Pihaena auf der Bergseite, ganz in der N\u00e4he des h\u00fcbschen Strandes Ta&#8217;ahiamanu, der zur Freude unserer vorbeikommenden Besucher neu gestaltet wurde. Diese Unterkunft in 2 kommunizierenden Bungalows ist gem\u00fctlich und ideal f\u00fcr einen Kurzurlaub mit Familie oder Freunden! Seine Kapazit\u00e4t betr\u00e4gt 8 Personen Chill &#038; Relax [&hellip;]<\/p>\n","protected":false},"featured_media":10703,"comment_status":"open","ping_status":"closed","template":"","meta":{"inline_featured_image":false},"country":[],"product_brand":[],"product_cat":[213],"product_tag":[],"class_list":{"0":"post-10708","1":"product","2":"type-product","3":"status-publish","4":"has-post-thumbnail","6":"product_cat-unterkunfte","8":"first","9":"instock","10":"shipping-taxable","11":"purchasable","12":"product-type-simple"},"acf":[],"_links":{"self":[{"href":"https:\/\/stayinn.travel\/de\/wp-json\/wp\/v2\/product\/10708","targetHints":{"allow":["GET"]}}],"collection":[{"href":"https:\/\/stayinn.travel\/de\/wp-json\/wp\/v2\/product"}],"about":[{"href":"https:\/\/stayinn.travel\/de\/wp-json\/wp\/v2\/types\/product"}],"replies":[{"embeddable":true,"href":"https:\/\/stayinn.travel\/de\/wp-json\/wp\/v2\/comments?post=10708"}],"wp:featuredmedia":[{"embeddable":true,"href":"https:\/\/stayinn.travel\/de\/wp-json\/wp\/v2\/media\/10703"}],"wp:attachment":[{"href":"https:\/\/stayinn.travel\/de\/wp-json\/wp\/v2\/media?parent=10708"}],"wp:term":[{"taxonomy":"country","embeddable":true,"href":"https:\/\/stayinn.travel\/de\/wp-json\/wp\/v2\/country?post=10708"},{"taxonomy":"product_brand","embeddable":true,"href":"https:\/\/stayinn.travel\/de\/wp-json\/wp\/v2\/product_brand?post=10708"},{"taxonomy":"product_cat","embeddable":true,"href":"https:\/\/stayinn.travel\/de\/wp-json\/wp\/v2\/product_cat?post=10708"},{"taxonomy":"product_tag","embeddable":true,"href":"https:\/\/stayinn.travel\/de\/wp-json\/wp\/v2\/product_tag?post=10708"}],"curies":[{"name":"wp","href":"https:\/\/api.w.org\/{rel}","templated":true}]}}