{"id":10836,"date":"2025-10-20T15:58:07","date_gmt":"2025-10-20T15:58:07","guid":{"rendered":"https:\/\/stayinn.travel\/product\/nuku-hiva-taiohae-room-free-breakfast-n1-2\/"},"modified":"2026-04-16T10:34:51","modified_gmt":"2026-04-16T10:34:51","slug":"nuku-hiva-taiohae-room-free-breakfast-n1-2","status":"publish","type":"product","link":"https:\/\/stayinn.travel\/de\/product\/nuku-hiva-taiohae-room-free-breakfast-n1-2\/","title":{"rendered":"NUKU HIVA &#8211; Taiohae Room n\u00b01  &#038; Demi-pension"},"content":{"rendered":"<p>NUKU-HIVA &#8211; Taiohae Zimmer &#038; Kostenloses Fr\u00fchst\u00fcck Nr. 1<br \/>\n<br \/>Stayinn.vacations bietet Ihnen die M\u00f6glichkeit, die Marquesas-Inseln und insbesondere die Insel Nuku Hiva zu besuchen. Sie ist die grandioseste des Marquesas-Archipels und die zweitgr\u00f6\u00dfte Insel Polynesiens nach Tahiti.<br \/>\n<br \/>Ein unber\u00fchrter Ort, der arch\u00e4ologische und nat\u00fcrliche St\u00e4tten von beeindruckender Sch\u00f6nheit bietet, die Sie in die Vergangenheit der Marquesas-Vorfahren und in m\u00e4rchenhafte Landschaften wie Kamuihei, Taipivai, den 350 Meter hohen Hakaui-Wasserfall reisen lassen, der der dritth\u00f6chste nat\u00fcrliche Wasserfall der Welt ist&#8230;<\/p>\n<p>Nach gut gef\u00fcllten Tagen bei der Entdeckung verborgener Sch\u00e4tze wird das Dorf Taiohae der ideale Ort sein, um neue Kraft zu sch\u00f6pfen. Dieser kleine ruhige Hafen am Grund der Bucht, gesch\u00fctzt von zwei Felsmassiven, wird Ihnen einen erholsamen und charmanten Rahmen bieten. Sie werden fasziniert sein von seinen langen schwarzen Sandstr\u00e4nden, auf denen es sich gut spazieren l\u00e4sst, w\u00e4hrend man den stolzen Reitern der Insel begegnet. Auf den Marquesas ist das Pferd auch heute noch das Haupttransportmittel der Bewohner der T\u00e4ler.<\/p>\n<p>Nur wenige Schritte vom Dorfzentrum entfernt bieten wir Ihnen eines der 8 klimatisierten Zimmer mit eigenem Badezimmer, die jeweils bis zu 3 Personen aufnehmen k\u00f6nnen. Sie werden den Komfort dieser Unterkunft mit Klimaanlage, kostenlosem WLAN, Terrasse mit Sonnenliegen und Blick auf die Bucht sch\u00e4tzen, die Fr\u00fchst\u00fccke &#038; Abendessen werden auf der Terrasse serviert, der Transfer zum Flughafen ist m\u00f6glich (Preis- und Zahlungsmodalit\u00e4ten auf Anfrage), warmes Wasser steht zur Verf\u00fcgung&#8230;<\/p>\n<p>Ein sch\u00f6nes Abenteuer wartet auf Sie und beginnt bereits bei Ihrer Ankunft am Flughafen, da Sie die gesamte Insel und mehrere T\u00e4ler durchqueren m\u00fcssen, um Ihre Unterkunft zu erreichen. W\u00e4hrend dieser Reise, die von ungew\u00f6hnlichen Begegnungen gepr\u00e4gt ist: wilde Pferde und Ziegen, werden Sie vom Anblick der basaltischen K\u00e4mme und tiefen Canyons \u00fcberw\u00e4ltigt werden.<\/p>\n<p>Es ist zu wissen, dass unsere Preise das Fr\u00fchst\u00fcck und Abendessen beinhalten (Einheitsmen\u00fc, das bereits am Morgen ausgeh\u00e4ngt wird)<\/p>\n<p>Der Marquesas-Archipel sind vulkanische, \u00fcppige und hohe Inseln, die aus dem Pazifischen Ozean hervorragen. Hier sagt man, dass es ein Land der Geschichten und Legenden ist, so faszinierend wie unvergesslich. Die Marquesas werden auch \u201eDas Land der Menschen&#8220; genannt. Sie befinden sich 1.500 km nord\u00f6stlich von Tahiti, erreichbar per Luftweg ab Tahiti oder per Schiff mit Passagierdampfer, und sind auf 12 Inseln verteilt, von denen nur sechs bewohnt sind.<\/p>\n<p>Die Marquesaner gelten als die besten Handwerker Polynesiens. Ihre Kunst dr\u00fcckt sich auf verschiedene Weise aus, von der Bildhauerei \u00fcber die authentische Tattookunst bis hin zur Herstellung erstaunlicher Schmuckst\u00fccke. Ein Reiseziel voller Abenteuer, Horizonterweiterung und Reicht\u00fcmer jeglicher Art zu entdecken.<\/p>\n<p>Jede Buchung unterliegt unbedingt der uneingeschr\u00e4nkten Annahme unserer Allgemeinen Gesch\u00e4ftsbedingungen, die auf unserer Website Stayinn.Vacations durch Klicken auf die Allgemeinen Gesch\u00e4ftsbedingungen sichtbar sind.<\/p>\n<p>Nummer TAHITI: 440131<\/p>\n","protected":false},"excerpt":{"rendered":"<p>NUKU-HIVA &#8211; Taiohae Zimmer &#038; Kostenloses Fr\u00fchst\u00fcck Nr. 1 Stayinn.vacations bietet Ihnen die M\u00f6glichkeit, die Marquesas-Inseln und insbesondere die Insel Nuku Hiva zu besuchen. Sie ist die grandioseste des Marquesas-Archipels und die zweitgr\u00f6\u00dfte Insel Polynesiens nach Tahiti. Ein unber\u00fchrter Ort, der arch\u00e4ologische und nat\u00fcrliche St\u00e4tten von beeindruckender Sch\u00f6nheit bietet, die Sie in die Vergangenheit der [&hellip;]<\/p>\n","protected":false},"featured_media":10831,"comment_status":"open","ping_status":"closed","template":"","meta":{"inline_featured_image":false},"country":[],"product_brand":[],"product_cat":[213],"product_tag":[],"class_list":{"0":"post-10836","1":"product","2":"type-product","3":"status-publish","4":"has-post-thumbnail","6":"product_cat-unterkunfte","8":"first","9":"instock","10":"shipping-taxable","11":"purchasable","12":"product-type-simple"},"acf":[],"_links":{"self":[{"href":"https:\/\/stayinn.travel\/de\/wp-json\/wp\/v2\/product\/10836","targetHints":{"allow":["GET"]}}],"collection":[{"href":"https:\/\/stayinn.travel\/de\/wp-json\/wp\/v2\/product"}],"about":[{"href":"https:\/\/stayinn.travel\/de\/wp-json\/wp\/v2\/types\/product"}],"replies":[{"embeddable":true,"href":"https:\/\/stayinn.travel\/de\/wp-json\/wp\/v2\/comments?post=10836"}],"wp:featuredmedia":[{"embeddable":true,"href":"https:\/\/stayinn.travel\/de\/wp-json\/wp\/v2\/media\/10831"}],"wp:attachment":[{"href":"https:\/\/stayinn.travel\/de\/wp-json\/wp\/v2\/media?parent=10836"}],"wp:term":[{"taxonomy":"country","embeddable":true,"href":"https:\/\/stayinn.travel\/de\/wp-json\/wp\/v2\/country?post=10836"},{"taxonomy":"product_brand","embeddable":true,"href":"https:\/\/stayinn.travel\/de\/wp-json\/wp\/v2\/product_brand?post=10836"},{"taxonomy":"product_cat","embeddable":true,"href":"https:\/\/stayinn.travel\/de\/wp-json\/wp\/v2\/product_cat?post=10836"},{"taxonomy":"product_tag","embeddable":true,"href":"https:\/\/stayinn.travel\/de\/wp-json\/wp\/v2\/product_tag?post=10836"}],"curies":[{"name":"wp","href":"https:\/\/api.w.org\/{rel}","templated":true}]}}