{"id":10940,"date":"2025-10-20T15:58:08","date_gmt":"2025-10-20T15:58:08","guid":{"rendered":"https:\/\/stayinn.travel\/product\/chambre-dhotes-oviri-1-2\/"},"modified":"2026-04-16T10:36:12","modified_gmt":"2026-04-16T10:36:12","slug":"chambre-dhotes-oviri-1-2","status":"publish","type":"product","link":"https:\/\/stayinn.travel\/de\/product\/chambre-dhotes-oviri-1-2\/","title":{"rendered":"Chambre d&#8217;h\u00f4tes Oviri 1"},"content":{"rendered":"<p>Gelegen im S\u00fcden von Raiatea, zwischen Lagune und Bergen, in unmittelbarer N\u00e4he des Marae de Taputapuatea, der zum UNESCO-Weltkulturerbe geh\u00f6rt, l\u00e4dt Sie das G\u00e4stehaus Oviri-Opuhi ein, einen friedlichen Aufenthalt in einem authentisch polynesischen Ambiente zu erleben.<\/p>\n<p>Mit einer Fl\u00e4che von 24 m\u00b2 kann dieses Zimmer 2 Personen aufnehmen. Es verf\u00fcgt \u00fcber ein komfortables Doppelbett, ein privates Badezimmer mit Dusche, Waschbecken und WC sowie einen Stauraum mit Regalen und Kleiderschrank. F\u00fcr Ihre Entspannungsmomente vervollst\u00e4ndigt eine private Au\u00dfenterrasse die Ausstattung.<\/p>\n<p>Sie haben Zugang zur gemeinsamen, voll ausgestatteten K\u00fcche, die zum Garten hin offen ist, um Ihre Mahlzeiten v\u00f6llig selbstst\u00e4ndig zuzubereiten. F\u00fcr noch mehr Komfort wird optional ein Fr\u00fchst\u00fcck angeboten (nach Reservierung), und es besteht die M\u00f6glichkeit, vor Ort Pizzen zu bestellen.<\/p>\n<p>W\u00e4hrend Ihres Aufenthalts hier werden Sie auch direkten Zugang zum privaten Strand und Kajaks zur freien Erkundung der t\u00fcrkisfarbenen Lagune genie\u00dfen.<\/p>\n<p>\u2728 Ein idealer Aufenthalt, um die Ruhe von Raiatea zu genie\u00dfen und sein einzigartiges kulturelles Erbe zu entdecken.<\/p>\n<p>Die Wesentlichen<\/p>\n<p>Komfortables Zimmer von 24 m\u00b2 f\u00fcr 2 Personen<\/p>\n<p>Privates Badezimmer und Au\u00dfendeck<\/p>\n<p>Direkter Zugang zum privaten Strand mit enthaltenen Kayaks<\/p>\n<p>Gemeinsam ausgestattete K\u00fcche und M\u00f6glichkeit zum optionalen Fr\u00fchst\u00fcck<\/p>\n<p>Nur zwei Schritte vom heiligen St\u00e4tte des Marae Taputapuatea (UNESCO) entfernt<\/p>\n<p>In der N\u00e4he<\/p>\n<p>Marae Taputapuatea: UNESCO-Weltkulturerbe-St\u00e4tte, zu Fu\u00df erreichbar<\/p>\n<p>Erkundung von Raiatea: Autovermietung zur Entdeckung der Insel<\/p>\n<p>Restauration: Fr\u00fchst\u00fcck optional, Pizzen vor Ort verf\u00fcgbar<\/p>\n<p>Die Feste und Versammlungen sind im Wohnraum strikt verboten.<\/p>\n<p>Jede Buchung unterliegt unbedingt der uneingeschr\u00e4nkten Annahme unserer Allgemeinen Gesch\u00e4ftsbedingungen, die auf unserer Website Stayinn.Vacations durch Klicken auf Allgemeine Gesch\u00e4ftsbedingungen sichtbar sind.<\/p>\n<p>Registrierungsnummer: F20178<\/p>\n","protected":false},"excerpt":{"rendered":"<p>Gelegen im S\u00fcden von Raiatea, zwischen Lagune und Bergen, in unmittelbarer N\u00e4he des Marae de Taputapuatea, der zum UNESCO-Weltkulturerbe geh\u00f6rt, l\u00e4dt Sie das G\u00e4stehaus Oviri-Opuhi ein, einen friedlichen Aufenthalt in einem authentisch polynesischen Ambiente zu erleben. Mit einer Fl\u00e4che von 24 m\u00b2 kann dieses Zimmer 2 Personen aufnehmen. Es verf\u00fcgt \u00fcber ein komfortables Doppelbett, ein [&hellip;]<\/p>\n","protected":false},"featured_media":10935,"comment_status":"open","ping_status":"closed","template":"","meta":{"inline_featured_image":false},"country":[],"product_brand":[],"product_cat":[213],"product_tag":[],"class_list":{"0":"post-10940","1":"product","2":"type-product","3":"status-publish","4":"has-post-thumbnail","6":"product_cat-unterkunfte","8":"first","9":"instock","10":"shipping-taxable","11":"purchasable","12":"product-type-simple"},"acf":[],"_links":{"self":[{"href":"https:\/\/stayinn.travel\/de\/wp-json\/wp\/v2\/product\/10940","targetHints":{"allow":["GET"]}}],"collection":[{"href":"https:\/\/stayinn.travel\/de\/wp-json\/wp\/v2\/product"}],"about":[{"href":"https:\/\/stayinn.travel\/de\/wp-json\/wp\/v2\/types\/product"}],"replies":[{"embeddable":true,"href":"https:\/\/stayinn.travel\/de\/wp-json\/wp\/v2\/comments?post=10940"}],"wp:featuredmedia":[{"embeddable":true,"href":"https:\/\/stayinn.travel\/de\/wp-json\/wp\/v2\/media\/10935"}],"wp:attachment":[{"href":"https:\/\/stayinn.travel\/de\/wp-json\/wp\/v2\/media?parent=10940"}],"wp:term":[{"taxonomy":"country","embeddable":true,"href":"https:\/\/stayinn.travel\/de\/wp-json\/wp\/v2\/country?post=10940"},{"taxonomy":"product_brand","embeddable":true,"href":"https:\/\/stayinn.travel\/de\/wp-json\/wp\/v2\/product_brand?post=10940"},{"taxonomy":"product_cat","embeddable":true,"href":"https:\/\/stayinn.travel\/de\/wp-json\/wp\/v2\/product_cat?post=10940"},{"taxonomy":"product_tag","embeddable":true,"href":"https:\/\/stayinn.travel\/de\/wp-json\/wp\/v2\/product_tag?post=10940"}],"curies":[{"name":"wp","href":"https:\/\/api.w.org\/{rel}","templated":true}]}}