{"id":10948,"date":"2025-10-20T15:58:08","date_gmt":"2025-10-20T15:58:08","guid":{"rendered":"https:\/\/stayinn.travel\/product\/raiatea-chambre-dhotes-oviri-2-kahaia-2\/"},"modified":"2026-04-16T10:36:16","modified_gmt":"2026-04-16T10:36:16","slug":"raiatea-chambre-dhotes-oviri-2-kahaia-2","status":"publish","type":"product","link":"https:\/\/stayinn.travel\/de\/product\/raiatea-chambre-dhotes-oviri-2-kahaia-2\/","title":{"rendered":"RAIATEA-Chambre d&#8217;h\u00f4tes Oviri 2 &#8211; Kahaia"},"content":{"rendered":"<p>Gelegen im S\u00fcden von Raiatea, zwischen Lagune und Bergen und in unmittelbarer N\u00e4he des Marae de Taputapuatea, der zum UNESCO-Weltkulturerbe geh\u00f6rt, empf\u00e4ngt Sie die Opuhi-Kammer des Fare Oviri in einer friedlichen und authentisch polynesischen Umgebung.<\/p>\n<p>Mit einer Fl\u00e4che von 24 m\u00b2 kann sie 2 Personen aufnehmen und verf\u00fcgt \u00fcber ein komfortables Doppelbett, ein privates Badezimmer mit Dusche, Waschbecken und WC sowie einen Stauraum mit Regalen und Kleiderschrank. Das Zimmer hat einen direkten Zugang nach drau\u00dfen, ideal um den Garten zu genie\u00dfen oder zum Strand zu gelangen.<\/p>\n<p>Um Ihren Aufenthalt zu bereichern, ist ein Fr\u00fchst\u00fcck optional verf\u00fcgbar (nach Reservierung), und es besteht auch die M\u00f6glichkeit, vor Ort Pizzen zu bestellen. Sie werden auch direkten Zugang zum privaten Strand mit Kayaks haben, um die t\u00fcrkisfarbene Lagune zu erkunden.<\/p>\n<p>\u2728 Ein idealer Aufenthalt, um die Ruhe von Raiatea inmitten einer \u00fcppigen und authentischen Natur zu genie\u00dfen.<\/p>\n<p>Die Wesentlichen<\/p>\n<p>Komfortables Zimmer von 24 m\u00b2 f\u00fcr 2 Personen<\/p>\n<p>Privates Badezimmer mit direktem Zugang nach drau\u00dfen<\/p>\n<p>Zugang zum privaten Strand mit Kayaks inklusive<\/p>\n<p>M\u00f6glichkeit eines optionalen Fr\u00fchst\u00fccks und Pizzen vor Ort<\/p>\n<p>Unmittelbare N\u00e4he der heiligen St\u00e4tte Marae von Taputapuatea (UNESCO)<\/p>\n<p>In der N\u00e4he<\/p>\n<p>Marae Taputapuatea: UNESCO-Weltkulturerbe-St\u00e4tte, zu Fu\u00df erreichbar<\/p>\n<p>Erkundung von Raiatea: Autovermietung zur Entdeckung der Insel<\/p>\n<p>Restauration: Fr\u00fchst\u00fcck optional, Pizzen vor Ort verf\u00fcgbar<\/p>\n<p>Die Feste und Versammlungen sind im Wohnraum strikt verboten.<\/p>\n<p>Jede Buchung unterliegt unbedingt der uneingeschr\u00e4nkten Annahme unserer Allgemeinen Gesch\u00e4ftsbedingungen, die auf unserer Website Stayinn.Vacations durch Klicken auf Allgemeine Gesch\u00e4ftsbedingungen sichtbar sind.<\/p>\n<p>Registrierungsnummer: F20178<\/p>\n","protected":false},"excerpt":{"rendered":"<p>Gelegen im S\u00fcden von Raiatea, zwischen Lagune und Bergen und in unmittelbarer N\u00e4he des Marae de Taputapuatea, der zum UNESCO-Weltkulturerbe geh\u00f6rt, empf\u00e4ngt Sie die Opuhi-Kammer des Fare Oviri in einer friedlichen und authentisch polynesischen Umgebung. Mit einer Fl\u00e4che von 24 m\u00b2 kann sie 2 Personen aufnehmen und verf\u00fcgt \u00fcber ein komfortables Doppelbett, ein privates Badezimmer [&hellip;]<\/p>\n","protected":false},"featured_media":10943,"comment_status":"open","ping_status":"closed","template":"","meta":{"inline_featured_image":false},"country":[],"product_brand":[],"product_cat":[213],"product_tag":[],"class_list":{"0":"post-10948","1":"product","2":"type-product","3":"status-publish","4":"has-post-thumbnail","6":"product_cat-unterkunfte","8":"first","9":"instock","10":"shipping-taxable","11":"purchasable","12":"product-type-simple"},"acf":[],"_links":{"self":[{"href":"https:\/\/stayinn.travel\/de\/wp-json\/wp\/v2\/product\/10948","targetHints":{"allow":["GET"]}}],"collection":[{"href":"https:\/\/stayinn.travel\/de\/wp-json\/wp\/v2\/product"}],"about":[{"href":"https:\/\/stayinn.travel\/de\/wp-json\/wp\/v2\/types\/product"}],"replies":[{"embeddable":true,"href":"https:\/\/stayinn.travel\/de\/wp-json\/wp\/v2\/comments?post=10948"}],"wp:featuredmedia":[{"embeddable":true,"href":"https:\/\/stayinn.travel\/de\/wp-json\/wp\/v2\/media\/10943"}],"wp:attachment":[{"href":"https:\/\/stayinn.travel\/de\/wp-json\/wp\/v2\/media?parent=10948"}],"wp:term":[{"taxonomy":"country","embeddable":true,"href":"https:\/\/stayinn.travel\/de\/wp-json\/wp\/v2\/country?post=10948"},{"taxonomy":"product_brand","embeddable":true,"href":"https:\/\/stayinn.travel\/de\/wp-json\/wp\/v2\/product_brand?post=10948"},{"taxonomy":"product_cat","embeddable":true,"href":"https:\/\/stayinn.travel\/de\/wp-json\/wp\/v2\/product_cat?post=10948"},{"taxonomy":"product_tag","embeddable":true,"href":"https:\/\/stayinn.travel\/de\/wp-json\/wp\/v2\/product_tag?post=10948"}],"curies":[{"name":"wp","href":"https:\/\/api.w.org\/{rel}","templated":true}]}}