{"id":11144,"date":"2025-06-07T00:40:32","date_gmt":"2025-06-07T00:40:32","guid":{"rendered":"https:\/\/stayinn.travel\/product\/tahaa-safari-mit-allradfahrzeug-4-stunden\/"},"modified":"2026-04-21T20:14:46","modified_gmt":"2026-04-21T20:14:46","slug":"tahaa-safari-mit-allradfahrzeug-4-stunden","status":"publish","type":"product","link":"https:\/\/stayinn.travel\/de\/product\/tahaa-safari-mit-allradfahrzeug-4-stunden\/","title":{"rendered":"TAHA&#8217;A \u2013 Safari mit Allradfahrzeug \u2013 4 Stunden"},"content":{"rendered":"<p data-start=\"142\" data-end=\"447\">Entdecken Sie die Geheimnisse der Vanilleinsel bei einer aufregenden 4&#215;4-Morgensafari, die kulturelle Erlebnisse, Verkostungen und atemberaubende Panoramablicke vereint! In Begleitung von sachkundigen lokalen Reiseleitern lernen Sie die warmherzigen Menschen von Taha&#8217;a kennen und kehren mit bereichernden Begegnungen und lokalem Wissen zur\u00fcck. <\/p>\n<p data-start=\"449\" data-end=\"735\">Zu den H\u00f6hepunkten z\u00e4hlen: ein Besuch und eine Verkostung in der ber\u00fchmten Pari Pari-Brennerei in Tapuamu, eine F\u00fchrung durch eine Vanilleplantage mit Verkostung von frischen S\u00e4ften und Fr\u00fcchten sowie ein Besuch einer Perlenfarm, wo Sie mehr \u00fcber die Veredelungstechniken und die Zucht der ber\u00fchmten schwarzen Perlen von Tahiti erfahren.<\/p>\n<p data-start=\"737\" data-end=\"996\">Unterwegs stellt Ihnen Ihr Reiseleiter bei verschiedenen botanischen Zwischenstopps wichtige polynesische Pflanzen vor und zeigt Ihnen deren traditionelle Verwendung. Au\u00dferdem erwartet Sie eine unterhaltsame \u201eKokosnuss-Show\u201c, bei der Sie lernen, wie man Kokosn\u00fcsse \u00f6ffnet, und das erfrischende Wasser im Inneren probieren k\u00f6nnen. <\/p>\n<p data-start=\"998\" data-end=\"1191\">Lassen Sie sich den Wind durch die Haare wehen, w\u00e4hrend Sie durch die wilde, unber\u00fchrte Natur der Insel fahren. Es sind mehrere Fotostopps vorgesehen, insbesondere an den atemberaubenden Aussichtspunkten Tiva und Haamene. <\/p>\n","protected":false},"excerpt":{"rendered":"<p><strong>\ud83c\udf3a\ud83d\ude99 Kultur, Natur und Vanille-Stra\u00dfen \u2013 entdecken Sie Taha&#8217;a abseits der ausgetretenen Pfade! \ud83c\udf34\u2728 <\/strong><\/p>\n","protected":false},"featured_media":11138,"comment_status":"open","ping_status":"closed","template":"","meta":{"inline_featured_image":false},"country":[],"product_brand":[],"product_cat":[214],"product_tag":[229],"class_list":{"0":"post-11144","1":"product","2":"type-product","3":"status-publish","4":"has-post-thumbnail","6":"product_cat-aktivitaten","7":"product_tag-tahaa-de","9":"first","10":"instock","11":"shipping-taxable","12":"purchasable","13":"product-type-simple"},"acf":[],"_links":{"self":[{"href":"https:\/\/stayinn.travel\/de\/wp-json\/wp\/v2\/product\/11144","targetHints":{"allow":["GET"]}}],"collection":[{"href":"https:\/\/stayinn.travel\/de\/wp-json\/wp\/v2\/product"}],"about":[{"href":"https:\/\/stayinn.travel\/de\/wp-json\/wp\/v2\/types\/product"}],"replies":[{"embeddable":true,"href":"https:\/\/stayinn.travel\/de\/wp-json\/wp\/v2\/comments?post=11144"}],"wp:featuredmedia":[{"embeddable":true,"href":"https:\/\/stayinn.travel\/de\/wp-json\/wp\/v2\/media\/11138"}],"wp:attachment":[{"href":"https:\/\/stayinn.travel\/de\/wp-json\/wp\/v2\/media?parent=11144"}],"wp:term":[{"taxonomy":"country","embeddable":true,"href":"https:\/\/stayinn.travel\/de\/wp-json\/wp\/v2\/country?post=11144"},{"taxonomy":"product_brand","embeddable":true,"href":"https:\/\/stayinn.travel\/de\/wp-json\/wp\/v2\/product_brand?post=11144"},{"taxonomy":"product_cat","embeddable":true,"href":"https:\/\/stayinn.travel\/de\/wp-json\/wp\/v2\/product_cat?post=11144"},{"taxonomy":"product_tag","embeddable":true,"href":"https:\/\/stayinn.travel\/de\/wp-json\/wp\/v2\/product_tag?post=11144"}],"curies":[{"name":"wp","href":"https:\/\/api.w.org\/{rel}","templated":true}]}}