{"id":11153,"date":"2025-06-07T00:29:45","date_gmt":"2025-06-07T00:29:45","guid":{"rendered":"https:\/\/stayinn.travel\/product\/tahaa-lagunen-und-hochseefischen-4-stunden\/"},"modified":"2026-04-21T20:26:55","modified_gmt":"2026-04-21T20:26:55","slug":"tahaa-lagunen-und-hochseefischen-4-stunden","status":"publish","type":"product","link":"https:\/\/stayinn.travel\/de\/product\/tahaa-lagunen-und-hochseefischen-4-stunden\/","title":{"rendered":"TAHA&#8217;A &#8211; Lagunen- und Hochseefischen \u2013 4 Stunden"},"content":{"rendered":"<p data-start=\"146\" data-end=\"350\">Ihre Exkursion beginnt direkt an Ihrer Unterkunft oder im nahe gelegenen Yachthafen. Treffen Sie Ihren lokalen Reiseleiter, der Sie an Bord eines voll ausgestatteten und sicheren Bootes begr\u00fc\u00dft und Ihnen den Ablauf der Exkursion vorstellt. <\/p>\n<p data-start=\"352\" data-end=\"569\">Er informiert Sie \u00fcber die Fischarten, denen Sie begegnen k\u00f6nnten, erkl\u00e4rt Ihnen die Verwendung der Angelausr\u00fcstung und gibt Ihnen Tipps und Tricks aus seiner Erfahrung als Einheimischer. Dank seiner pers\u00f6nlichen Anleitung lernen Sie die besten Tricks, um Ihren Fang an Land zu ziehen! <\/p>\n<p data-start=\"571\" data-end=\"689\">Am Ende der Tour kehren Sie zum Ausgangspunkt zur\u00fcck \u2013 und k\u00f6nnen Ihre besten F\u00e4nge mit nach Hause nehmen!<\/p>\n<p data-start=\"696\" data-end=\"785\" data-is-last-node=\"\" data-is-only-node=\"\">2 OPTIONEN:<br \/>\nAngeln in der Lagune<br \/>\nHochseeangeln (zus\u00e4tzliche Kosten)<\/p>\n","protected":false},"excerpt":{"rendered":"<p>\ud83c\udfa3 <strong data-start=\"699\" data-end=\"785\" data-is-last-node=\"\">Fischen Sie wie ein Einheimischer im Paradies \u2013 vom Riff bis zur Tiefsee, Ihr Abenteuer beginnt! \ud83c\udf0a\ud83d\udc1f <\/strong><\/p>\n","protected":false},"featured_media":11136,"comment_status":"open","ping_status":"closed","template":"","meta":{"inline_featured_image":false},"country":[],"product_brand":[],"product_cat":[214],"product_tag":[229],"class_list":{"0":"post-11153","1":"product","2":"type-product","3":"status-publish","4":"has-post-thumbnail","6":"product_cat-aktivitaten","7":"product_tag-tahaa-de","9":"first","10":"instock","11":"shipping-taxable","12":"purchasable","13":"product-type-simple"},"acf":[],"_links":{"self":[{"href":"https:\/\/stayinn.travel\/de\/wp-json\/wp\/v2\/product\/11153","targetHints":{"allow":["GET"]}}],"collection":[{"href":"https:\/\/stayinn.travel\/de\/wp-json\/wp\/v2\/product"}],"about":[{"href":"https:\/\/stayinn.travel\/de\/wp-json\/wp\/v2\/types\/product"}],"replies":[{"embeddable":true,"href":"https:\/\/stayinn.travel\/de\/wp-json\/wp\/v2\/comments?post=11153"}],"wp:featuredmedia":[{"embeddable":true,"href":"https:\/\/stayinn.travel\/de\/wp-json\/wp\/v2\/media\/11136"}],"wp:attachment":[{"href":"https:\/\/stayinn.travel\/de\/wp-json\/wp\/v2\/media?parent=11153"}],"wp:term":[{"taxonomy":"country","embeddable":true,"href":"https:\/\/stayinn.travel\/de\/wp-json\/wp\/v2\/country?post=11153"},{"taxonomy":"product_brand","embeddable":true,"href":"https:\/\/stayinn.travel\/de\/wp-json\/wp\/v2\/product_brand?post=11153"},{"taxonomy":"product_cat","embeddable":true,"href":"https:\/\/stayinn.travel\/de\/wp-json\/wp\/v2\/product_cat?post=11153"},{"taxonomy":"product_tag","embeddable":true,"href":"https:\/\/stayinn.travel\/de\/wp-json\/wp\/v2\/product_tag?post=11153"}],"curies":[{"name":"wp","href":"https:\/\/api.w.org\/{rel}","templated":true}]}}