{"id":11186,"date":"2025-05-23T02:39:39","date_gmt":"2025-05-23T02:39:39","guid":{"rendered":"https:\/\/stayinn.travel\/product\/huahine-safari-im-gelaendewagen-im-herzen-von-huahine\/"},"modified":"2026-04-21T20:36:35","modified_gmt":"2026-04-21T20:36:35","slug":"huahine-safari-im-gelaendewagen-im-herzen-von-huahine","status":"publish","type":"product","link":"https:\/\/stayinn.travel\/de\/product\/huahine-safari-im-gelaendewagen-im-herzen-von-huahine\/","title":{"rendered":"HUAHINE &#8211; Safari im Gel\u00e4ndewagen im Herzen von Huahine"},"content":{"rendered":"<p class=\"my-0\">Begeben Sie sich auf eine spannende Reise durch die wilden Landschaften und kulturellen Sch\u00e4tze von Huahine. Erkunden Sie die Insel mit dem Gel\u00e4ndewagen auf einer halbt\u00e4gigen oder ganzt\u00e4gigen Tour. <\/p>\n<p class=\"my-0\">Ihr Abenteuer beginnt an der Maroe-Br\u00fccke, von der aus Sie einen atemberaubenden Blick \u00fcber die Lagune genie\u00dfen k\u00f6nnen, bevor Sie zum Tefarerii-Aussichtspunkt weiterfahren, wo Sie ein atemberaubendes Panorama erwartet. Als N\u00e4chstes besuchen Sie das Dorf Faie, wo Sie die heiligen blau\u00e4ugigen Aale f\u00fcttern k\u00f6nnen. <\/p>\n<p class=\"my-0\">Steigen Sie in ein Motorkanu, um die Perlenfarm zu besichtigen, mehr \u00fcber die ber\u00fchmten Tahiti-Perlen zu erfahren und exquisite handgefertigte T\u00f6pferwaren zu bewundern. Weiter geht es nach Maeva, einem historischen Dorf mit alten Marae-Tempeln, traditionellen Fischfallen und einem wundersch\u00f6nen wei\u00dfen Sandstrand. <\/p>\n<p class=\"my-0\">Beenden Sie Ihre Tour mit einem Besuch im Vanilla House, gefolgt von einer Verkostung lokaler Rumsorten und Lik\u00f6re in der Huahine-Brennerei. Auf der Ganztagestour genie\u00dfen Sie ein traditionelles \u201eMa\u2019a Tahiti\u201d-Mittagessen und besuchen das arch\u00e4ologische Museum der Insel. <\/p>\n","protected":false},"excerpt":{"rendered":"<p><strong>\ud83d\ude99\ud83c\udf31 Entdecken Sie das wilde Herz von Huahine \ud83d\udc1a\u2600\ufe0f<\/strong><\/p>\n","protected":false},"featured_media":11201,"comment_status":"open","ping_status":"closed","template":"","meta":{"inline_featured_image":false},"country":[],"product_brand":[],"product_cat":[214],"product_tag":[230],"class_list":{"0":"post-11186","1":"product","2":"type-product","3":"status-publish","4":"has-post-thumbnail","6":"product_cat-aktivitaten","7":"product_tag-huahine-de","9":"first","10":"instock","11":"shipping-taxable","12":"purchasable","13":"product-type-simple"},"acf":[],"_links":{"self":[{"href":"https:\/\/stayinn.travel\/de\/wp-json\/wp\/v2\/product\/11186","targetHints":{"allow":["GET"]}}],"collection":[{"href":"https:\/\/stayinn.travel\/de\/wp-json\/wp\/v2\/product"}],"about":[{"href":"https:\/\/stayinn.travel\/de\/wp-json\/wp\/v2\/types\/product"}],"replies":[{"embeddable":true,"href":"https:\/\/stayinn.travel\/de\/wp-json\/wp\/v2\/comments?post=11186"}],"wp:featuredmedia":[{"embeddable":true,"href":"https:\/\/stayinn.travel\/de\/wp-json\/wp\/v2\/media\/11201"}],"wp:attachment":[{"href":"https:\/\/stayinn.travel\/de\/wp-json\/wp\/v2\/media?parent=11186"}],"wp:term":[{"taxonomy":"country","embeddable":true,"href":"https:\/\/stayinn.travel\/de\/wp-json\/wp\/v2\/country?post=11186"},{"taxonomy":"product_brand","embeddable":true,"href":"https:\/\/stayinn.travel\/de\/wp-json\/wp\/v2\/product_brand?post=11186"},{"taxonomy":"product_cat","embeddable":true,"href":"https:\/\/stayinn.travel\/de\/wp-json\/wp\/v2\/product_cat?post=11186"},{"taxonomy":"product_tag","embeddable":true,"href":"https:\/\/stayinn.travel\/de\/wp-json\/wp\/v2\/product_tag?post=11186"}],"curies":[{"name":"wp","href":"https:\/\/api.w.org\/{rel}","templated":true}]}}