{"id":11225,"date":"2025-06-07T00:50:07","date_gmt":"2025-06-07T00:50:07","guid":{"rendered":"https:\/\/stayinn.travel\/product\/tahaa-safari-im-gelaendewagen-mittagessen-mit-einheimischen-bootsfahrt-zum-korallengarten-8-stunden\/"},"modified":"2026-04-21T20:08:17","modified_gmt":"2026-04-21T20:08:17","slug":"tahaa-safari-im-gelaendewagen-mittagessen-mit-einheimischen-bootsfahrt-zum-korallengarten-8-stunden","status":"publish","type":"product","link":"https:\/\/stayinn.travel\/de\/product\/tahaa-safari-im-gelaendewagen-mittagessen-mit-einheimischen-bootsfahrt-zum-korallengarten-8-stunden\/","title":{"rendered":"TAHA&#8217;A \u2013 Safari im Gel\u00e4ndewagen + Mittagessen mit Einheimischen + Bootsfahrt zum Korallengarten \u2013 8 Stunden"},"content":{"rendered":"<p data-start=\"155\" data-end=\"432\">Entdecken Sie den Reichtum der Vanilleinsel bei diesem ganzt\u00e4gigen Erlebnis, das Land und Meer verbindet! Beginnen Sie mit einer kulturellen 4&#215;4-Safari-Tour durch Taha&#8217;a und erkunden Sie die Traditionen und typischen Produkte der Insel, wie tahitianische schwarze Perlen, Vanilleanbau und lokale Rumherstellung. <\/p>\n<p data-start=\"434\" data-end=\"653\">Setzen Sie Ihre Reise fort und genie\u00dfen Sie ein herzliches und authentisches Mittagessen mit Einheimischen in deren Zuhause. Genie\u00dfen Sie ein typisch polynesisches Essen, das mit viel Liebe zubereitet wurde, und nehmen Sie an herzlichen Gespr\u00e4chen teil, die Ihnen einen Einblick in das Inselleben bieten. <\/p>\n<p data-start=\"655\" data-end=\"919\">Am Nachmittag begeben Sie sich an Bord eines Bootes zu einer malerischen Fahrt zum ber\u00fchmten Korallengarten der Insel. Schwimmen Sie in kristallklarem Wasser zwischen bunten tropischen Fischen, anmutigen Stachelrochen und freundlichen Schwarzspitzenhaien an einem der sch\u00f6nsten Schnorchelpl\u00e4tze Franz\u00f6sisch-Polynesiens. <\/p>\n","protected":false},"excerpt":{"rendered":"<article class=\"text-token-text-primary w-full\" dir=\"auto\" data-testid=\"conversation-turn-694\" data-scroll-anchor=\"true\">\n<div class=\"text-base my-auto mx-auto py-5 [--thread-content-margin:--spacing(4)] @[37rem]:[--thread-content-margin:--spacing(6)] @[72rem]:[--thread-content-margin:--spacing(16)] px-(--thread-content-margin)\">\n<div class=\"[--thread-content-max-width:32rem] @[34rem]:[--thread-content-max-width:40rem] @[64rem]:[--thread-content-max-width:48rem] mx-auto flex max-w-(--thread-content-max-width) flex-1 text-base gap-4 md:gap-5 lg:gap-6 group\/turn-messages focus-visible:outline-hidden\" tabindex=\"-1\">\n<div class=\"group\/conversation-turn relative flex w-full min-w-0 flex-col agent-turn\">\n<div class=\"relative flex-col gap-1 md:gap-3\">\n<div class=\"flex max-w-full flex-col grow\">\n<div class=\"min-h-8 text-message relative flex w-full flex-col items-end gap-2 text-start break-words whitespace-normal [.text-message+&amp;]:mt-5\" dir=\"auto\" data-message-author-role=\"assistant\" data-message-id=\"5be8584d-9c0b-4368-bdcd-d0e20f46b326\" data-message-model-slug=\"gpt-4o\">\n<div class=\"flex w-full flex-col gap-1 empty:hidden first:pt-[3px]\">\n<div class=\"markdown prose dark:prose-invert w-full break-words light\">\n<p data-start=\"926\" data-end=\"1006\" data-is-last-node=\"\" data-is-only-node=\"\">\ud83c\udf3a\ud83d\ude99\ud83c\udf7d\ufe0fKultur, Gen\u00fcsse und Wunder der Lagune: das ultimative Abenteuer in Taha&#8217;a! \ud83d\udc20\ud83c\udf0a <\/p>\n<\/div>\n<\/div>\n<\/div>\n<\/div>\n<\/div>\n<div class=\"absolute\">\n<div class=\"flex items-center justify-center\"><\/div>\n<\/div>\n<\/div>\n<\/div>\n<\/div>\n<\/article>\n<div class=\"pointer-events-none h-px w-px\" aria-hidden=\"true\" data-edge=\"true\"><\/div>\n","protected":false},"featured_media":11134,"comment_status":"open","ping_status":"closed","template":"","meta":{"inline_featured_image":false},"country":[],"product_brand":[],"product_cat":[214],"product_tag":[229],"class_list":{"0":"post-11225","1":"product","2":"type-product","3":"status-publish","4":"has-post-thumbnail","6":"product_cat-aktivitaten","7":"product_tag-tahaa-de","9":"first","10":"instock","11":"shipping-taxable","12":"purchasable","13":"product-type-simple"},"acf":[],"_links":{"self":[{"href":"https:\/\/stayinn.travel\/de\/wp-json\/wp\/v2\/product\/11225","targetHints":{"allow":["GET"]}}],"collection":[{"href":"https:\/\/stayinn.travel\/de\/wp-json\/wp\/v2\/product"}],"about":[{"href":"https:\/\/stayinn.travel\/de\/wp-json\/wp\/v2\/types\/product"}],"replies":[{"embeddable":true,"href":"https:\/\/stayinn.travel\/de\/wp-json\/wp\/v2\/comments?post=11225"}],"wp:featuredmedia":[{"embeddable":true,"href":"https:\/\/stayinn.travel\/de\/wp-json\/wp\/v2\/media\/11134"}],"wp:attachment":[{"href":"https:\/\/stayinn.travel\/de\/wp-json\/wp\/v2\/media?parent=11225"}],"wp:term":[{"taxonomy":"country","embeddable":true,"href":"https:\/\/stayinn.travel\/de\/wp-json\/wp\/v2\/country?post=11225"},{"taxonomy":"product_brand","embeddable":true,"href":"https:\/\/stayinn.travel\/de\/wp-json\/wp\/v2\/product_brand?post=11225"},{"taxonomy":"product_cat","embeddable":true,"href":"https:\/\/stayinn.travel\/de\/wp-json\/wp\/v2\/product_cat?post=11225"},{"taxonomy":"product_tag","embeddable":true,"href":"https:\/\/stayinn.travel\/de\/wp-json\/wp\/v2\/product_tag?post=11225"}],"curies":[{"name":"wp","href":"https:\/\/api.w.org\/{rel}","templated":true}]}}