{"id":11262,"date":"2025-06-07T00:56:42","date_gmt":"2025-06-07T00:56:42","guid":{"rendered":"https:\/\/stayinn.travel\/product\/tahaa-quad-safari-jetski\/"},"modified":"2026-04-21T19:52:29","modified_gmt":"2026-04-21T19:52:29","slug":"tahaa-quad-safari-jetski","status":"publish","type":"product","link":"https:\/\/stayinn.travel\/de\/product\/tahaa-quad-safari-jetski\/","title":{"rendered":"TAHA&#8217;A \u2013 Quad-Safari &amp; Jetski"},"content":{"rendered":"<p data-start=\"93\" data-end=\"378\">Erleben Sie die perfekte Mischung aus Adrenalin und Entdeckungsfreude zu Land und zu Wasser w\u00e4hrend dieser aufregenden halbt\u00e4gigen Tour rund um die atemberaubende Insel Taha&#8217;a! Fahren Sie mit dem Jetski \u00fcber t\u00fcrkisfarbenes Wasser und erklimmen Sie anschlie\u00dfend mit dem Quad Bergpfade, um einige der atemberaubendsten Aussichtspunkte der Insel zu erreichen. <\/p>\n<p data-start=\"380\" data-end=\"635\">Beginnen Sie Ihren Morgen mit einem einst\u00fcndigen gef\u00fchrten Quad-Abenteuer, bei dem Sie die Insel \u00fcber die zentrale Stra\u00dfe \u00fcberqueren, um den Vaitoetoe-Pass zu erreichen, wo Sie einen atemberaubenden Ausblick genie\u00dfen und mehr \u00fcber die Geologie und Entstehung der Insel sowie der benachbarten Insel Raiatea erfahren.<\/p>\n<p data-start=\"637\" data-end=\"896\">Wechseln Sie anschlie\u00dfend mit einer einst\u00fcndigen Jet-Ski-Tour in den Wasser-Modus. Gleiten Sie \u00fcber die kristallklare Lagune von Haamene Bay zu den n\u00f6rdlichen Motus, vorbei am ber\u00fchmten Vahine Island Hotel, und genie\u00dfen Sie den Nervenkitzel, zwischen Korallenriffen und abgelegenen Inselchen zu navigieren. <\/p>\n<p data-start=\"898\" data-end=\"1084\">Beenden Sie Ihr Erlebnis mit einer erfrischenden Obst- und Saftverkostung in einem lokalen Souvenirladen, wo Sie einen herzlichen Moment mit freundlichen Einheimischen teilen und s\u00fc\u00dfe Erinnerungen an Taha&#8217;a mit nach Hause nehmen k\u00f6nnen.<\/p>\n<p>Preis f\u00fcr 2 Personen \/ 1 ATV &amp; Jetski<\/p>\n","protected":false},"excerpt":{"rendered":"<p><strong>\ud83c\udf0a\ud83c\udfdd\ufe0f\ud83d\udef5 Nervenkitzel an Land, Freiheit auf See \u2013 entdecken Sie Taha&#8217;a wie nie zuvor! \ud83c\udf4d\ud83c\udf3a <\/strong><\/p>\n","protected":false},"featured_media":11266,"comment_status":"open","ping_status":"closed","template":"","meta":{"inline_featured_image":false},"country":[],"product_brand":[],"product_cat":[214],"product_tag":[229],"class_list":{"0":"post-11262","1":"product","2":"type-product","3":"status-publish","4":"has-post-thumbnail","6":"product_cat-aktivitaten","7":"product_tag-tahaa-de","9":"first","10":"instock","11":"shipping-taxable","12":"purchasable","13":"product-type-simple"},"acf":[],"_links":{"self":[{"href":"https:\/\/stayinn.travel\/de\/wp-json\/wp\/v2\/product\/11262","targetHints":{"allow":["GET"]}}],"collection":[{"href":"https:\/\/stayinn.travel\/de\/wp-json\/wp\/v2\/product"}],"about":[{"href":"https:\/\/stayinn.travel\/de\/wp-json\/wp\/v2\/types\/product"}],"replies":[{"embeddable":true,"href":"https:\/\/stayinn.travel\/de\/wp-json\/wp\/v2\/comments?post=11262"}],"wp:featuredmedia":[{"embeddable":true,"href":"https:\/\/stayinn.travel\/de\/wp-json\/wp\/v2\/media\/11266"}],"wp:attachment":[{"href":"https:\/\/stayinn.travel\/de\/wp-json\/wp\/v2\/media?parent=11262"}],"wp:term":[{"taxonomy":"country","embeddable":true,"href":"https:\/\/stayinn.travel\/de\/wp-json\/wp\/v2\/country?post=11262"},{"taxonomy":"product_brand","embeddable":true,"href":"https:\/\/stayinn.travel\/de\/wp-json\/wp\/v2\/product_brand?post=11262"},{"taxonomy":"product_cat","embeddable":true,"href":"https:\/\/stayinn.travel\/de\/wp-json\/wp\/v2\/product_cat?post=11262"},{"taxonomy":"product_tag","embeddable":true,"href":"https:\/\/stayinn.travel\/de\/wp-json\/wp\/v2\/product_tag?post=11262"}],"curies":[{"name":"wp","href":"https:\/\/api.w.org\/{rel}","templated":true}]}}