{"id":11267,"date":"2025-05-23T01:13:07","date_gmt":"2025-05-23T01:13:07","guid":{"rendered":"https:\/\/stayinn.travel\/product\/huahine-traditionelle-piroge-mittagessen-auf-einem-motu-7-stunden\/"},"modified":"2026-04-21T20:41:39","modified_gmt":"2026-04-21T20:41:39","slug":"huahine-traditionelle-piroge-mittagessen-auf-einem-motu-7-stunden","status":"publish","type":"product","link":"https:\/\/stayinn.travel\/de\/product\/huahine-traditionelle-piroge-mittagessen-auf-einem-motu-7-stunden\/","title":{"rendered":"HUAHINE &#8211; Traditionelle Piroge &amp; Mittagessen auf einem Motu \u2013 7 Stunden"},"content":{"rendered":"<p class=\"my-0\">Begeben Sie sich an Bord eines traditionellen Kanus auf ein ganzt\u00e4giges Abenteuer durch die Lagune von Huahine und entdecken Sie die reiche Wasserflora und -fauna.<\/p>\n<p class=\"my-0\">Tauchen Sie ein in das warme, kristallklare Wasser, um beim Schnorcheln zwischen farbenpr\u00e4chtigen Koralleng\u00e4rten und nat\u00fcrlichen Aquarien die vielf\u00e4ltige Unterwasserwelt der Lagune zu bestaunen. Tauchen Sie ein in die Kultur und Geschichte der tahitianischen Perle und besuchen Sie die einzige Perlenfarm Polynesiens im Herzen der Lagune. <\/p>\n<p class=\"my-0\">Setzen Sie Ihre Reise zu einem familiengef\u00fchrten Motu fort, wo Sie ein k\u00f6stliches Mittagessen mit frischen, lokalen Aromen erwartet \u2013 ein echtes polynesisches Festmahl! Entspannen Sie sich am Strand und genie\u00dfen Sie die Sonne unter den sich im Wind wiegenden Kokospalmen, bevor Sie Ihre malerische Tour um die Insel fortsetzen. <\/p>\n","protected":false},"excerpt":{"rendered":"<p class=\"my-0\"><strong>\ud83c\udf0a\ud83e\udd3f Entdecken Sie die Lagune von Huahine,<\/strong><strong>Traditionen &amp; Aromen!\ud83c\udfdd\ufe0f\ud83e\udd65 <\/strong><\/p>\n","protected":false},"featured_media":11289,"comment_status":"open","ping_status":"closed","template":"","meta":{"inline_featured_image":false},"country":[],"product_brand":[],"product_cat":[214],"product_tag":[230],"class_list":{"0":"post-11267","1":"product","2":"type-product","3":"status-publish","4":"has-post-thumbnail","6":"product_cat-aktivitaten","7":"product_tag-huahine-de","9":"first","10":"instock","11":"shipping-taxable","12":"purchasable","13":"product-type-simple"},"acf":[],"_links":{"self":[{"href":"https:\/\/stayinn.travel\/de\/wp-json\/wp\/v2\/product\/11267","targetHints":{"allow":["GET"]}}],"collection":[{"href":"https:\/\/stayinn.travel\/de\/wp-json\/wp\/v2\/product"}],"about":[{"href":"https:\/\/stayinn.travel\/de\/wp-json\/wp\/v2\/types\/product"}],"replies":[{"embeddable":true,"href":"https:\/\/stayinn.travel\/de\/wp-json\/wp\/v2\/comments?post=11267"}],"wp:featuredmedia":[{"embeddable":true,"href":"https:\/\/stayinn.travel\/de\/wp-json\/wp\/v2\/media\/11289"}],"wp:attachment":[{"href":"https:\/\/stayinn.travel\/de\/wp-json\/wp\/v2\/media?parent=11267"}],"wp:term":[{"taxonomy":"country","embeddable":true,"href":"https:\/\/stayinn.travel\/de\/wp-json\/wp\/v2\/country?post=11267"},{"taxonomy":"product_brand","embeddable":true,"href":"https:\/\/stayinn.travel\/de\/wp-json\/wp\/v2\/product_brand?post=11267"},{"taxonomy":"product_cat","embeddable":true,"href":"https:\/\/stayinn.travel\/de\/wp-json\/wp\/v2\/product_cat?post=11267"},{"taxonomy":"product_tag","embeddable":true,"href":"https:\/\/stayinn.travel\/de\/wp-json\/wp\/v2\/product_tag?post=11267"}],"curies":[{"name":"wp","href":"https:\/\/api.w.org\/{rel}","templated":true}]}}