{"id":11306,"date":"2025-05-23T00:17:06","date_gmt":"2025-05-23T00:17:06","guid":{"rendered":"https:\/\/stayinn.travel\/product\/huahine-angeln-hochseefischen-2-stunden\/"},"modified":"2026-04-21T20:46:40","modified_gmt":"2026-04-21T20:46:40","slug":"huahine-angeln-hochseefischen-2-stunden","status":"publish","type":"product","link":"https:\/\/stayinn.travel\/de\/product\/huahine-angeln-hochseefischen-2-stunden\/","title":{"rendered":"HUAHINE &#8211; Angeln &amp; Hochseefischen \u2013 2 Stunden"},"content":{"rendered":"<p class=\"my-0\">Ihr Abenteuer beginnt mit der Abholung von Ihrer Unterkunft oder dem Yachthafen. Sie treffen Ihren Reiseleiter, der Ihnen hilft, sich auf dem voll ausgestatteten und sicheren Boot einzurichten, und Ihnen dann den Reiseverlauf erl\u00e4utert.. <\/p>\n<p class=\"my-0\">Ihr Reiseleiter informiert Sie \u00fcber die Fischarten, denen Sie begegnen k\u00f6nnten, und gibt Ihnen klare Anweisungen zur Verwendung Ihrer Angelausr\u00fcstung. W\u00e4hrend des gesamten Ausflugs vermittelt er Ihnen fachkundige Techniken und Tipps, damit Sie erfolgreich Fische fangen k\u00f6nnen. <\/p>\n<p class=\"my-0\">Am Ende der Tour werden Sie zum Ausgangspunkt zur\u00fcckgebracht, wo Sie Ihren wertvollen Fang mit nach Hause nehmen k\u00f6nnen!<\/p>\n<p class=\"my-0\">INKLUSIVE: Wasser und Saft in Flaschen<\/p>\n<p><strong>\u27a1\ufe0fPreis f\u00fcr 2 Personen <\/strong><\/p>\n","protected":false},"excerpt":{"rendered":"<p class=\"my-0\"><strong>\ud83c\udfa3 Fangen Sie den gro\u00dfen Fisch in Huahine! \ud83d\udc1f\ud83c\udf0a <\/strong><\/p>\n","protected":false},"featured_media":11307,"comment_status":"open","ping_status":"closed","template":"","meta":{"inline_featured_image":false},"country":[],"product_brand":[],"product_cat":[214],"product_tag":[230],"class_list":{"0":"post-11306","1":"product","2":"type-product","3":"status-publish","4":"has-post-thumbnail","6":"product_cat-aktivitaten","7":"product_tag-huahine-de","9":"first","10":"instock","11":"shipping-taxable","12":"purchasable","13":"product-type-simple"},"acf":[],"_links":{"self":[{"href":"https:\/\/stayinn.travel\/de\/wp-json\/wp\/v2\/product\/11306","targetHints":{"allow":["GET"]}}],"collection":[{"href":"https:\/\/stayinn.travel\/de\/wp-json\/wp\/v2\/product"}],"about":[{"href":"https:\/\/stayinn.travel\/de\/wp-json\/wp\/v2\/types\/product"}],"replies":[{"embeddable":true,"href":"https:\/\/stayinn.travel\/de\/wp-json\/wp\/v2\/comments?post=11306"}],"wp:featuredmedia":[{"embeddable":true,"href":"https:\/\/stayinn.travel\/de\/wp-json\/wp\/v2\/media\/11307"}],"wp:attachment":[{"href":"https:\/\/stayinn.travel\/de\/wp-json\/wp\/v2\/media?parent=11306"}],"wp:term":[{"taxonomy":"country","embeddable":true,"href":"https:\/\/stayinn.travel\/de\/wp-json\/wp\/v2\/country?post=11306"},{"taxonomy":"product_brand","embeddable":true,"href":"https:\/\/stayinn.travel\/de\/wp-json\/wp\/v2\/product_brand?post=11306"},{"taxonomy":"product_cat","embeddable":true,"href":"https:\/\/stayinn.travel\/de\/wp-json\/wp\/v2\/product_cat?post=11306"},{"taxonomy":"product_tag","embeddable":true,"href":"https:\/\/stayinn.travel\/de\/wp-json\/wp\/v2\/product_tag?post=11306"}],"curies":[{"name":"wp","href":"https:\/\/api.w.org\/{rel}","templated":true}]}}