{"id":11313,"date":"2025-06-11T03:22:40","date_gmt":"2025-06-11T03:22:40","guid":{"rendered":"https:\/\/stayinn.travel\/product\/fakarava-tetamanu-south-pass-pink-sands-adventure-8-stunden\/"},"modified":"2026-04-21T19:46:40","modified_gmt":"2026-04-21T19:46:40","slug":"fakarava-tetamanu-south-pass-pink-sands-adventure-8-stunden","status":"publish","type":"product","link":"https:\/\/stayinn.travel\/de\/product\/fakarava-tetamanu-south-pass-pink-sands-adventure-8-stunden\/","title":{"rendered":"FAKARAVA \u2013 Tetamanu South Pass &amp; Pink Sands Adventure \u2013 8 Stunden"},"content":{"rendered":"<p data-start=\"153\" data-end=\"450\">Begeben Sie sich auf einen unvergesslichen Ausflug in Fakarava, um die legend\u00e4re S\u00fcdpassage von Tetamanu zu erkunden. Steigen Sie an Bord eines Bootes und fahren Sie \u00fcber die kristallklare Lagune der Insel, um diesen au\u00dfergew\u00f6hnlichen Ort zu erreichen, der f\u00fcr seine atemberaubende marine Artenvielfalt bekannt ist und zum UNESCO-Biosph\u00e4renreservat erkl\u00e4rt wurde. <\/p>\n<p data-start=\"452\" data-end=\"656\">Tauchen Sie ein in ein nat\u00fcrliches Aquarium, in dem Haie, farbenpr\u00e4chtige tropische Fische und unber\u00fchrte Korallen gedeihen. Dieses Paradies f\u00fcr Taucher ist ber\u00fchmt f\u00fcr seine ikonische \u201eHaifischwand\u201c und zieht Meeresliebhaber aus aller Welt an. <\/p>\n<p data-start=\"658\" data-end=\"874\">Nach diesem faszinierenden Unterwassererlebnis genie\u00dfen Sie ein traditionelles polynesisches Mittagessen auf einem malerischen Motu in der N\u00e4he der ber\u00fchmten rosa Sandb\u00e4nke. Speisen Sie mit den F\u00fc\u00dfen im Sand, umgeben von einer Kulisse wie aus einem Bilderbuch. <\/p>\n<p data-start=\"876\" data-end=\"963\">Ein Tag voller Abenteuer, Wunder und Entspannung im Herzen der unber\u00fchrten Sch\u00f6nheit von Fakarava.<\/p>\n<p><iframe loading=\"lazy\" title=\"FAKARAVA - French Polynesia diving trip\" width=\"500\" height=\"281\" src=\"https:\/\/www.youtube.com\/embed\/UBEL7fiLZm0?feature=oembed\" frameborder=\"0\" allow=\"accelerometer; autoplay; clipboard-write; encrypted-media; gyroscope; picture-in-picture; web-share\" referrerpolicy=\"strict-origin-when-cross-origin\" allowfullscreen><\/iframe><\/p>\n","protected":false},"excerpt":{"rendered":"<article class=\"text-token-text-primary w-full\" dir=\"auto\" data-testid=\"conversation-turn-704\" data-scroll-anchor=\"true\">\n<div class=\"text-base my-auto mx-auto py-5 [--thread-content-margin:--spacing(4)] @[37rem]:[--thread-content-margin:--spacing(6)] @[72rem]:[--thread-content-margin:--spacing(16)] px-(--thread-content-margin)\">\n<div class=\"[--thread-content-max-width:32rem] @[34rem]:[--thread-content-max-width:40rem] @[64rem]:[--thread-content-max-width:48rem] mx-auto flex max-w-(--thread-content-max-width) flex-1 text-base gap-4 md:gap-5 lg:gap-6 group\/turn-messages focus-visible:outline-hidden\" tabindex=\"-1\">\n<div class=\"group\/conversation-turn relative flex w-full min-w-0 flex-col agent-turn\">\n<div class=\"relative flex-col gap-1 md:gap-3\">\n<div class=\"flex max-w-full flex-col grow\">\n<div class=\"min-h-8 text-message relative flex w-full flex-col items-end gap-2 text-start break-words whitespace-normal [.text-message+&amp;]:mt-5\" dir=\"auto\" data-message-author-role=\"assistant\" data-message-id=\"e530e5b9-f448-4ba4-b6dd-6a23e7b2a594\" data-message-model-slug=\"gpt-4o\">\n<div class=\"flex w-full flex-col gap-1 empty:hidden first:pt-[3px]\">\n<div class=\"markdown prose dark:prose-invert w-full break-words dark\">\n<p data-start=\"970\" data-end=\"1031\" data-is-last-node=\"\" data-is-only-node=\"\">\ud83c\udf0a\ud83d\udc20 Haie, Korallen und rosa Sand: Tauchen Sie ein in ein Paradies, das zum UNESCO-Weltkulturerbe geh\u00f6rt!\ud83c\udf38\u26f5<\/p>\n<article class=\"text-token-text-primary w-full\" dir=\"auto\" data-testid=\"conversation-turn-704\" data-scroll-anchor=\"true\">\n<div class=\"text-base my-auto mx-auto py-5 [--thread-content-margin:--spacing(4)] @[37rem]:[--thread-content-margin:--spacing(6)] @[72rem]:[--thread-content-margin:--spacing(16)] px-(--thread-content-margin)\">\n<div class=\"[--thread-content-max-width:32rem] @[34rem]:[--thread-content-max-width:40rem] @[64rem]:[--thread-content-max-width:48rem] mx-auto flex max-w-(--thread-content-max-width) flex-1 text-base gap-4 md:gap-5 lg:gap-6 group\/turn-messages focus-visible:outline-hidden\" tabindex=\"-1\">\n<div class=\"group\/conversation-turn relative flex w-full min-w-0 flex-col agent-turn\">\n<div class=\"relative flex-col gap-1 md:gap-3\">\n<div class=\"mt-3 w-full empty:hidden\"><\/div>\n<\/div>\n<\/div>\n<\/div>\n<\/div>\n<\/article>\n<\/div>\n<\/div>\n<\/div>\n<\/div>\n<\/div>\n<\/div>\n<\/div>\n<\/div>\n<\/article>\n<div class=\"pointer-events-none h-px w-px\" aria-hidden=\"true\" data-edge=\"true\"><\/div>\n","protected":false},"featured_media":2548,"comment_status":"open","ping_status":"closed","template":"","meta":{"inline_featured_image":false},"country":[],"product_brand":[],"product_cat":[214],"product_tag":[233],"class_list":{"0":"post-11313","1":"product","2":"type-product","3":"status-publish","4":"has-post-thumbnail","6":"product_cat-aktivitaten","7":"product_tag-fakarava-de","9":"first","10":"instock","11":"shipping-taxable","12":"purchasable","13":"product-type-simple"},"acf":[],"_links":{"self":[{"href":"https:\/\/stayinn.travel\/de\/wp-json\/wp\/v2\/product\/11313","targetHints":{"allow":["GET"]}}],"collection":[{"href":"https:\/\/stayinn.travel\/de\/wp-json\/wp\/v2\/product"}],"about":[{"href":"https:\/\/stayinn.travel\/de\/wp-json\/wp\/v2\/types\/product"}],"replies":[{"embeddable":true,"href":"https:\/\/stayinn.travel\/de\/wp-json\/wp\/v2\/comments?post=11313"}],"wp:featuredmedia":[{"embeddable":true,"href":"https:\/\/stayinn.travel\/de\/wp-json\/wp\/v2\/media\/2548"}],"wp:attachment":[{"href":"https:\/\/stayinn.travel\/de\/wp-json\/wp\/v2\/media?parent=11313"}],"wp:term":[{"taxonomy":"country","embeddable":true,"href":"https:\/\/stayinn.travel\/de\/wp-json\/wp\/v2\/country?post=11313"},{"taxonomy":"product_brand","embeddable":true,"href":"https:\/\/stayinn.travel\/de\/wp-json\/wp\/v2\/product_brand?post=11313"},{"taxonomy":"product_cat","embeddable":true,"href":"https:\/\/stayinn.travel\/de\/wp-json\/wp\/v2\/product_cat?post=11313"},{"taxonomy":"product_tag","embeddable":true,"href":"https:\/\/stayinn.travel\/de\/wp-json\/wp\/v2\/product_tag?post=11313"}],"curies":[{"name":"wp","href":"https:\/\/api.w.org\/{rel}","templated":true}]}}