{"id":11413,"date":"2025-05-23T00:16:09","date_gmt":"2025-05-23T00:16:09","guid":{"rendered":"https:\/\/stayinn.travel\/product\/huahine-jetski-2-stunden-45-minuten\/"},"modified":"2026-04-21T20:56:58","modified_gmt":"2026-04-21T20:56:58","slug":"huahine-jetski-2-stunden-45-minuten","status":"publish","type":"product","link":"https:\/\/stayinn.travel\/de\/product\/huahine-jetski-2-stunden-45-minuten\/","title":{"rendered":"HUAHINE &#8211; Jetski \u2013 2 Stunden 45 Minuten"},"content":{"rendered":"<p class=\"my-0\">Erleben Sie ein unvergessliches Abenteuer und erkunden Sie die Lagune von Huahine mit dem Jetski!<br \/>\nBegleitet von einem erfahrenen zweisprachigen Reisef\u00fchrer begeben Sie sich auf eine 2 Stunden und 45 Minuten lange Reise durch paradiesische Landschaften und t\u00fcrkisfarbenes Wasser.<\/p>\n<p class=\"my-0\">Lassen Sie sich bei Ihrer Fahrt durch die Lagune von der wilden Sch\u00f6nheit und den atemberaubenden Panoramen Huahines verzaubern.<br \/>\nEin Stopp an einer Sandbank bietet Ihnen einen Moment der Entspannung und ein erfrischendes Bad in einer Kulisse wie aus dem Bilderbuch. Nutzen Sie diese Gelegenheit, um den Moment mit einer Fotosession im Herzen der Lagune festzuhalten. <\/p>\n<p class=\"my-0\">Die Exkursion geht weiter mit einer Tour durch Huahine Iti, bei der Sie die Insel aus einer neuen Perspektive bewundern und die Ruhe dieser unber\u00fchrten polynesischen Ecke genie\u00dfen k\u00f6nnen.<\/p>\n<p class=\"my-0\"><strong>INKLUSIVE : <\/strong>1 Jetski \/ 2 Personen + Neoprenanzug, Flossen, Maske und Schnorchel, Snacks und alkoholfreie Getr\u00e4nke<\/p>\n","protected":false},"excerpt":{"rendered":"<p><strong>\ud83c\udf0a\ud83c\udf1f Dieser Ausflug verbindet Adrenalin, Entdeckungen und Staunen \u2013 die perfekte Art, Huahine einmal anders zu erkunden.\ud83d\udea4\ud83d\ude80<\/strong><\/p>\n","protected":false},"featured_media":11426,"comment_status":"open","ping_status":"closed","template":"","meta":{"inline_featured_image":false},"country":[],"product_brand":[],"product_cat":[214],"product_tag":[230],"class_list":{"0":"post-11413","1":"product","2":"type-product","3":"status-publish","4":"has-post-thumbnail","6":"product_cat-aktivitaten","7":"product_tag-huahine-de","9":"first","10":"instock","11":"shipping-taxable","12":"purchasable","13":"product-type-simple"},"acf":[],"_links":{"self":[{"href":"https:\/\/stayinn.travel\/de\/wp-json\/wp\/v2\/product\/11413","targetHints":{"allow":["GET"]}}],"collection":[{"href":"https:\/\/stayinn.travel\/de\/wp-json\/wp\/v2\/product"}],"about":[{"href":"https:\/\/stayinn.travel\/de\/wp-json\/wp\/v2\/types\/product"}],"replies":[{"embeddable":true,"href":"https:\/\/stayinn.travel\/de\/wp-json\/wp\/v2\/comments?post=11413"}],"wp:featuredmedia":[{"embeddable":true,"href":"https:\/\/stayinn.travel\/de\/wp-json\/wp\/v2\/media\/11426"}],"wp:attachment":[{"href":"https:\/\/stayinn.travel\/de\/wp-json\/wp\/v2\/media?parent=11413"}],"wp:term":[{"taxonomy":"country","embeddable":true,"href":"https:\/\/stayinn.travel\/de\/wp-json\/wp\/v2\/country?post=11413"},{"taxonomy":"product_brand","embeddable":true,"href":"https:\/\/stayinn.travel\/de\/wp-json\/wp\/v2\/product_brand?post=11413"},{"taxonomy":"product_cat","embeddable":true,"href":"https:\/\/stayinn.travel\/de\/wp-json\/wp\/v2\/product_cat?post=11413"},{"taxonomy":"product_tag","embeddable":true,"href":"https:\/\/stayinn.travel\/de\/wp-json\/wp\/v2\/product_tag?post=11413"}],"curies":[{"name":"wp","href":"https:\/\/api.w.org\/{rel}","templated":true}]}}