{"id":11506,"date":"2025-05-22T23:21:20","date_gmt":"2025-05-22T23:21:20","guid":{"rendered":"https:\/\/stayinn.travel\/product\/bora-bora-hubschrauberflug-shades-of-blue-20-minuten\/"},"modified":"2026-04-21T21:07:51","modified_gmt":"2026-04-21T21:07:51","slug":"bora-bora-hubschrauberflug-shades-of-blue-20-minuten","status":"publish","type":"product","link":"https:\/\/stayinn.travel\/de\/product\/bora-bora-hubschrauberflug-shades-of-blue-20-minuten\/","title":{"rendered":"BORA BORA \u2013 Hubschrauberflug &#8220; Shades of Blue \u201c \u2013 20 Minuten"},"content":{"rendered":"<p>Fliegen Sie \u00fcber die Insel und entdecken Sie eine der sch\u00f6nsten Lagunen der Welt! Ihr Pilot stellt Ihnen ein Headset und ein Mikrofon zur Verf\u00fcgung, damit Sie kommunizieren und seinen Kommentaren lauschen k\u00f6nnen. \u201eShades of Blue\u201d bietet Ihnen atemberaubende Landschaften von Bora Bora.  <\/p>\n<p>&nbsp;<\/p>\n<p>&nbsp;<\/p>\n","protected":false},"excerpt":{"rendered":"<p><strong>Fliegen Sie \u00fcber das Paradies in Bora Bora! \u2708\ufe0f\ud83c\udfdd\ufe0f\ud83d\udc99 <\/strong><\/p>\n","protected":false},"featured_media":2418,"comment_status":"open","ping_status":"closed","template":"","meta":{"inline_featured_image":false},"country":[],"product_brand":[],"product_cat":[214],"product_tag":[234],"class_list":{"0":"post-11506","1":"product","2":"type-product","3":"status-publish","4":"has-post-thumbnail","6":"product_cat-aktivitaten","7":"product_tag-bora-bora-de","9":"first","10":"instock","11":"shipping-taxable","12":"purchasable","13":"product-type-simple"},"acf":[],"_links":{"self":[{"href":"https:\/\/stayinn.travel\/de\/wp-json\/wp\/v2\/product\/11506","targetHints":{"allow":["GET"]}}],"collection":[{"href":"https:\/\/stayinn.travel\/de\/wp-json\/wp\/v2\/product"}],"about":[{"href":"https:\/\/stayinn.travel\/de\/wp-json\/wp\/v2\/types\/product"}],"replies":[{"embeddable":true,"href":"https:\/\/stayinn.travel\/de\/wp-json\/wp\/v2\/comments?post=11506"}],"wp:featuredmedia":[{"embeddable":true,"href":"https:\/\/stayinn.travel\/de\/wp-json\/wp\/v2\/media\/2418"}],"wp:attachment":[{"href":"https:\/\/stayinn.travel\/de\/wp-json\/wp\/v2\/media?parent=11506"}],"wp:term":[{"taxonomy":"country","embeddable":true,"href":"https:\/\/stayinn.travel\/de\/wp-json\/wp\/v2\/country?post=11506"},{"taxonomy":"product_brand","embeddable":true,"href":"https:\/\/stayinn.travel\/de\/wp-json\/wp\/v2\/product_brand?post=11506"},{"taxonomy":"product_cat","embeddable":true,"href":"https:\/\/stayinn.travel\/de\/wp-json\/wp\/v2\/product_cat?post=11506"},{"taxonomy":"product_tag","embeddable":true,"href":"https:\/\/stayinn.travel\/de\/wp-json\/wp\/v2\/product_tag?post=11506"}],"curies":[{"name":"wp","href":"https:\/\/api.w.org\/{rel}","templated":true}]}}