{"id":11569,"date":"2025-05-22T23:01:08","date_gmt":"2025-05-22T23:01:08","guid":{"rendered":"https:\/\/stayinn.travel\/product\/moorea-tauchen\/"},"modified":"2026-04-21T21:15:58","modified_gmt":"2026-04-21T21:15:58","slug":"moorea-tauchen","status":"publish","type":"product","link":"https:\/\/stayinn.travel\/de\/product\/moorea-tauchen\/","title":{"rendered":"MOOREA &#8211; Tauchen"},"content":{"rendered":"<p>Polynesien ist ein Paradies f\u00fcr Taucher und zweifellos DAS Reiseziel, um mit dem Tauchen zu beginnen. Ob Sie Anf\u00e4nger oder erfahrener Taucher sind, verpassen Sie nicht die Gelegenheit, einen ersten Tauchgang an diesem legend\u00e4ren Ort zu genie\u00dfen, wo Lagunen in Hunderten von Blaut\u00f6nen schimmern und eine unglaubliche Unterwasserwelt beherbergen! Sobald Sie am Tauchplatz angekommen sind, ziehen Sie Ihre Tarierweste an, setzen sich an den Rand und z\u00e4hlen bis drei, bevor Sie in eine andere Welt eintauchen! <\/p>\n<h3 data-start=\"171\" data-end=\"229\">F\u00fcr Schnuppertauchen (Discover Scuba Dive):<\/h3>\n<p>Jeden Nachmittag um 13:30 Uhr begeben Sie sich zum <strong data-start=\"262\" data-end=\"286\">Aquarium of Papetoai<\/strong>, Ein au\u00dfergew\u00f6hnlicher Tauchplatz, der f\u00fcr seine leuchtenden Korallenfarben und die Tausenden von tropischen Fischen bekannt ist, die in seinen nur 6 Meter tiefen Gew\u00e4ssern leben.<br data-start=\"448\" data-end=\"451\">Mit etwas Gl\u00fcck begegnen Sie bei Ihrem ersten Unterwassererlebnis vielleicht sogar einer anmutigen Meeresschildkr\u00f6te.<br data-start=\"567\" data-end=\"570\">Unsere staatlich gepr\u00fcften Tauchlehrer sorgen daf\u00fcr, dass Ihre ersten 35 Minuten unter Wasser sicher, entspannt und einfach unvergesslich werden.<\/p>\n<p>&nbsp;<\/p>\n<h3 data-start=\"137\" data-end=\"170\">F\u00fcr Erkundungstauchg\u00e4nge:<\/h3>\n<p data-start=\"172\" data-end=\"596\">\ud83d\udd57 8:00 Uhr \u2013 Tauchg\u00e4nge im Meer<br data-start=\"200\" data-end=\"203\">Jeden Morgen um 8:00 Uhr brechen wir zu zwei Erkundungstauchg\u00e4ngen entlang des atemberaubenden Au\u00dfenriffs von Moorea auf.<br data-start=\"311\" data-end=\"314\">Der erste Tauchgang konzentriert sich in der Regel auf Begegnungen mit Zitronenhaien, w\u00e4hrend beim zweiten Tauchgang Meeresschildkr\u00f6ten und die verborgenen Sch\u00e4tze des Riffs erkundet werden. <br data-start=\"458\" data-end=\"461\">\ud83d\udd5d<strong data-start=\"603\" data-end=\"639\"> 13:30 Uhr \u2013 Lagune\/Ozean-Tauchgang<\/strong><br data-start=\"639\" data-end=\"642\">Um 14:00 Uhr k\u00f6nnen Sie mit mindestens 4 Tauchern einen Erkundungstauchgang an einem Ort Ihrer Wahl unternehmen.<br data-start=\"747\" data-end=\"750\">T\u00e4glich werden auch Str\u00f6mungstauchg\u00e4nge in der Lagune angeboten, die sich perfekt eignen, um ein v\u00f6llig anderes Meeres\u00f6kosystem und die eleganten Leopardenrochen im ber\u00fchmten \u201eRay Corridor\u201d zu entdecken.<\/p>\n<p>\ud83c\udf05 <strong data-start=\"934\" data-end=\"962\">16:00 Uhr \u2013 Sonnenuntergangstauchgang<\/strong><br data-start=\"962\" data-end=\"965\">Je nach Jahreszeit erfolgt die Abfahrt gegen 16:00 Uhr.<br data-start=\"1018\" data-end=\"1021\">Erleben Sie den magischen Wandel des Riffs in der Abendd\u00e4mmerung \u2013 beobachten Sie das Laichen von Doktorfischen und Papageienfischen, beobachten Sie faszinierende Verhaltens\u00e4nderungen und genie\u00dfen Sie die einzigartige Atmosph\u00e4re, die durch das Licht der goldenen Stunde entsteht.<br data-start=\"1233\" data-end=\"1236\">Bei Ihrer R\u00fcckkehr erwartet Sie ein erfrischender Cocktail (ca. 2-st\u00fcndiger Ausflug). Mindestens 4 Taucher. <\/p>\n<p>\ud83c\udf19 <strong data-start=\"1342\" data-end=\"1369\">17:30 Uhr \u2013 Nachttauchgang<\/strong><br data-start=\"1369\" data-end=\"1372\">Entdecken Sie den Nervenkitzel des Nachttauchens, bei dem eine v\u00f6llig andere Unterwasserwelt zum Leben erwacht. Erkunden Sie den Riffhang in v\u00f6lliger Ruhe und beobachten Sie, wie die n\u00e4chtliche Artenvielfalt zum Leben erwacht.<br data-start=\"1563\" data-end=\"1566\">Nach dem Tauchgang erwartet Sie ein erfrischender Cocktail. Dauer: ca. 2 Stunden. Mindestens 4 Taucher.    <\/p>\n<p>&nbsp;<\/p>\n","protected":false},"excerpt":{"rendered":"<p class=\"my-0\"><strong>\ud83d\udca6 \ud83e\udd88Tauchen Sie ein in das Blau von Moorea! \ud83d\udc22\ud83e\udd3f <\/strong><\/p>\n","protected":false},"featured_media":11570,"comment_status":"open","ping_status":"closed","template":"","meta":{"inline_featured_image":false},"country":[],"product_brand":[],"product_cat":[214],"product_tag":[237],"class_list":{"0":"post-11569","1":"product","2":"type-product","3":"status-publish","4":"has-post-thumbnail","6":"product_cat-aktivitaten","7":"product_tag-moorea-de","9":"first","10":"instock","11":"shipping-taxable","12":"purchasable","13":"product-type-simple"},"acf":[],"_links":{"self":[{"href":"https:\/\/stayinn.travel\/de\/wp-json\/wp\/v2\/product\/11569","targetHints":{"allow":["GET"]}}],"collection":[{"href":"https:\/\/stayinn.travel\/de\/wp-json\/wp\/v2\/product"}],"about":[{"href":"https:\/\/stayinn.travel\/de\/wp-json\/wp\/v2\/types\/product"}],"replies":[{"embeddable":true,"href":"https:\/\/stayinn.travel\/de\/wp-json\/wp\/v2\/comments?post=11569"}],"wp:featuredmedia":[{"embeddable":true,"href":"https:\/\/stayinn.travel\/de\/wp-json\/wp\/v2\/media\/11570"}],"wp:attachment":[{"href":"https:\/\/stayinn.travel\/de\/wp-json\/wp\/v2\/media?parent=11569"}],"wp:term":[{"taxonomy":"country","embeddable":true,"href":"https:\/\/stayinn.travel\/de\/wp-json\/wp\/v2\/country?post=11569"},{"taxonomy":"product_brand","embeddable":true,"href":"https:\/\/stayinn.travel\/de\/wp-json\/wp\/v2\/product_brand?post=11569"},{"taxonomy":"product_cat","embeddable":true,"href":"https:\/\/stayinn.travel\/de\/wp-json\/wp\/v2\/product_cat?post=11569"},{"taxonomy":"product_tag","embeddable":true,"href":"https:\/\/stayinn.travel\/de\/wp-json\/wp\/v2\/product_tag?post=11569"}],"curies":[{"name":"wp","href":"https:\/\/api.w.org\/{rel}","templated":true}]}}