{"id":11588,"date":"2025-05-15T00:57:55","date_gmt":"2025-05-15T00:57:55","guid":{"rendered":"https:\/\/stayinn.travel\/product\/moorea-hubschrauberflug-der-flug-der-meuterei-auf-der-bounty-ab-moorea-45-minuten\/"},"modified":"2026-04-23T18:46:15","modified_gmt":"2026-04-23T18:46:15","slug":"moorea-hubschrauberflug-der-flug-der-meuterei-auf-der-bounty-ab-moorea-45-minuten","status":"publish","type":"product","link":"https:\/\/stayinn.travel\/de\/product\/moorea-hubschrauberflug-der-flug-der-meuterei-auf-der-bounty-ab-moorea-45-minuten\/","title":{"rendered":"MOOREA \u2013 Hubschrauberflug \u201eDer Flug der Meuterei auf der Bounty \u2013 ab Moorea\u201c \u2013 45 Minuten"},"content":{"rendered":"<p class=\"\" data-start=\"96\" data-end=\"332\">Heben Sie ab in den polynesischen Himmel und genie\u00dfen Sie sofort einen atemberaubenden Panoramablick auf Tahiti. Entdecken Sie auf dieser unvergesslichen Reise die sch\u00f6nsten Landschaften der Insel. <\/p>\n<p class=\"\" data-start=\"334\" data-end=\"512\">Fliegen Sie \u00fcber die t\u00fcrkisfarbene Lagune von Punaauia, bevor Sie in das \u00fcppig gr\u00fcne Punaruu-Tal eintauchen und \u00fcber das legend\u00e4re Plateau der Orangen schweben \u2013 ein Ort, der reich an polynesischer Tradition ist.<\/p>\n<p class=\"\" data-start=\"514\" data-end=\"773\">Begeben Sie sich dann ins Herz der Insel und bestaunen Sie den majest\u00e4tischen Krater von Tahiti. Gleiten Sie durch das abgelegene Maroto-Tal und bewundern Sie seine unz\u00e4hligen Wasserf\u00e4lle, bevor Sie den Mount Orohena erreichen \u2013 mit 2.241 Metern der h\u00f6chste Gipfel Franz\u00f6sisch-Polynesiens. <\/p>\n<p class=\"\" data-start=\"775\" data-end=\"1047\">Am Horizont k\u00f6nnen Sie den historischen Leuchtturm Venus Point Lighthouse erkennen. Bevor Sie \u00fcber Papeete zur\u00fcckkehren, bewundern Sie den ikonischen Berg Diad\u00e8me und den beeindruckenden Wasserfall Fautaua. Beenden Sie Ihr Abenteuer mit einem Rundflug zur\u00fcck nach Moorea, dessen Panoramablick Sie sprachlos machen wird.  <\/p>\n","protected":false},"excerpt":{"rendered":"<p class=\"\" data-start=\"54\" data-end=\"124\"><strong data-start=\"54\" data-end=\"124\">\ud83c\udf0b\u2708\ufe0f Vom Krater zum Gipfel \u2013 fliegen Sie \u00fcber Tahitis verborgene Wunder \ud83c\udf3f\ud83c\udf0a<\/strong><\/p>\n<p class=\"\" data-start=\"126\" data-end=\"232\">\n","protected":false},"featured_media":1623,"comment_status":"open","ping_status":"closed","template":"","meta":{"inline_featured_image":false},"country":[],"product_brand":[],"product_cat":[214],"product_tag":[237],"class_list":{"0":"post-11588","1":"product","2":"type-product","3":"status-publish","4":"has-post-thumbnail","6":"product_cat-aktivitaten","7":"product_tag-moorea-de","9":"first","10":"instock","11":"shipping-taxable","12":"purchasable","13":"product-type-simple"},"acf":[],"_links":{"self":[{"href":"https:\/\/stayinn.travel\/de\/wp-json\/wp\/v2\/product\/11588","targetHints":{"allow":["GET"]}}],"collection":[{"href":"https:\/\/stayinn.travel\/de\/wp-json\/wp\/v2\/product"}],"about":[{"href":"https:\/\/stayinn.travel\/de\/wp-json\/wp\/v2\/types\/product"}],"replies":[{"embeddable":true,"href":"https:\/\/stayinn.travel\/de\/wp-json\/wp\/v2\/comments?post=11588"}],"wp:featuredmedia":[{"embeddable":true,"href":"https:\/\/stayinn.travel\/de\/wp-json\/wp\/v2\/media\/1623"}],"wp:attachment":[{"href":"https:\/\/stayinn.travel\/de\/wp-json\/wp\/v2\/media?parent=11588"}],"wp:term":[{"taxonomy":"country","embeddable":true,"href":"https:\/\/stayinn.travel\/de\/wp-json\/wp\/v2\/country?post=11588"},{"taxonomy":"product_brand","embeddable":true,"href":"https:\/\/stayinn.travel\/de\/wp-json\/wp\/v2\/product_brand?post=11588"},{"taxonomy":"product_cat","embeddable":true,"href":"https:\/\/stayinn.travel\/de\/wp-json\/wp\/v2\/product_cat?post=11588"},{"taxonomy":"product_tag","embeddable":true,"href":"https:\/\/stayinn.travel\/de\/wp-json\/wp\/v2\/product_tag?post=11588"}],"curies":[{"name":"wp","href":"https:\/\/api.w.org\/{rel}","templated":true}]}}