{"id":11659,"date":"2025-05-15T01:54:02","date_gmt":"2025-05-15T01:54:02","guid":{"rendered":"https:\/\/stayinn.travel\/product\/raiatea-entdeckung-der-lagune-von-tahaa-mit-der-piroge-von-raiatea-aus-8-stunden\/"},"modified":"2026-04-23T18:22:54","modified_gmt":"2026-04-23T18:22:54","slug":"raiatea-entdeckung-der-lagune-von-tahaa-mit-der-piroge-von-raiatea-aus-8-stunden","status":"publish","type":"product","link":"https:\/\/stayinn.travel\/de\/product\/raiatea-entdeckung-der-lagune-von-tahaa-mit-der-piroge-von-raiatea-aus-8-stunden\/","title":{"rendered":"RAIATEA \u2013 Entdeckung der Lagune von Taha&#8217;a mit der Piroge von Raiatea aus \u2013 8 Stunden"},"content":{"rendered":"<p class=\"\" data-start=\"114\" data-end=\"331\">Entdecken Sie die Insel Taha&#8217;a, die weltweit f\u00fcr ihre Vanille bekannt ist, auf einer ganzt\u00e4gigen Tour, die kulturelle Erlebnisse, atemberaubende Landschaften, Schwimmen und Schnorcheln in einigen der sch\u00f6nsten Koralleng\u00e4rten der Welt vereint.<\/p>\n<p class=\"\" data-start=\"333\" data-end=\"586\">Begeben Sie sich an Bord eines ger\u00e4umigen, komfortablen Kanus mit privaten Loungebereichen und bestaunen Sie die wilde K\u00fcste dieser authentischen und unber\u00fchrten Insel. Besuchen Sie eine Vanilleplantage, eine Perlenfarm, eine Rumdestillerie, die ber\u00fchmten \u00dcberwasser-Bungalows und atemberaubende Motus mit wei\u00dfem Sandstrand. <\/p>\n<p class=\"\" data-start=\"588\" data-end=\"810\">Genie\u00dfen Sie ein traditionelles polynesisches Mittagessen in einem versteckten Paradies. Entspannen Sie sich auf dem Trampolinnetz \u00fcber der t\u00fcrkisfarbenen Lagune und genie\u00dfen Sie die unglaubliche Aussicht. Lassen Sie sich von diesem einzigartigen Erlebnis abseits der ausgetretenen Pfade verzaubern!  <\/p>\n<p class=\"\" data-start=\"812\" data-end=\"935\">INKLUSIVE: Mittagessen, Schnorchelausr\u00fcstung (Maske und Schnorchel), frische Obstsnacks, Getr\u00e4nke (Wasser, Saft, Kokosnusswasser, Limonade)<\/p>\n","protected":false},"excerpt":{"rendered":"<p><strong>Entdecken Sie Taha&#8217;a \ud83c\udf3f \u2013 ber\u00fchmt f\u00fcr seine Vanille \ud83c\udf38, wundersch\u00f6nen Koralleng\u00e4rten \ud83d\udc20 und Perlenfarmen \ud83e\uddaa! Schwimmen, schnorcheln und entspannen Sie sich im Paradies \ud83c\udfdd\ufe0f\ud83d\udea3\u200d\u2642\ufe0f\u2728 <\/strong><\/p>\n","protected":false},"featured_media":1819,"comment_status":"open","ping_status":"closed","template":"","meta":{"inline_featured_image":false},"country":[],"product_brand":[],"product_cat":[214],"product_tag":[239],"class_list":{"0":"post-11659","1":"product","2":"type-product","3":"status-publish","4":"has-post-thumbnail","6":"product_cat-aktivitaten","7":"product_tag-raiatea-de","9":"first","10":"instock","11":"shipping-taxable","12":"purchasable","13":"product-type-simple"},"acf":[],"_links":{"self":[{"href":"https:\/\/stayinn.travel\/de\/wp-json\/wp\/v2\/product\/11659","targetHints":{"allow":["GET"]}}],"collection":[{"href":"https:\/\/stayinn.travel\/de\/wp-json\/wp\/v2\/product"}],"about":[{"href":"https:\/\/stayinn.travel\/de\/wp-json\/wp\/v2\/types\/product"}],"replies":[{"embeddable":true,"href":"https:\/\/stayinn.travel\/de\/wp-json\/wp\/v2\/comments?post=11659"}],"wp:featuredmedia":[{"embeddable":true,"href":"https:\/\/stayinn.travel\/de\/wp-json\/wp\/v2\/media\/1819"}],"wp:attachment":[{"href":"https:\/\/stayinn.travel\/de\/wp-json\/wp\/v2\/media?parent=11659"}],"wp:term":[{"taxonomy":"country","embeddable":true,"href":"https:\/\/stayinn.travel\/de\/wp-json\/wp\/v2\/country?post=11659"},{"taxonomy":"product_brand","embeddable":true,"href":"https:\/\/stayinn.travel\/de\/wp-json\/wp\/v2\/product_brand?post=11659"},{"taxonomy":"product_cat","embeddable":true,"href":"https:\/\/stayinn.travel\/de\/wp-json\/wp\/v2\/product_cat?post=11659"},{"taxonomy":"product_tag","embeddable":true,"href":"https:\/\/stayinn.travel\/de\/wp-json\/wp\/v2\/product_tag?post=11659"}],"curies":[{"name":"wp","href":"https:\/\/api.w.org\/{rel}","templated":true}]}}