{"id":11729,"date":"2025-05-22T21:59:46","date_gmt":"2025-05-22T21:59:46","guid":{"rendered":"https:\/\/stayinn.travel\/product\/bora-bora-private-pontonboot-exkursion-6-stunden\/"},"modified":"2026-04-21T21:25:44","modified_gmt":"2026-04-21T21:25:44","slug":"bora-bora-private-pontonboot-exkursion-6-stunden","status":"publish","type":"product","link":"https:\/\/stayinn.travel\/de\/product\/bora-bora-private-pontonboot-exkursion-6-stunden\/","title":{"rendered":"BORA BORA &#8211; Private Pontonboot-Exkursion \u2013 6 Stunden"},"content":{"rendered":"<p data-start=\"223\" data-end=\"392\">Begeben Sie sich auf eine <strong data-start=\"235\" data-end=\"284\">luxuri\u00f6se, private und unvergessliche Reise<\/strong> \u00fcber die kristallklare Lagune von Bora Bora an Bord eines komfortablen, voll ausgestatteten <strong data-start=\"367\" data-end=\"391\">privaten Pontonboots<\/strong>.<\/p>\n<p data-start=\"394\" data-end=\"489\">Entdecken Sie w\u00e4hrend dieses <strong data-start=\"406\" data-end=\"426\">6-st\u00fcndigen Abenteuers<\/strong> die sch\u00f6nsten und verstecktesten Sch\u00e4tze der Insel:<\/p>\n<p data-start=\"491\" data-end=\"783\">\ud83d\udc20 Schnorcheln Sie in lebhaften <strong data-start=\"513\" data-end=\"530\">Koralleng\u00e4rten<\/strong> voller tropischer Fische,<br data-start=\"558\" data-end=\"561\">\ud83e\udd88 Schwimmen Sie mit <strong data-start=\"574\" data-end=\"598\">Haien und Stachelrochen<\/strong> in ihrem nat\u00fcrlichen Lebensraum.<br data-start=\"624\" data-end=\"627\">\ud83c\udf0a Und \u2013 wenn es die Natur zul\u00e4sst \u2013 <strong data-start=\"663\" data-end=\"686\">beobachten Sie die anmutigen Mantarochen,<\/strong> die durch die Lagune gleiten.<br data-start=\"714\" data-end=\"717\">Alle <strong data-start=\"724\" data-end=\"757\">liegen an abgelegenen, unber\u00fchrten Orten<\/strong>, die nur mit dem Boot erreichbar sind.<\/p>\n<p data-start=\"785\" data-end=\"894\">Um dieses Erlebnis noch au\u00dfergew\u00f6hnlicher zu machen, genie\u00dfen Sie ein <strong data-start=\"840\" data-end=\"874\">k\u00f6stliches polynesisches BBQ-Mittagessen<\/strong>, das Ihnen im Paradies serviert wird:<\/p>\n<p data-start=\"896\" data-end=\"1035\">\ud83d\udd25 Frisch zubereitete Grillspezialit\u00e4ten, <br data-start=\"934\" data-end=\"937\">\ud83c\udf4d Saisonale Fr\u00fcchte und lokale Aromen, <br data-start=\"974\" data-end=\"977\">\ud83e\udd65 Traditionelles Inselambiente in idyllischer Motu-Umgebung.<\/p>\n<p data-start=\"1037\" data-end=\"1179\">F\u00fcr Ihren ultimativen Komfort ist alles enthalten:<br data-start=\"1086\" data-end=\"1089\">\ud83e\udddc\u200d\u2642\ufe0f Schnorchelausr\u00fcstung,<br data-start=\"1116\" data-end=\"1119\">\ud83e\udd64 K\u00fchlbox mit erfrischenden Softdrinks,<br data-start=\"1157\" data-end=\"1160\">\ud83e\uddfa Handt\u00fccher werden gestellt.<\/p>\n<p data-start=\"1181\" data-end=\"1334\">Ein ganzer Tag voller <strong data-start=\"1195\" data-end=\"1220\">exklusiver Entdeckungen<\/strong>, <strong data-start=\"1222\" data-end=\"1244\">kultureller Eindr\u00fccke<\/strong> und <strong data-start=\"1250\" data-end=\"1271\">kulinarischer Gen\u00fcsse<\/strong>, fernab vom Trubel der Menschenmassen.. \ud83c\udf3a<\/p>\n<p data-start=\"850\" data-end=\"1000\"><strong>\u27a1\ufe0f Bis zu 4 Personen<\/strong><\/p>\n","protected":false},"excerpt":{"rendered":"<p><strong data-start=\"968\" data-end=\"1000\">\u2728\ud83d\udc8ePrivat, exklusiv, magisch &amp; polynesisches BBQ-Mittagessen\ud83d\udc20\ud83c\udf4d <\/strong><\/p>\n","protected":false},"featured_media":2376,"comment_status":"open","ping_status":"closed","template":"","meta":{"inline_featured_image":false},"country":[],"product_brand":[],"product_cat":[214],"product_tag":[234],"class_list":{"0":"post-11729","1":"product","2":"type-product","3":"status-publish","4":"has-post-thumbnail","6":"product_cat-aktivitaten","7":"product_tag-bora-bora-de","9":"first","10":"instock","11":"shipping-taxable","12":"purchasable","13":"product-type-simple"},"acf":[],"_links":{"self":[{"href":"https:\/\/stayinn.travel\/de\/wp-json\/wp\/v2\/product\/11729","targetHints":{"allow":["GET"]}}],"collection":[{"href":"https:\/\/stayinn.travel\/de\/wp-json\/wp\/v2\/product"}],"about":[{"href":"https:\/\/stayinn.travel\/de\/wp-json\/wp\/v2\/types\/product"}],"replies":[{"embeddable":true,"href":"https:\/\/stayinn.travel\/de\/wp-json\/wp\/v2\/comments?post=11729"}],"wp:featuredmedia":[{"embeddable":true,"href":"https:\/\/stayinn.travel\/de\/wp-json\/wp\/v2\/media\/2376"}],"wp:attachment":[{"href":"https:\/\/stayinn.travel\/de\/wp-json\/wp\/v2\/media?parent=11729"}],"wp:term":[{"taxonomy":"country","embeddable":true,"href":"https:\/\/stayinn.travel\/de\/wp-json\/wp\/v2\/country?post=11729"},{"taxonomy":"product_brand","embeddable":true,"href":"https:\/\/stayinn.travel\/de\/wp-json\/wp\/v2\/product_brand?post=11729"},{"taxonomy":"product_cat","embeddable":true,"href":"https:\/\/stayinn.travel\/de\/wp-json\/wp\/v2\/product_cat?post=11729"},{"taxonomy":"product_tag","embeddable":true,"href":"https:\/\/stayinn.travel\/de\/wp-json\/wp\/v2\/product_tag?post=11729"}],"curies":[{"name":"wp","href":"https:\/\/api.w.org\/{rel}","templated":true}]}}