{"id":11753,"date":"2025-05-15T02:58:01","date_gmt":"2025-05-15T02:58:01","guid":{"rendered":"https:\/\/stayinn.travel\/product\/raiatea-rundflug-im-ultraleichtflugzeug-blue-dream-90-minuten\/"},"modified":"2026-04-23T17:49:48","modified_gmt":"2026-04-23T17:49:48","slug":"raiatea-rundflug-im-ultraleichtflugzeug-blue-dream-90-minuten","status":"publish","type":"product","link":"https:\/\/stayinn.travel\/de\/product\/raiatea-rundflug-im-ultraleichtflugzeug-blue-dream-90-minuten\/","title":{"rendered":"RAIATEA \u2013 Rundflug im Ultraleichtflugzeug \u201eBlue Dream\u201c \u2013 90 Minuten"},"content":{"rendered":"<p class=\"\" data-start=\"68\" data-end=\"454\"><strong>Genie\u00dfen Sie eine komplette Tour \u00fcber Bora Bora, dann Tahaa und Raiatea aus der Vogelperspektive.<\/strong><\/p>\n<p class=\"\" data-start=\"68\" data-end=\"454\">Entdecken Sie die atemberaubende Sch\u00f6nheit dieser drei Inseln, w\u00e4hrend Sie \u00fcber ihre t\u00fcrkisfarbenen Lagunen, Vulkangipfel und \u00fcppigen Landschaften schweben. Dieser 90-min\u00fctige Flug bietet ein unvergessliches Flugerlebnis und zeigt den einzigartigen Charme und die Naturwunder Franz\u00f6sisch-Polynesiens. <\/p>\n","protected":false},"excerpt":{"rendered":"<article class=\"text-token-text-primary w-full\" dir=\"auto\" data-testid=\"conversation-turn-530\" data-scroll-anchor=\"true\">\n<div class=\"text-base my-auto mx-auto py-5 [--thread-content-margin:--spacing(4)] @[37rem]:[--thread-content-margin:--spacing(6)] @[72rem]:[--thread-content-margin:--spacing(16)] px-(--thread-content-margin)\">\n<div class=\"[--thread-content-max-width:32rem] @[34rem]:[--thread-content-max-width:40rem] @[64rem]:[--thread-content-max-width:48rem] mx-auto flex max-w-(--thread-content-max-width) flex-1 text-base gap-4 md:gap-5 lg:gap-6 group\/turn-messages focus-visible:outline-hidden\" tabindex=\"-1\">\n<div class=\"group\/conversation-turn relative flex w-full min-w-0 flex-col agent-turn\">\n<div class=\"relative flex-col gap-1 md:gap-3\">\n<div class=\"flex max-w-full flex-col grow\">\n<div class=\"min-h-8 text-message relative flex w-full flex-col items-end gap-2 text-start break-words whitespace-normal [.text-message+&amp;]:mt-5\" dir=\"auto\" data-message-author-role=\"assistant\" data-message-id=\"5305df6f-8d28-4419-a17b-63b29813a2f2\" data-message-model-slug=\"gpt-4-1-mini\">\n<div class=\"flex w-full flex-col gap-1 empty:hidden first:pt-[3px]\">\n<div class=\"markdown prose dark:prose-invert w-full break-words light\">\n<p class=\"\" data-start=\"0\" data-end=\"69\"><strong>Schweben Sie \u00fcber den Juwelen \ud83c\udf34\u2728 Bora Bora, Tahaa und Raiatea aus der Vogelperspektive \ud83d\udc99\ud83d\udee9\ufe0f<\/strong><\/p>\n<\/div>\n<\/div>\n<\/div>\n<\/div>\n<\/div>\n<div class=\"absolute\">\n<div class=\"flex items-center justify-center\"><\/div>\n<\/div>\n<\/div>\n<\/div>\n<\/div>\n<\/article>\n<div class=\"pointer-events-none h-px w-px\" aria-hidden=\"true\" data-edge=\"true\"><\/div>\n","protected":false},"featured_media":1891,"comment_status":"open","ping_status":"closed","template":"","meta":{"inline_featured_image":false},"country":[],"product_brand":[],"product_cat":[214],"product_tag":[239],"class_list":{"0":"post-11753","1":"product","2":"type-product","3":"status-publish","4":"has-post-thumbnail","6":"product_cat-aktivitaten","7":"product_tag-raiatea-de","9":"first","10":"instock","11":"shipping-taxable","12":"purchasable","13":"product-type-simple"},"acf":[],"_links":{"self":[{"href":"https:\/\/stayinn.travel\/de\/wp-json\/wp\/v2\/product\/11753","targetHints":{"allow":["GET"]}}],"collection":[{"href":"https:\/\/stayinn.travel\/de\/wp-json\/wp\/v2\/product"}],"about":[{"href":"https:\/\/stayinn.travel\/de\/wp-json\/wp\/v2\/types\/product"}],"replies":[{"embeddable":true,"href":"https:\/\/stayinn.travel\/de\/wp-json\/wp\/v2\/comments?post=11753"}],"wp:featuredmedia":[{"embeddable":true,"href":"https:\/\/stayinn.travel\/de\/wp-json\/wp\/v2\/media\/1891"}],"wp:attachment":[{"href":"https:\/\/stayinn.travel\/de\/wp-json\/wp\/v2\/media?parent=11753"}],"wp:term":[{"taxonomy":"country","embeddable":true,"href":"https:\/\/stayinn.travel\/de\/wp-json\/wp\/v2\/country?post=11753"},{"taxonomy":"product_brand","embeddable":true,"href":"https:\/\/stayinn.travel\/de\/wp-json\/wp\/v2\/product_brand?post=11753"},{"taxonomy":"product_cat","embeddable":true,"href":"https:\/\/stayinn.travel\/de\/wp-json\/wp\/v2\/product_cat?post=11753"},{"taxonomy":"product_tag","embeddable":true,"href":"https:\/\/stayinn.travel\/de\/wp-json\/wp\/v2\/product_tag?post=11753"}],"curies":[{"name":"wp","href":"https:\/\/api.w.org\/{rel}","templated":true}]}}