{"id":11884,"date":"2025-05-06T05:27:55","date_gmt":"2025-05-06T05:27:55","guid":{"rendered":"https:\/\/stayinn.travel\/product\/tahiti-hubschrauberflug-herz-der-insel-20-minuten\/"},"modified":"2026-04-24T18:18:31","modified_gmt":"2026-04-24T18:18:31","slug":"tahiti-hubschrauberflug-herz-der-insel-20-minuten","status":"publish","type":"product","link":"https:\/\/stayinn.travel\/de\/product\/tahiti-hubschrauberflug-herz-der-insel-20-minuten\/","title":{"rendered":"TAHITI \u2013 Hubschrauberflug \u201eHerz der Insel\u201c \u2013 20 Minuten"},"content":{"rendered":"<p class=\"\" data-start=\"144\" data-end=\"395\">Heben Sie ab in Richtung des Herzens von Tahiti. Fliegen Sie \u00fcber die atemberaubende Lagune von Punaauia, um den Eingang zum Punaruu-Tal zu erreichen, das von den h\u00f6chsten Gipfeln der Insel umgeben ist. Entdecken Sie das Plateau des Orangers und die alte Caldera im Zentrum der Insel.  <\/p>\n<p class=\"\" data-start=\"397\" data-end=\"639\">Weiter geht es zum gr\u00f6\u00dften Tal der Insel, Papenoo, und \u00fcber die Maroto Lodge. Bewundern Sie die rauschenden Fl\u00fcsse und hoch aufragenden Wasserf\u00e4lle. Sie gleiten an den h\u00f6chsten Gipfeln Tahitis vorbei, darunter der Mount Orohena \u2013 der h\u00f6chste Punkt Franz\u00f6sisch-Polynesiens.  <\/p>\n<p class=\"\" data-start=\"641\" data-end=\"777\">Der Flug f\u00fchrt weiter \u00fcber den Berg Diad\u00e8me und den Wasserfall Fautaua im Pirae-Tal, bevor er \u00fcber den Hafen von Papeete zur\u00fcckkehrt.<\/p>\n","protected":false},"excerpt":{"rendered":"<p class=\"\" data-start=\"69\" data-end=\"111\"><strong data-start=\"69\" data-end=\"109\">Fliegen Sie ins Herz von Tahiti! \ud83d\ude81\ud83c\udf3a <\/strong><\/p>\n","protected":false},"featured_media":1603,"comment_status":"open","ping_status":"closed","template":"","meta":{"inline_featured_image":false},"country":[],"product_brand":[],"product_cat":[214],"product_tag":[241],"class_list":{"0":"post-11884","1":"product","2":"type-product","3":"status-publish","4":"has-post-thumbnail","6":"product_cat-aktivitaten","7":"product_tag-tahiti-de","9":"first","10":"instock","11":"shipping-taxable","12":"purchasable","13":"product-type-simple"},"acf":[],"_links":{"self":[{"href":"https:\/\/stayinn.travel\/de\/wp-json\/wp\/v2\/product\/11884","targetHints":{"allow":["GET"]}}],"collection":[{"href":"https:\/\/stayinn.travel\/de\/wp-json\/wp\/v2\/product"}],"about":[{"href":"https:\/\/stayinn.travel\/de\/wp-json\/wp\/v2\/types\/product"}],"replies":[{"embeddable":true,"href":"https:\/\/stayinn.travel\/de\/wp-json\/wp\/v2\/comments?post=11884"}],"wp:featuredmedia":[{"embeddable":true,"href":"https:\/\/stayinn.travel\/de\/wp-json\/wp\/v2\/media\/1603"}],"wp:attachment":[{"href":"https:\/\/stayinn.travel\/de\/wp-json\/wp\/v2\/media?parent=11884"}],"wp:term":[{"taxonomy":"country","embeddable":true,"href":"https:\/\/stayinn.travel\/de\/wp-json\/wp\/v2\/country?post=11884"},{"taxonomy":"product_brand","embeddable":true,"href":"https:\/\/stayinn.travel\/de\/wp-json\/wp\/v2\/product_brand?post=11884"},{"taxonomy":"product_cat","embeddable":true,"href":"https:\/\/stayinn.travel\/de\/wp-json\/wp\/v2\/product_cat?post=11884"},{"taxonomy":"product_tag","embeddable":true,"href":"https:\/\/stayinn.travel\/de\/wp-json\/wp\/v2\/product_tag?post=11884"}],"curies":[{"name":"wp","href":"https:\/\/api.w.org\/{rel}","templated":true}]}}