{"id":12067,"date":"2025-05-13T03:09:59","date_gmt":"2025-05-13T03:09:59","guid":{"rendered":"https:\/\/stayinn.travel\/product\/moorea-food-tour-entdecken-sie-die-lokalen-spezialitaeten-der-insel-moorea-4-std-30\/"},"modified":"2026-04-24T00:55:55","modified_gmt":"2026-04-24T00:55:55","slug":"moorea-food-tour-entdecken-sie-die-lokalen-spezialitaeten-der-insel-moorea-4-std-30","status":"publish","type":"product","link":"https:\/\/stayinn.travel\/de\/product\/moorea-food-tour-entdecken-sie-die-lokalen-spezialitaeten-der-insel-moorea-4-std-30\/","title":{"rendered":"MOOREA \u2013 Food Tour: Entdecken Sie die lokalen Spezialit\u00e4ten der Insel Moorea \u2013 4 Std. 30"},"content":{"rendered":"<p class=\"\" data-start=\"54\" data-end=\"373\">Die Food Tour wurde entwickelt, um Ihnen die gesamte lokale Gastronomie und die s\u00fc\u00dfen Leckereien vorzustellen, die die Polynesier besonders lieben. Kommen Sie unbedingt mit leerem Magen, denn Sie werden nicht nur die Landschaften und Gesch\u00e4fte unserer Inseln erkunden, sondern auch eine Vielzahl frischer Fr\u00fcchte, Gem\u00fcse und lokaler Produkte probieren. <\/p>\n<p class=\"\" data-start=\"375\" data-end=\"639\">\u201eTama\u2018a\u201c bedeutet auf Tahitianisch \u201eessen\u201c, und genau das werden Sie tun, w\u00e4hrend Sie Moorea \u00fcber Ihre Geschmacksknospen entdecken. W\u00e4hrend dieser Tour werden Sie authentische lokale Lokale besuchen und dort einzigartige Aromen genie\u00dfen \u2013 die Orte, an denen die Einheimischen besonders gern essen. <\/p>\n<p class=\"\" data-start=\"641\" data-end=\"856\">Sie werden eine Vielzahl von Speisen und Getr\u00e4nken genie\u00dfen, darunter saisonale lokale Fr\u00fcchte, Snacks, Fischgerichte, \u201ePai\u201c, \u201eMape\u201c und andere k\u00f6stliche lokale Spezialit\u00e4ten aus den drei Kulturen, die die heutige Franz\u00f6sische Polynesien ausmachen.<\/p>\n","protected":false},"excerpt":{"rendered":"<p class=\"\" data-start=\"35\" data-end=\"110\"><strong data-start=\"35\" data-end=\"109\">Genie\u00dfe die Aromen von Moorea \ud83c\udf3a\ud83c\udf4d \u2013 Eine Reise durch lokale K\u00f6stlichkeiten \ud83c\udf7d\ufe0f\ud83c\udf34<\/strong><\/p>\n<p class=\"\" data-start=\"112\" data-end=\"189\">\n","protected":false},"featured_media":12068,"comment_status":"open","ping_status":"closed","template":"","meta":{"inline_featured_image":false},"country":[],"product_brand":[],"product_cat":[214],"product_tag":[237],"class_list":{"0":"post-12067","1":"product","2":"type-product","3":"status-publish","4":"has-post-thumbnail","6":"product_cat-aktivitaten","7":"product_tag-moorea-de","9":"first","10":"instock","11":"shipping-taxable","12":"purchasable","13":"product-type-simple"},"acf":[],"_links":{"self":[{"href":"https:\/\/stayinn.travel\/de\/wp-json\/wp\/v2\/product\/12067","targetHints":{"allow":["GET"]}}],"collection":[{"href":"https:\/\/stayinn.travel\/de\/wp-json\/wp\/v2\/product"}],"about":[{"href":"https:\/\/stayinn.travel\/de\/wp-json\/wp\/v2\/types\/product"}],"replies":[{"embeddable":true,"href":"https:\/\/stayinn.travel\/de\/wp-json\/wp\/v2\/comments?post=12067"}],"wp:featuredmedia":[{"embeddable":true,"href":"https:\/\/stayinn.travel\/de\/wp-json\/wp\/v2\/media\/12068"}],"wp:attachment":[{"href":"https:\/\/stayinn.travel\/de\/wp-json\/wp\/v2\/media?parent=12067"}],"wp:term":[{"taxonomy":"country","embeddable":true,"href":"https:\/\/stayinn.travel\/de\/wp-json\/wp\/v2\/country?post=12067"},{"taxonomy":"product_brand","embeddable":true,"href":"https:\/\/stayinn.travel\/de\/wp-json\/wp\/v2\/product_brand?post=12067"},{"taxonomy":"product_cat","embeddable":true,"href":"https:\/\/stayinn.travel\/de\/wp-json\/wp\/v2\/product_cat?post=12067"},{"taxonomy":"product_tag","embeddable":true,"href":"https:\/\/stayinn.travel\/de\/wp-json\/wp\/v2\/product_tag?post=12067"}],"curies":[{"name":"wp","href":"https:\/\/api.w.org\/{rel}","templated":true}]}}