{"id":12138,"date":"2025-05-13T03:30:19","date_gmt":"2025-05-13T03:30:19","guid":{"rendered":"https:\/\/stayinn.travel\/product\/moorea-quad-atv-4-std\/"},"modified":"2026-04-24T01:55:14","modified_gmt":"2026-04-24T01:55:14","slug":"moorea-quad-atv-4-std","status":"publish","type":"product","link":"https:\/\/stayinn.travel\/de\/product\/moorea-quad-atv-4-std\/","title":{"rendered":"MOOREA \u2013 Quad \/ ATV \u2013 4 Std."},"content":{"rendered":"<p class=\"\" data-start=\"104\" data-end=\"424\">F\u00fcr Liebhaber von Geschwindigkeit und Adrenalin geht es auf eine gef\u00fchrte Quad-Tour durch das Herz der Insel. Fahren Sie \u00fcber unbefestigte Wege durch Ananasfelder, erkunden Sie T\u00e4ler, \u00fcberqueren Sie Fl\u00fcsse, entdecken Sie W\u00e4lder und bewundern Sie majest\u00e4tische Berge sowie immer beeindruckendere Aussichtspunkte. Machen Sie sich bereit f\u00fcr ein Abenteuer mit einer 3,5-st\u00fcndigen gef\u00fchrten Tour!  <\/p>\n<p class=\"\" data-start=\"426\" data-end=\"753\">Die Reiseroute umfasst: die Entdeckung der Opunohu-Bucht, die Erkundung des Inselinneren auf unbefestigten Wegen zwischen Ananasfeldern und den Plantagen der landwirtschaftlichen Schule. Sie fahren die Belvedere-Stra\u00dfe hinauf und zur Magic Mountain, von wo aus Sie einen 360\u00b0-Panoramablick auf die beiden beeindruckenden Buchten genie\u00dfen k\u00f6nnen. Die Sicherheitsausr\u00fcstung wird vom Anbieter gestellt.  <\/p>\n","protected":false},"excerpt":{"rendered":"<article class=\"text-token-text-primary w-full\" dir=\"auto\" data-testid=\"conversation-turn-416\" data-scroll-anchor=\"true\">\n<div class=\"text-base my-auto mx-auto py-5 [--thread-content-margin:--spacing(4)] @[37rem]:[--thread-content-margin:--spacing(6)] @[72rem]:[--thread-content-margin:--spacing(16)] px-(--thread-content-margin)\">\n<div class=\"[--thread-content-max-width:32rem] @[34rem]:[--thread-content-max-width:40rem] @[64rem]:[--thread-content-max-width:48rem] mx-auto flex max-w-(--thread-content-max-width) flex-1 text-base gap-4 md:gap-5 lg:gap-6 group\/turn-messages focus-visible:outline-hidden\" tabindex=\"-1\">\n<div class=\"group\/conversation-turn relative flex w-full min-w-0 flex-col agent-turn\">\n<div class=\"relative flex-col gap-1 md:gap-3\">\n<div class=\"flex max-w-full flex-col grow\">\n<div class=\"min-h-8 text-message relative flex w-full flex-col items-end gap-2 text-start break-words whitespace-normal [.text-message+&amp;]:mt-5\" dir=\"auto\" data-message-author-role=\"assistant\" data-message-id=\"90ebdbdd-09fa-4123-80b7-87b5fbc7e2c3\" data-message-model-slug=\"gpt-4o-mini\">\n<div class=\"flex w-full flex-col gap-1 empty:hidden first:pt-[3px]\">\n<div class=\"markdown prose dark:prose-invert w-full break-words light\">\n<p class=\"\" data-start=\"60\" data-end=\"130\"><strong>\ud83c\udf04 Quad-Abenteuer: Ananasfelder, Fl\u00fcsse &amp; atemberaubende Ausblicke! \ud83c\udf4d\ud83c\udf3f\ud83d\ude99 <\/strong><\/p>\n<\/div>\n<\/div>\n<\/div>\n<\/div>\n<\/div>\n<\/div>\n<\/div>\n<\/div>\n<\/article>\n","protected":false},"featured_media":1738,"comment_status":"open","ping_status":"closed","template":"","meta":{"inline_featured_image":false},"country":[],"product_brand":[],"product_cat":[214],"product_tag":[237],"class_list":{"0":"post-12138","1":"product","2":"type-product","3":"status-publish","4":"has-post-thumbnail","6":"product_cat-aktivitaten","7":"product_tag-moorea-de","9":"first","10":"instock","11":"shipping-taxable","12":"purchasable","13":"product-type-simple"},"acf":[],"_links":{"self":[{"href":"https:\/\/stayinn.travel\/de\/wp-json\/wp\/v2\/product\/12138","targetHints":{"allow":["GET"]}}],"collection":[{"href":"https:\/\/stayinn.travel\/de\/wp-json\/wp\/v2\/product"}],"about":[{"href":"https:\/\/stayinn.travel\/de\/wp-json\/wp\/v2\/types\/product"}],"replies":[{"embeddable":true,"href":"https:\/\/stayinn.travel\/de\/wp-json\/wp\/v2\/comments?post=12138"}],"wp:featuredmedia":[{"embeddable":true,"href":"https:\/\/stayinn.travel\/de\/wp-json\/wp\/v2\/media\/1738"}],"wp:attachment":[{"href":"https:\/\/stayinn.travel\/de\/wp-json\/wp\/v2\/media?parent=12138"}],"wp:term":[{"taxonomy":"country","embeddable":true,"href":"https:\/\/stayinn.travel\/de\/wp-json\/wp\/v2\/country?post=12138"},{"taxonomy":"product_brand","embeddable":true,"href":"https:\/\/stayinn.travel\/de\/wp-json\/wp\/v2\/product_brand?post=12138"},{"taxonomy":"product_cat","embeddable":true,"href":"https:\/\/stayinn.travel\/de\/wp-json\/wp\/v2\/product_cat?post=12138"},{"taxonomy":"product_tag","embeddable":true,"href":"https:\/\/stayinn.travel\/de\/wp-json\/wp\/v2\/product_tag?post=12138"}],"curies":[{"name":"wp","href":"https:\/\/api.w.org\/{rel}","templated":true}]}}