{"id":12170,"date":"2025-05-13T03:52:05","date_gmt":"2025-05-13T03:52:05","guid":{"rendered":"https:\/\/stayinn.travel\/product\/moorea-e-bike-tour-zum-belvedere-aussichtspunkt-3-std\/"},"modified":"2026-04-24T01:39:44","modified_gmt":"2026-04-24T01:39:44","slug":"moorea-e-bike-tour-zum-belvedere-aussichtspunkt-3-std","status":"publish","type":"product","link":"https:\/\/stayinn.travel\/de\/product\/moorea-e-bike-tour-zum-belvedere-aussichtspunkt-3-std\/","title":{"rendered":"MOOREA \u2013 E-Bike-Tour zum Belvedere-Aussichtspunkt \u2013 3 Std."},"content":{"rendered":"<p class=\"\" data-start=\"184\" data-end=\"429\">Entdecken Sie das \u00fcppige Inselinnere in einem entspannten Tempo dank Ihres E-Bikes! (Einfache Tour auf Stra\u00dfenlevel)<br data-start=\"302\" data-end=\"305\">Nach einer kurzen Einweisung in die Nutzung der Fahrr\u00e4der brechen Sie zusammen mit einem erfahrenen lokalen Guide zur Opunohu-Bucht auf. <\/p>\n<p class=\"\" data-start=\"431\" data-end=\"753\">Machen Sie sich bereit, Mooreas ber\u00fchmtesten Aussichtspunkt zu erleben: den Belvedere Lookout, der atemberaubende Blicke auf die Cook- und die Opunohu-Bucht bietet.<br data-start=\"572\" data-end=\"575\">Unterwegs fahren Sie durch den alten vulkanischen Krater der Insel, passieren den ikonischen \u201edurchbohrten Berg\u201c, erkunden Ananasplantagen und halten an der landwirtschaftlichen Schule.<\/p>\n<p class=\"\" data-start=\"755\" data-end=\"1085\">Genie\u00dfen Sie Verkostungen k\u00f6stlicher lokaler Marmeladen aus Ananas, Tiar\u00e9-Bl\u00fcte, Papaya, Stachelannone, Banane und mehr! Sie haben au\u00dferdem die M\u00f6glichkeit, frischen Ananassaft zu probieren \u2013 eine echte lokale Spezialit\u00e4t.<br data-start=\"941\" data-end=\"944\">Die Tour umfasst au\u00dferdem Stopps an alten polynesischen Tempeln (Marae), am legend\u00e4ren \u201eHundertj\u00e4hrigen Baum\u201c sowie am riesigen, 350 Jahre alten Banyanbaum! <\/p>\n<h3 class=\"\" data-start=\"105\" data-end=\"182\"><strong data-start=\"114\" data-end=\"182\">Einfaches Niveau (Stra\u00dfentour)<\/strong><\/h3>\n<p>&nbsp;<\/p>\n","protected":false},"excerpt":{"rendered":"<p class=\"\" data-start=\"245\" data-end=\"323\">\ud83c\udf31 <strong data-start=\"248\" data-end=\"323\">Fahr sauber, atme tief: Entdecke Moorea auf umweltfreundliche Weise! \ud83d\udeb4\u200d\u2642\ufe0f\ud83c\udf04 <\/strong><\/p>\n<p class=\"\" data-start=\"827\" data-end=\"911\">\n","protected":false},"featured_media":1747,"comment_status":"open","ping_status":"closed","template":"","meta":{"inline_featured_image":false},"country":[],"product_brand":[],"product_cat":[214],"product_tag":[237],"class_list":{"0":"post-12170","1":"product","2":"type-product","3":"status-publish","4":"has-post-thumbnail","6":"product_cat-aktivitaten","7":"product_tag-moorea-de","9":"first","10":"instock","11":"shipping-taxable","12":"purchasable","13":"product-type-simple"},"acf":[],"_links":{"self":[{"href":"https:\/\/stayinn.travel\/de\/wp-json\/wp\/v2\/product\/12170","targetHints":{"allow":["GET"]}}],"collection":[{"href":"https:\/\/stayinn.travel\/de\/wp-json\/wp\/v2\/product"}],"about":[{"href":"https:\/\/stayinn.travel\/de\/wp-json\/wp\/v2\/types\/product"}],"replies":[{"embeddable":true,"href":"https:\/\/stayinn.travel\/de\/wp-json\/wp\/v2\/comments?post=12170"}],"wp:featuredmedia":[{"embeddable":true,"href":"https:\/\/stayinn.travel\/de\/wp-json\/wp\/v2\/media\/1747"}],"wp:attachment":[{"href":"https:\/\/stayinn.travel\/de\/wp-json\/wp\/v2\/media?parent=12170"}],"wp:term":[{"taxonomy":"country","embeddable":true,"href":"https:\/\/stayinn.travel\/de\/wp-json\/wp\/v2\/country?post=12170"},{"taxonomy":"product_brand","embeddable":true,"href":"https:\/\/stayinn.travel\/de\/wp-json\/wp\/v2\/product_brand?post=12170"},{"taxonomy":"product_cat","embeddable":true,"href":"https:\/\/stayinn.travel\/de\/wp-json\/wp\/v2\/product_cat?post=12170"},{"taxonomy":"product_tag","embeddable":true,"href":"https:\/\/stayinn.travel\/de\/wp-json\/wp\/v2\/product_tag?post=12170"}],"curies":[{"name":"wp","href":"https:\/\/api.w.org\/{rel}","templated":true}]}}