{"id":12201,"date":"2025-05-13T04:14:48","date_gmt":"2025-05-13T04:14:48","guid":{"rendered":"https:\/\/stayinn.travel\/product\/moorea-20-minuten-parasailing\/"},"modified":"2026-04-24T01:22:14","modified_gmt":"2026-04-24T01:22:14","slug":"moorea-20-minuten-parasailing","status":"publish","type":"product","link":"https:\/\/stayinn.travel\/de\/product\/moorea-20-minuten-parasailing\/","title":{"rendered":"MOOREA \u2013 20 Minuten Parasailing"},"content":{"rendered":"<p class=\"\" data-start=\"104\" data-end=\"363\">Alle Adrenalinliebhaber und Fans atemberaubender Landschaften aufgepasst\u2014heben Sie ab zwischen Himmel und Meer und genie\u00dfen Sie einen spektakul\u00e4ren Blick auf Mooreas dramatische Vulkanberge und seine einzigartige Lagune!<\/p>\n<p class=\"\" data-start=\"365\" data-end=\"478\">Diese Aktivit\u00e4t, die vom Fallschirmspringen inspiriert ist, besteht darin, von einem Boot gezogen zu werden, w\u00e4hrend man an einem schirm\u00e4hnlichen Segel befestigt ist.<\/p>\n<p class=\"\" data-start=\"480\" data-end=\"702\">Genie\u00dfen Sie die atemberaubende Landschaft unter Ihren F\u00fc\u00dfen, staunen Sie \u00fcber die unz\u00e4hligen Blaut\u00f6ne und beobachten Sie die Meereswelt aus einer v\u00f6llig neuen Perspektive\u2014Delfine, Rochen und Haie und, mit etwas Gl\u00fcck, sogar Wale zwischen Juli und November!<\/p>\n<p data-start=\"480\" data-end=\"702\"><strong data-start=\"104\" data-end=\"161\">20-min\u00fctiger Flug \u2013 insgesamt 1 Stunde mit dem Boot<\/strong><\/p>\n","protected":false},"excerpt":{"rendered":"<p class=\"\" data-start=\"184\" data-end=\"287\"><strong data-start=\"184\" data-end=\"287\">\ud83c\udf0a\ud83e\ude82Fliege \u00fcber die Lagune, genie\u00dfe die atemberaubende Aussicht und erlebe Moorea wie nie zuvor! \ud83c\udf34\ud83c\udf3a <\/strong><\/p>\n<p class=\"\" data-start=\"290\" data-end=\"374\">\n","protected":false},"featured_media":1764,"comment_status":"open","ping_status":"closed","template":"","meta":{"inline_featured_image":false},"country":[],"product_brand":[],"product_cat":[214],"product_tag":[237],"class_list":{"0":"post-12201","1":"product","2":"type-product","3":"status-publish","4":"has-post-thumbnail","6":"product_cat-aktivitaten","7":"product_tag-moorea-de","9":"first","10":"instock","11":"shipping-taxable","12":"purchasable","13":"product-type-simple"},"acf":[],"_links":{"self":[{"href":"https:\/\/stayinn.travel\/de\/wp-json\/wp\/v2\/product\/12201","targetHints":{"allow":["GET"]}}],"collection":[{"href":"https:\/\/stayinn.travel\/de\/wp-json\/wp\/v2\/product"}],"about":[{"href":"https:\/\/stayinn.travel\/de\/wp-json\/wp\/v2\/types\/product"}],"replies":[{"embeddable":true,"href":"https:\/\/stayinn.travel\/de\/wp-json\/wp\/v2\/comments?post=12201"}],"wp:featuredmedia":[{"embeddable":true,"href":"https:\/\/stayinn.travel\/de\/wp-json\/wp\/v2\/media\/1764"}],"wp:attachment":[{"href":"https:\/\/stayinn.travel\/de\/wp-json\/wp\/v2\/media?parent=12201"}],"wp:term":[{"taxonomy":"country","embeddable":true,"href":"https:\/\/stayinn.travel\/de\/wp-json\/wp\/v2\/country?post=12201"},{"taxonomy":"product_brand","embeddable":true,"href":"https:\/\/stayinn.travel\/de\/wp-json\/wp\/v2\/product_brand?post=12201"},{"taxonomy":"product_cat","embeddable":true,"href":"https:\/\/stayinn.travel\/de\/wp-json\/wp\/v2\/product_cat?post=12201"},{"taxonomy":"product_tag","embeddable":true,"href":"https:\/\/stayinn.travel\/de\/wp-json\/wp\/v2\/product_tag?post=12201"}],"curies":[{"name":"wp","href":"https:\/\/api.w.org\/{rel}","templated":true}]}}