{"id":12305,"date":"2025-05-20T02:34:18","date_gmt":"2025-05-20T02:34:18","guid":{"rendered":"https:\/\/stayinn.travel\/product\/bora-bora-jetski-2-stunden\/"},"modified":"2026-04-21T22:27:31","modified_gmt":"2026-04-21T22:27:31","slug":"bora-bora-jetski-2-stunden","status":"publish","type":"product","link":"https:\/\/stayinn.travel\/de\/product\/bora-bora-jetski-2-stunden\/","title":{"rendered":"BORA BORA &#8211; Jetski \u2013 2 Stunden"},"content":{"rendered":"<p class=\"\" data-start=\"157\" data-end=\"392\">Erleben Sie ein unvergessliches 2-st\u00fcndiges Jetski-Abenteuer auf dem kristallklaren Wasser der Lagune von Bora Bora! Unter der Leitung eines passionierten lokalen Experten erkunden Sie die atemberaubenden Landschaften der Insel und legen mehrere Stopps ein, um magische Erinnerungen festzuhalten. <\/p>\n<p class=\"\" data-start=\"394\" data-end=\"556\">Genie\u00dfen Sie ein Bad in einem malerischen Paradies, bevor Sie sich mit k\u00f6stlichen Erfrischungen verw\u00f6hnen lassen: frisches Wasser, lokale Fruchts\u00e4fte, tropische Fr\u00fcchte und einen leckeren Kokosnusskuchen.<\/p>\n<p class=\"\" data-start=\"558\" data-end=\"683\">Ein einzigartiger Ausflug, der Nervenkitzel, Entdeckungen und Entspannung vereint und Ihnen ein authentisches Erlebnis im Herzen des Juwels Polynesiens bietet.<\/p>\n<p class=\"\" data-start=\"685\" data-end=\"726\">\n","protected":false},"excerpt":{"rendered":"<article class=\"text-token-text-primary w-full\" dir=\"auto\" data-testid=\"conversation-turn-568\" data-scroll-anchor=\"false\">\n<div class=\"text-base my-auto mx-auto py-5 [--thread-content-margin:--spacing(4)] @[37rem]:[--thread-content-margin:--spacing(6)] @[72rem]:[--thread-content-margin:--spacing(16)] px-(--thread-content-margin)\">\n<div class=\"[--thread-content-max-width:32rem] @[34rem]:[--thread-content-max-width:40rem] @[64rem]:[--thread-content-max-width:48rem] mx-auto flex max-w-(--thread-content-max-width) flex-1 text-base gap-4 md:gap-5 lg:gap-6 group\/turn-messages focus-visible:outline-hidden\" tabindex=\"-1\">\n<div class=\"group\/conversation-turn relative flex w-full min-w-0 flex-col agent-turn\">\n<div class=\"relative flex-col gap-1 md:gap-3\">\n<div class=\"flex max-w-full flex-col grow\">\n<div class=\"min-h-8 text-message relative flex w-full flex-col items-end gap-2 text-start break-words whitespace-normal [.text-message+&amp;]:mt-5\" dir=\"auto\" data-message-author-role=\"assistant\" data-message-id=\"beb39942-692f-413d-a1ae-c7673faac4d7\" data-message-model-slug=\"gpt-4o\">\n<div class=\"flex w-full flex-col gap-1 empty:hidden first:pt-[3px]\">\n<div class=\"markdown prose dark:prose-invert w-full break-words light\">\n<p class=\"\" data-start=\"531\" data-end=\"584\"><strong data-start=\"685\" data-end=\"726\" data-is-last-node=\"\">Reite die Wellen, sp\u00fcre die Mana! \ud83c\udf0a\ud83c\udfdd\ufe0f\u2728 <\/strong><\/p>\n<\/div>\n<\/div>\n<\/div>\n<\/div>\n<\/div>\n<\/div>\n<\/div>\n<\/div>\n<\/article>\n<article class=\"text-token-text-primary w-full\" dir=\"auto\" data-testid=\"conversation-turn-569\" data-scroll-anchor=\"false\">\n<h5 class=\"sr-only\"><\/h5>\n<\/article>\n","protected":false},"featured_media":2156,"comment_status":"open","ping_status":"closed","template":"","meta":{"inline_featured_image":false},"country":[],"product_brand":[],"product_cat":[214],"product_tag":[234],"class_list":{"0":"post-12305","1":"product","2":"type-product","3":"status-publish","4":"has-post-thumbnail","6":"product_cat-aktivitaten","7":"product_tag-bora-bora-de","9":"first","10":"instock","11":"shipping-taxable","12":"purchasable","13":"product-type-simple"},"acf":[],"_links":{"self":[{"href":"https:\/\/stayinn.travel\/de\/wp-json\/wp\/v2\/product\/12305","targetHints":{"allow":["GET"]}}],"collection":[{"href":"https:\/\/stayinn.travel\/de\/wp-json\/wp\/v2\/product"}],"about":[{"href":"https:\/\/stayinn.travel\/de\/wp-json\/wp\/v2\/types\/product"}],"replies":[{"embeddable":true,"href":"https:\/\/stayinn.travel\/de\/wp-json\/wp\/v2\/comments?post=12305"}],"wp:featuredmedia":[{"embeddable":true,"href":"https:\/\/stayinn.travel\/de\/wp-json\/wp\/v2\/media\/2156"}],"wp:attachment":[{"href":"https:\/\/stayinn.travel\/de\/wp-json\/wp\/v2\/media?parent=12305"}],"wp:term":[{"taxonomy":"country","embeddable":true,"href":"https:\/\/stayinn.travel\/de\/wp-json\/wp\/v2\/country?post=12305"},{"taxonomy":"product_brand","embeddable":true,"href":"https:\/\/stayinn.travel\/de\/wp-json\/wp\/v2\/product_brand?post=12305"},{"taxonomy":"product_cat","embeddable":true,"href":"https:\/\/stayinn.travel\/de\/wp-json\/wp\/v2\/product_cat?post=12305"},{"taxonomy":"product_tag","embeddable":true,"href":"https:\/\/stayinn.travel\/de\/wp-json\/wp\/v2\/product_tag?post=12305"}],"curies":[{"name":"wp","href":"https:\/\/api.w.org\/{rel}","templated":true}]}}