{"id":12623,"date":"2025-04-15T10:19:32","date_gmt":"2025-04-15T10:19:32","guid":{"rendered":"https:\/\/stayinn.travel\/product\/moorea-blumenketten-flechtworkshop-zu-hause\/"},"modified":"2026-04-24T18:54:37","modified_gmt":"2026-04-24T18:54:37","slug":"moorea-blumenketten-flechtworkshop-zu-hause","status":"publish","type":"product","link":"https:\/\/stayinn.travel\/de\/product\/moorea-blumenketten-flechtworkshop-zu-hause\/","title":{"rendered":"MOOREA \u2013 Blumenketten-Flechtworkshop zu Hause"},"content":{"rendered":"<p><span style=\"font-weight: 400;\">Franz\u00f6sisch-Polynesien ist ein Reiseziel, das mit einer gro\u00dfen Vielfalt endemischer Blumen gesegnet ist, deren s\u00fc\u00dfer und bet\u00f6render Duft einzigartig auf der Welt ist. Nehmen Sie an dieser authentischen und gemeinschaftlichen Aktivit\u00e4t teil, begleitet von einer lokalen Person, um eine von Generation zu Generation weitergegebene Tradition zu entdecken \u2013 ein wahres Kulturerbe: das Anfertigen von Blumenketten und -kronen! <\/span><\/p>\n","protected":false},"excerpt":{"rendered":"<p><span style=\"font-weight: 400;\">Ihre Reiseleiterin trifft Sie zu Hause zu einem zweist\u00fcndigen Workshop, bei dem verschiedene Blumenarten verwendet werden, um Ihnen eine der einzigartigen Traditionen Polynesiens beizubringen: das Flechten. Sie wird Ihnen Legenden erz\u00e4hlen, Geschichten aus ihrer Kindheit teilen und die Traditionen vermitteln, die sie selbst erlernt hat. Tauchen Sie in die polynesische Kultur ein, indem Sie ihren inspirierenden und fr\u00f6hlichen Einwohnern begegnen!  <\/span><\/p>\n","protected":false},"featured_media":12626,"comment_status":"open","ping_status":"closed","template":"","meta":{"inline_featured_image":false},"country":[],"product_brand":[],"product_cat":[216],"product_tag":[237],"class_list":{"0":"post-12623","1":"product","2":"type-product","3":"status-publish","4":"has-post-thumbnail","6":"product_cat-dienstleistungen","7":"product_tag-moorea-de","9":"first","10":"instock","11":"shipping-taxable","12":"purchasable","13":"product-type-simple"},"acf":[],"_links":{"self":[{"href":"https:\/\/stayinn.travel\/de\/wp-json\/wp\/v2\/product\/12623","targetHints":{"allow":["GET"]}}],"collection":[{"href":"https:\/\/stayinn.travel\/de\/wp-json\/wp\/v2\/product"}],"about":[{"href":"https:\/\/stayinn.travel\/de\/wp-json\/wp\/v2\/types\/product"}],"replies":[{"embeddable":true,"href":"https:\/\/stayinn.travel\/de\/wp-json\/wp\/v2\/comments?post=12623"}],"wp:featuredmedia":[{"embeddable":true,"href":"https:\/\/stayinn.travel\/de\/wp-json\/wp\/v2\/media\/12626"}],"wp:attachment":[{"href":"https:\/\/stayinn.travel\/de\/wp-json\/wp\/v2\/media?parent=12623"}],"wp:term":[{"taxonomy":"country","embeddable":true,"href":"https:\/\/stayinn.travel\/de\/wp-json\/wp\/v2\/country?post=12623"},{"taxonomy":"product_brand","embeddable":true,"href":"https:\/\/stayinn.travel\/de\/wp-json\/wp\/v2\/product_brand?post=12623"},{"taxonomy":"product_cat","embeddable":true,"href":"https:\/\/stayinn.travel\/de\/wp-json\/wp\/v2\/product_cat?post=12623"},{"taxonomy":"product_tag","embeddable":true,"href":"https:\/\/stayinn.travel\/de\/wp-json\/wp\/v2\/product_tag?post=12623"}],"curies":[{"name":"wp","href":"https:\/\/api.w.org\/{rel}","templated":true}]}}