{"id":12642,"date":"2025-04-25T07:07:51","date_gmt":"2025-04-25T07:07:51","guid":{"rendered":"https:\/\/stayinn.travel\/product\/moorea-elektrisches-atv-quad\/"},"modified":"2026-04-24T19:00:48","modified_gmt":"2026-04-24T19:00:48","slug":"moorea-elektrisches-atv-quad","status":"publish","type":"product","link":"https:\/\/stayinn.travel\/de\/product\/moorea-elektrisches-atv-quad\/","title":{"rendered":"MOOREA \u2013 Elektrisches ATV-Quad"},"content":{"rendered":"<p>\u267b\ufe0f UMWELTFREUNDLICH \ud83c\udf31<\/p>\n<p>Entdecken Sie die Insel Moorea auf eine andere, verantwortungsvolle und umweltfreundliche Weise \u2013 ganz ohne Verschmutzung oder L\u00e4rmbelastung, damit all Ihre Sinne vollst\u00e4ndig erwachen k\u00f6nnen. Erkunden Sie das wundersch\u00f6ne Opunohu-Tal w\u00e4hrend dieser originellen und einzigartigen Tour, die f\u00fcr alle Schwierigkeitsgrade geeignet ist! Durchqueren Sie \u00fcppige W\u00e4lder, B\u00e4che und Fl\u00fcsse und besuchen Sie Ananas-, Kokos-, Bananen-, Papaya-, Brotfrucht-, Mango- und viele weitere Obstplantagen, die Ihnen Ihre Reiseleitung gerne vorstellen wird.<br \/>Auf dem Programm: Tal, B\u00e4che, Fl\u00fcsse, Ananasfelder und eine Verkostung an der Landwirtschaftlichen Hochschule*. Besichtigung der Plantagen der Landwirtschaftsschule, der Marae (alte polynesische Kultst\u00e4tten), eines \u00fcber 350 Jahre alten Banyanbaums und der Blauaugen-Aale.   <\/p>\n<p>&nbsp;<\/p>\n","protected":false},"excerpt":{"rendered":"<p><strong>Green Ride, Great Vibes \ud83c\udf31\ud83c\udfcd\ufe0f Eine umweltfreundliche und spa\u00dfige Tour \u267b\ufe0f<\/strong><\/p>\n","protected":false},"featured_media":1420,"comment_status":"open","ping_status":"closed","template":"","meta":{"inline_featured_image":false},"country":[],"product_brand":[],"product_cat":[214],"product_tag":[237],"class_list":{"0":"post-12642","1":"product","2":"type-product","3":"status-publish","4":"has-post-thumbnail","6":"product_cat-aktivitaten","7":"product_tag-moorea-de","9":"first","10":"instock","11":"shipping-taxable","12":"purchasable","13":"product-type-simple"},"acf":[],"_links":{"self":[{"href":"https:\/\/stayinn.travel\/de\/wp-json\/wp\/v2\/product\/12642","targetHints":{"allow":["GET"]}}],"collection":[{"href":"https:\/\/stayinn.travel\/de\/wp-json\/wp\/v2\/product"}],"about":[{"href":"https:\/\/stayinn.travel\/de\/wp-json\/wp\/v2\/types\/product"}],"replies":[{"embeddable":true,"href":"https:\/\/stayinn.travel\/de\/wp-json\/wp\/v2\/comments?post=12642"}],"wp:featuredmedia":[{"embeddable":true,"href":"https:\/\/stayinn.travel\/de\/wp-json\/wp\/v2\/media\/1420"}],"wp:attachment":[{"href":"https:\/\/stayinn.travel\/de\/wp-json\/wp\/v2\/media?parent=12642"}],"wp:term":[{"taxonomy":"country","embeddable":true,"href":"https:\/\/stayinn.travel\/de\/wp-json\/wp\/v2\/country?post=12642"},{"taxonomy":"product_brand","embeddable":true,"href":"https:\/\/stayinn.travel\/de\/wp-json\/wp\/v2\/product_brand?post=12642"},{"taxonomy":"product_cat","embeddable":true,"href":"https:\/\/stayinn.travel\/de\/wp-json\/wp\/v2\/product_cat?post=12642"},{"taxonomy":"product_tag","embeddable":true,"href":"https:\/\/stayinn.travel\/de\/wp-json\/wp\/v2\/product_tag?post=12642"}],"curies":[{"name":"wp","href":"https:\/\/api.w.org\/{rel}","templated":true}]}}