{"id":12680,"date":"2025-04-25T07:46:41","date_gmt":"2025-04-25T07:46:41","guid":{"rendered":"https:\/\/stayinn.travel\/product\/tahiti-halbtaegige-bootstour-zur-tahiti-halbinsel-teahupoo-welle-fenua-aihere\/"},"modified":"2026-04-24T19:30:59","modified_gmt":"2026-04-24T19:30:59","slug":"tahiti-halbtaegige-bootstour-zur-tahiti-halbinsel-teahupoo-welle-fenua-aihere","status":"publish","type":"product","link":"https:\/\/stayinn.travel\/de\/product\/tahiti-halbtaegige-bootstour-zur-tahiti-halbinsel-teahupoo-welle-fenua-aihere\/","title":{"rendered":"TAHITI \u2013 Halbt\u00e4gige Bootstour zur Tahiti-Halbinsel, Teahupoo-Welle &amp; Fenua Aihere"},"content":{"rendered":"<p class=\"\" data-start=\"0\" data-end=\"60\"><strong data-start=\"0\" data-end=\"60\">Begeben Sie sich auf eine 4-st\u00fcndige Kreuzfahrt zum wildesten Punkt Tahitis<\/strong><\/p>\n<p class=\"\" data-start=\"0\" data-end=\"332\">Ihr Guide bringt Sie zur Welle, wo Sie den Surfern zusehen k\u00f6nnen, wie sie \u00fcber den Schwung reiten und in den Barrel eintauchen.<br data-start=\"92\" data-end=\"95\">Anschlie\u00dfend segeln Sie zur s\u00fcdlichsten Spitze Tahitis, in ein gesch\u00fctztes Meeresreservat, in dem Boote und Fischerei nicht mehr erlaubt sind.<br \/>Ein Schnorchelstopp erm\u00f6glicht es Ihnen, die einzigartige Meeresfauna und -flora dieser unber\u00fchrten Umgebung zu beobachten. <\/p>\n<p class=\"\" data-start=\"334\" data-end=\"701\">Als N\u00e4chstes gehen Sie in einem wundersch\u00f6nen \u201eMape\u201c-Wald (Tahitianische Kastanie) an Land, wo Sie die M\u00f6glichkeit haben, im Fluss zu schwimmen, an Lianen zu schwingen und nahegelegene H\u00f6hlen zu erkunden!<br data-start=\"496\" data-end=\"499\">Auf dem R\u00fcckweg genie\u00dfen Sie einen letzten Blick auf die majest\u00e4tischen Wasserf\u00e4lle und Berge \u2013 vom Meer aus besonders beeindruckend \u2013 und sto\u00dfen mit einem Maeva-Cocktail auf dieses unvergessliche Erlebnis an!<\/p>\n","protected":false},"excerpt":{"rendered":"<p>Begeben Sie sich auf eine 4-st\u00fcndige Kreuzfahrt zum wildesten Punkt Tahitis Ihr Guide bringt Sie zur Welle, wo Sie den Surfern zusehen k\u00f6nnen, wie sie \u00fcber den Schwung reiten und in den Barrel eintauchen.Anschlie\u00dfend segeln Sie zur s\u00fcdlichsten Spitze Tahitis, in ein gesch\u00fctztes Meeresreservat, in dem Boote und Fischerei nicht mehr erlaubt sind.Ein Schnorchelstopp erm\u00f6glicht [&hellip;]<\/p>\n","protected":false},"featured_media":1443,"comment_status":"open","ping_status":"closed","template":"","meta":{"inline_featured_image":false},"country":[],"product_brand":[],"product_cat":[214],"product_tag":[241],"class_list":{"0":"post-12680","1":"product","2":"type-product","3":"status-publish","4":"has-post-thumbnail","6":"product_cat-aktivitaten","7":"product_tag-tahiti-de","9":"first","10":"instock","11":"shipping-taxable","12":"purchasable","13":"product-type-simple"},"acf":[],"_links":{"self":[{"href":"https:\/\/stayinn.travel\/de\/wp-json\/wp\/v2\/product\/12680","targetHints":{"allow":["GET"]}}],"collection":[{"href":"https:\/\/stayinn.travel\/de\/wp-json\/wp\/v2\/product"}],"about":[{"href":"https:\/\/stayinn.travel\/de\/wp-json\/wp\/v2\/types\/product"}],"replies":[{"embeddable":true,"href":"https:\/\/stayinn.travel\/de\/wp-json\/wp\/v2\/comments?post=12680"}],"wp:featuredmedia":[{"embeddable":true,"href":"https:\/\/stayinn.travel\/de\/wp-json\/wp\/v2\/media\/1443"}],"wp:attachment":[{"href":"https:\/\/stayinn.travel\/de\/wp-json\/wp\/v2\/media?parent=12680"}],"wp:term":[{"taxonomy":"country","embeddable":true,"href":"https:\/\/stayinn.travel\/de\/wp-json\/wp\/v2\/country?post=12680"},{"taxonomy":"product_brand","embeddable":true,"href":"https:\/\/stayinn.travel\/de\/wp-json\/wp\/v2\/product_brand?post=12680"},{"taxonomy":"product_cat","embeddable":true,"href":"https:\/\/stayinn.travel\/de\/wp-json\/wp\/v2\/product_cat?post=12680"},{"taxonomy":"product_tag","embeddable":true,"href":"https:\/\/stayinn.travel\/de\/wp-json\/wp\/v2\/product_tag?post=12680"}],"curies":[{"name":"wp","href":"https:\/\/api.w.org\/{rel}","templated":true}]}}