{"id":12717,"date":"2025-04-29T05:32:56","date_gmt":"2025-04-29T05:32:56","guid":{"rendered":"https:\/\/stayinn.travel\/product\/tahiti-katamaran-kreuzfahrt-nach-tetiaroa-dem-atoll-von-marlon-brando-12-std\/"},"modified":"2026-04-24T19:17:16","modified_gmt":"2026-04-24T19:17:16","slug":"tahiti-katamaran-kreuzfahrt-nach-tetiaroa-dem-atoll-von-marlon-brando-12-std","status":"publish","type":"product","link":"https:\/\/stayinn.travel\/de\/product\/tahiti-katamaran-kreuzfahrt-nach-tetiaroa-dem-atoll-von-marlon-brando-12-std\/","title":{"rendered":"TAHITI \u2013 KATAMARAN-KREUZFAHRT NACH TETIAROA, DEM ATOLL VON MARLON BRANDO \u2013 12 Std."},"content":{"rendered":"<p>Entdecken Sie Tetiaroa, ein privates Atoll von au\u00dfergew\u00f6hnlicher Sch\u00f6nheit, auf einem ganzt\u00e4gigen Katamaran-Ausflug, der Ihnen erm\u00f6glicht, ein echtes Atoll nur wenige Stunden von Tahiti entfernt zu erkunden.<\/p>\n<p>An Bord eines komfortablen Katamarans mit kleiner Kapazit\u00e4t, der ein pers\u00f6nliches und exklusives Erlebnis garantiert, brechen Sie fr\u00fchmorgens vom Yachthafen in Papeete auf. Eine etwa vierst\u00fcndige \u00dcberfahrt bringt Sie direkt ins Paradies.<\/p>\n<p>Tetiaroa, ber\u00fchmt f\u00fcr seine Geschichte in Verbindung mit Marlon Brando und f\u00fcr das luxuri\u00f6se Hotel \u201eThe Brando\u201c, das regelm\u00e4\u00dfig Prominente empf\u00e4ngt, ist ein gesch\u00fctztes Naturgebiet, in dem Flora und Fauna in v\u00f6lliger Ruhe gedeihen.<\/p>\n<p>Sobald Sie in Tetiaroa ankommen, beginnen Sie Ihre Erkundung mit einem Spaziergang auf der Vogelschutzinsel, einem Zufluchtsort f\u00fcr Seev\u00f6gel wie Fregattv\u00f6gel und Seeschwalben. W\u00e4hrend Sie am Strand entlanggehen, k\u00f6nnen Sie diese beeindruckenden V\u00f6gel frei in ihrem nat\u00fcrlichen Lebensraum beobachten.<br \/>Ihre begeisterte Reiseleitung wird Ihnen spannende Informationen \u00fcber die hier lebenden Arten sowie \u00fcber die Geschichte der Insel vermitteln.  <\/p>\n<p>Nach diesem Spaziergang tauchen Sie in das kristallklare Wasser der Lagune von Tetiaroa ein, um zu schnorcheln \u2013 ein wahres nat\u00fcrliches Aquarium, in dem Sie zwischen bunten tropischen Fischen, Meeresschildkr\u00f6ten und vielleicht sogar Rochen oder Riffhaien schwimmen k\u00f6nnen.<br \/>Anschlie\u00dfend haben Sie freie Zeit, um die menschenleeren Str\u00e4nde Tetiaroas zu genie\u00dfen \u2013 unber\u00fchrt, ges\u00e4umt von Palmen und der perfekte Ort zum Entspannen, Schwimmen oder Spazierengehen. <\/p>\n<p>Nach einem erfrischenden Bad wird an Bord das Mittagessen serviert \u2013 eine k\u00f6stliche polynesische Mahlzeit mit tahitianischem Rohfisch, gegrilltem H\u00e4hnchen, frischen Salaten und tropischen Fr\u00fcchten aus der Region. Dies ist ein angenehmer Moment, um sich mit den anderen Teilnehmern auszutauschen und gleichzeitig den atemberaubenden Blick auf den Ozean zu genie\u00dfen. <\/p>\n<p>Nach Ihrer Freizeit wird es Zeit, wieder an Bord des Katamarans zu gehen und die R\u00fcckfahrt nach Tahiti anzutreten \u2013 eine letzte Gelegenheit, die au\u00dfergew\u00f6hnlichen Landschaften von Tetiaroa zu genie\u00dfen, bevor Sie in die Zivilisation zur\u00fcckkehren und erneut den Pazifischen Ozean \u00fcberqueren, um nach Papeete zur\u00fcckzukehren.<\/p>\n","protected":false},"excerpt":{"rendered":"<p>Voici la traduction en allemand :<br \/>Segelt ins Paradies \u26f5\ud83c\udfdd\ufe0f \u2014 Entdeckt Marlon Brandos magisches Atoll! \ud83c\udf3a\ud83d\udc20 <\/p>\n","protected":false},"featured_media":12733,"comment_status":"open","ping_status":"closed","template":"","meta":{"inline_featured_image":false},"country":[],"product_brand":[],"product_cat":[214],"product_tag":[241],"class_list":{"0":"post-12717","1":"product","2":"type-product","3":"status-publish","4":"has-post-thumbnail","6":"product_cat-aktivitaten","7":"product_tag-tahiti-de","9":"first","10":"instock","11":"shipping-taxable","12":"purchasable","13":"product-type-simple"},"acf":[],"_links":{"self":[{"href":"https:\/\/stayinn.travel\/de\/wp-json\/wp\/v2\/product\/12717","targetHints":{"allow":["GET"]}}],"collection":[{"href":"https:\/\/stayinn.travel\/de\/wp-json\/wp\/v2\/product"}],"about":[{"href":"https:\/\/stayinn.travel\/de\/wp-json\/wp\/v2\/types\/product"}],"replies":[{"embeddable":true,"href":"https:\/\/stayinn.travel\/de\/wp-json\/wp\/v2\/comments?post=12717"}],"wp:featuredmedia":[{"embeddable":true,"href":"https:\/\/stayinn.travel\/de\/wp-json\/wp\/v2\/media\/12733"}],"wp:attachment":[{"href":"https:\/\/stayinn.travel\/de\/wp-json\/wp\/v2\/media?parent=12717"}],"wp:term":[{"taxonomy":"country","embeddable":true,"href":"https:\/\/stayinn.travel\/de\/wp-json\/wp\/v2\/country?post=12717"},{"taxonomy":"product_brand","embeddable":true,"href":"https:\/\/stayinn.travel\/de\/wp-json\/wp\/v2\/product_brand?post=12717"},{"taxonomy":"product_cat","embeddable":true,"href":"https:\/\/stayinn.travel\/de\/wp-json\/wp\/v2\/product_cat?post=12717"},{"taxonomy":"product_tag","embeddable":true,"href":"https:\/\/stayinn.travel\/de\/wp-json\/wp\/v2\/product_tag?post=12717"}],"curies":[{"name":"wp","href":"https:\/\/api.w.org\/{rel}","templated":true}]}}