{"id":12805,"date":"2025-05-13T06:36:17","date_gmt":"2025-05-13T06:36:17","guid":{"rendered":"https:\/\/stayinn.travel\/product\/polynesisches-paradies-exklusive-gruppenreise\/"},"modified":"2025-12-28T19:36:50","modified_gmt":"2025-12-28T19:36:50","slug":"polynesisches-paradies-exklusive-gruppenreise","status":"publish","type":"product","link":"https:\/\/stayinn.travel\/de\/product\/polynesisches-paradies-exklusive-gruppenreise\/","title":{"rendered":"Polynesisches Paradies, Exklusive Gruppenreise"},"content":{"rendered":"<p class=\"\" data-start=\"124\" data-end=\"160\">\ud83c\udf34Willkommen im Paradies auf Erden!<\/p>\n<p class=\"\" data-start=\"162\" data-end=\"252\">\u2728 Entdecke den bezaubernden Charme der Gesellschaftsinseln und des wilden Tuamotu-Archipels.<\/p>\n<p class=\"\" data-start=\"254\" data-end=\"356\">Wir laden Sie ein, Franz\u00f6sisch-Polynesien mit unserem exklusiven Angebot f\u00fcr Gruppen von bis zu 8 Personen zu entdecken.<\/p>\n<p class=\"\" data-start=\"358\" data-end=\"628\">Machen Sie sich bereit f\u00fcr ein unvergessliches Abenteuer, w\u00e4hrend Sie vier ikonische Inseln besuchen: Tahiti, Moorea, Taha\u2019a und Rangiroa.<br data-start=\"475\" data-end=\"478\">Genie\u00dfen Sie ein All-inclusive-Paket, das Ihre Unterk\u00fcnfte, Fl\u00fcge und F\u00e4hren zwischen den Inseln, Mietwagen sowie Aktivit\u00e4ten umfasst.<\/p>\n<p class=\"\" data-start=\"630\" data-end=\"706\">\u26f1\ufe0f Reisen Sie in Ihrem eigenen Tempo, ganz stressfrei und voll eingetaucht in den Zauber der Inseln.<\/p>\n<hr class=\"\" data-start=\"708\" data-end=\"711\">\n<p class=\"\" data-start=\"713\" data-end=\"738\">\ud83c\udfdd\ufe0f<strong data-start=\"717\" data-end=\"738\">EINGESCHLOSSENE INSELN:<\/strong><\/p>\n<ul data-start=\"740\" data-end=\"783\">\n<li class=\"\" data-start=\"740\" data-end=\"750\">\n<p class=\"\" data-start=\"742\" data-end=\"750\">Tahiti<\/p>\n<\/li>\n<li class=\"\" data-start=\"751\" data-end=\"761\">\n<p class=\"\" data-start=\"753\" data-end=\"761\">Moorea<\/p>\n<\/li>\n<li class=\"\" data-start=\"762\" data-end=\"772\">\n<p class=\"\" data-start=\"764\" data-end=\"772\">Taha\u2019a<\/p>\n<\/li>\n<li class=\"\" data-start=\"773\" data-end=\"783\">\n<p class=\"\" data-start=\"775\" data-end=\"783\">Rangiroa<\/p>\n<\/li>\n<\/ul>\n<p class=\"\" data-start=\"785\" data-end=\"808\">\u2705 PAKET BEINHALTET:<\/p>\n<ul data-start=\"810\" data-end=\"976\">\n<li class=\"\" data-start=\"810\" data-end=\"833\">\n<p class=\"\" data-start=\"812\" data-end=\"833\">13 nights \/ 14 days<\/p>\n<\/li>\n<li class=\"\" data-start=\"834\" data-end=\"852\">\n<p class=\"\" data-start=\"836\" data-end=\"852\">Unterk\u00fcnfte<\/p>\n<\/li>\n<li class=\"\" data-start=\"853\" data-end=\"897\">\n<p class=\"\" data-start=\"855\" data-end=\"897\">Fl\u00fcge und F\u00e4hrtransfers zwischen den Inseln<\/p>\n<\/li>\n<li class=\"\" data-start=\"898\" data-end=\"913\">\n<p class=\"\" data-start=\"900\" data-end=\"913\">Mietwagen<\/p>\n<\/li>\n<li class=\"\" data-start=\"914\" data-end=\"976\">\n<p class=\"\" data-start=\"916\" data-end=\"976\">Aktivit\u00e4ten (einschlie\u00dflich kultureller Erlebnisse und gef\u00fchrter Touren)<\/p>\n<\/li>\n<\/ul>\n","protected":false},"excerpt":{"rendered":"<p>\ud83d\udc68\u200d\ud83d\udc69\u200d\ud83d\udc67\u200d\ud83d\udc66 Ein Inselabenteuer f\u00fcr Gruppen \u2013 das Paradies erwartet Sie!<\/p>\n","protected":false},"featured_media":12712,"comment_status":"open","ping_status":"closed","template":"","meta":{"inline_featured_image":false},"country":[],"product_brand":[],"product_cat":[215],"product_tag":[],"class_list":{"0":"post-12805","1":"product","2":"type-product","3":"status-publish","4":"has-post-thumbnail","6":"product_cat-pakete","8":"first","9":"instock","10":"shipping-taxable","11":"purchasable","12":"product-type-simple"},"acf":[],"_links":{"self":[{"href":"https:\/\/stayinn.travel\/de\/wp-json\/wp\/v2\/product\/12805","targetHints":{"allow":["GET"]}}],"collection":[{"href":"https:\/\/stayinn.travel\/de\/wp-json\/wp\/v2\/product"}],"about":[{"href":"https:\/\/stayinn.travel\/de\/wp-json\/wp\/v2\/types\/product"}],"replies":[{"embeddable":true,"href":"https:\/\/stayinn.travel\/de\/wp-json\/wp\/v2\/comments?post=12805"}],"wp:featuredmedia":[{"embeddable":true,"href":"https:\/\/stayinn.travel\/de\/wp-json\/wp\/v2\/media\/12712"}],"wp:attachment":[{"href":"https:\/\/stayinn.travel\/de\/wp-json\/wp\/v2\/media?parent=12805"}],"wp:term":[{"taxonomy":"country","embeddable":true,"href":"https:\/\/stayinn.travel\/de\/wp-json\/wp\/v2\/country?post=12805"},{"taxonomy":"product_brand","embeddable":true,"href":"https:\/\/stayinn.travel\/de\/wp-json\/wp\/v2\/product_brand?post=12805"},{"taxonomy":"product_cat","embeddable":true,"href":"https:\/\/stayinn.travel\/de\/wp-json\/wp\/v2\/product_cat?post=12805"},{"taxonomy":"product_tag","embeddable":true,"href":"https:\/\/stayinn.travel\/de\/wp-json\/wp\/v2\/product_tag?post=12805"}],"curies":[{"name":"wp","href":"https:\/\/api.w.org\/{rel}","templated":true}]}}