{"id":12859,"date":"2025-04-23T02:56:01","date_gmt":"2025-04-23T02:56:01","guid":{"rendered":"https:\/\/stayinn.travel\/product\/berge-und-wilde-tuamotus-authentische-polinesien\/"},"modified":"2025-12-29T01:48:58","modified_gmt":"2025-12-29T01:48:58","slug":"berge-und-wilde-tuamotus-authentische-polinesien","status":"publish","type":"product","link":"https:\/\/stayinn.travel\/de\/product\/berge-und-wilde-tuamotus-authentische-polinesien\/","title":{"rendered":"Berge und wilde Tuamotus, authentische Polinesien"},"content":{"rendered":"<p class=\"\" data-start=\"744\" data-end=\"780\">\ud83c\udf34Willkommen im Paradies auf Erden!<\/p>\n<p class=\"\" data-start=\"782\" data-end=\"862\">\u2728 Entdecke den bezaubernden Charme der Inseln unter dem Winde und der wilden Tuamotus.<\/p>\n<p class=\"\" data-start=\"864\" data-end=\"1027\">Wir laden dich ein, eine weniger bekannte, unber\u00fchrte Seite Franz\u00f6sisch-Polynesiens mit unserem exklusiven Paket zu entdecken, das f\u00fcr Naturliebhaber und Suchende nach Authentizit\u00e4t entwickelt wurde.<\/p>\n<p class=\"\" data-start=\"1029\" data-end=\"1278\">Mach dich bereit f\u00fcr ein unvergessliches Abenteuer, w\u00e4hrend du vier einzigartige Inseln besuchst: Tahiti, Moorea, Ahe und Manihi.<br data-start=\"1141\" data-end=\"1144\">Diese All-inclusive-Reise umfasst deine Unterk\u00fcnfte, Mietwagen und eine sorgf\u00e4ltig zusammengestellte Auswahl an immersiven Aktivit\u00e4ten.<\/p>\n<p class=\"\" data-start=\"1280\" data-end=\"1373\">\ud83c\udf3a Reise in deinem eigenen Tempo, stressfrei, und lass die Magie der Inseln deine Reise leiten.<\/p>\n<p class=\"\" data-start=\"383\" data-end=\"408\">\ud83c\udfdd\ufe0f<strong data-start=\"387\" data-end=\"408\">EINGESCHLOSSENE INSELN:<\/strong><\/p>\n<ul data-start=\"410\" data-end=\"448\">\n<li class=\"\" data-start=\"410\" data-end=\"420\">\n<p class=\"\" data-start=\"412\" data-end=\"420\">Tahiti<\/p>\n<\/li>\n<li class=\"\" data-start=\"421\" data-end=\"431\">\n<p class=\"\" data-start=\"423\" data-end=\"431\">Moorea<\/p>\n<\/li>\n<li class=\"\" data-start=\"432\" data-end=\"439\">\n<p class=\"\" data-start=\"434\" data-end=\"439\">Ahe<\/p>\n<\/li>\n<li class=\"\" data-start=\"440\" data-end=\"448\">\n<p class=\"\" data-start=\"442\" data-end=\"448\">Manihi<\/p>\n<\/li>\n<\/ul>\n<p class=\"\" data-start=\"450\" data-end=\"473\">\u2705 PAKET BEINHALTET:<\/p>\n<ul data-start=\"475\" data-end=\"611\">\n<li class=\"\" data-start=\"475\" data-end=\"498\">\n<p class=\"\" data-start=\"477\" data-end=\"498\">12 N\u00e4chte \/ 13 Tage<\/p>\n<\/li>\n<li class=\"\" data-start=\"499\" data-end=\"529\">\n<p class=\"\" data-start=\"501\" data-end=\"529\">Komfortable Unterk\u00fcnfte<\/p>\n<\/li>\n<li class=\"\" data-start=\"530\" data-end=\"545\">\n<p class=\"\" data-start=\"532\" data-end=\"545\">Mietwagen<\/p>\n<\/li>\n<li class=\"\" data-start=\"546\" data-end=\"576\">\n<p class=\"\" data-start=\"548\" data-end=\"576\">Ausgew\u00e4hlte gef\u00fchrte Aktivit\u00e4ten<\/p>\n<\/li>\n<li class=\"\" data-start=\"577\" data-end=\"611\">\n<p class=\"\" data-start=\"579\" data-end=\"611\">Inselfl\u00fcge und Transfers<\/p>\n<\/li>\n<\/ul>\n","protected":false},"excerpt":{"rendered":"<p>\ud83c\udf3a Authentizit\u00e4t erwartet dich \u2013 fernab der ausgetretenen Pfade.<\/p>\n","protected":false},"featured_media":1387,"comment_status":"open","ping_status":"closed","template":"","meta":{"inline_featured_image":false},"country":[],"product_brand":[],"product_cat":[215],"product_tag":[],"class_list":{"0":"post-12859","1":"product","2":"type-product","3":"status-publish","4":"has-post-thumbnail","6":"product_cat-pakete","8":"first","9":"instock","10":"shipping-taxable","11":"purchasable","12":"product-type-simple"},"acf":[],"_links":{"self":[{"href":"https:\/\/stayinn.travel\/de\/wp-json\/wp\/v2\/product\/12859","targetHints":{"allow":["GET"]}}],"collection":[{"href":"https:\/\/stayinn.travel\/de\/wp-json\/wp\/v2\/product"}],"about":[{"href":"https:\/\/stayinn.travel\/de\/wp-json\/wp\/v2\/types\/product"}],"replies":[{"embeddable":true,"href":"https:\/\/stayinn.travel\/de\/wp-json\/wp\/v2\/comments?post=12859"}],"wp:featuredmedia":[{"embeddable":true,"href":"https:\/\/stayinn.travel\/de\/wp-json\/wp\/v2\/media\/1387"}],"wp:attachment":[{"href":"https:\/\/stayinn.travel\/de\/wp-json\/wp\/v2\/media?parent=12859"}],"wp:term":[{"taxonomy":"country","embeddable":true,"href":"https:\/\/stayinn.travel\/de\/wp-json\/wp\/v2\/country?post=12859"},{"taxonomy":"product_brand","embeddable":true,"href":"https:\/\/stayinn.travel\/de\/wp-json\/wp\/v2\/product_brand?post=12859"},{"taxonomy":"product_cat","embeddable":true,"href":"https:\/\/stayinn.travel\/de\/wp-json\/wp\/v2\/product_cat?post=12859"},{"taxonomy":"product_tag","embeddable":true,"href":"https:\/\/stayinn.travel\/de\/wp-json\/wp\/v2\/product_tag?post=12859"}],"curies":[{"name":"wp","href":"https:\/\/api.w.org\/{rel}","templated":true}]}}