{"id":12924,"date":"2025-05-13T06:36:12","date_gmt":"2025-05-13T06:36:12","guid":{"rendered":"https:\/\/stayinn.travel\/product\/polynesischer-golf-rueckzugsort-ein-premiumerlebnis-fuer-gruppen\/"},"modified":"2025-12-29T02:53:24","modified_gmt":"2025-12-29T02:53:24","slug":"polynesischer-golf-rueckzugsort-ein-premiumerlebnis-fuer-gruppen","status":"publish","type":"product","link":"https:\/\/stayinn.travel\/de\/product\/polynesischer-golf-rueckzugsort-ein-premiumerlebnis-fuer-gruppen\/","title":{"rendered":"Polynesischer Golf-R\u00fcckzugsort: Ein Premiumerlebnis f\u00fcr Gruppen"},"content":{"rendered":"<p class=\"\" data-start=\"91\" data-end=\"127\">\ud83c\udf34Willkommen im Paradies auf Erden!<\/p>\n<p class=\"\" data-start=\"129\" data-end=\"219\">\u2728 Entdecke den bezaubernden Charme der Gesellschaftsinseln und des wilden Tuamotu-Archipels.<\/p>\n<p class=\"\" data-start=\"221\" data-end=\"342\">Wir laden Sie ein, Franz\u00f6sisch-Polynesien mit unserem exklusiven Golf- und Luxuspaket f\u00fcr Gruppen von bis zu 8 Personen zu erleben.<\/p>\n<p class=\"\" data-start=\"344\" data-end=\"614\">Machen Sie sich bereit f\u00fcr ein unvergessliches Abenteuer, w\u00e4hrend Sie vier ikonische Inseln besuchen: Tahiti, Moorea, Taha\u2019a und Rangiroa.<br data-start=\"461\" data-end=\"464\">Genie\u00dfen Sie ein All-inclusive-Paket, das Ihre Unterk\u00fcnfte, Fl\u00fcge und F\u00e4hren zwischen den Inseln, Mietwagen sowie Aktivit\u00e4ten umfasst.<\/p>\n<p class=\"\" data-start=\"616\" data-end=\"692\">\u26f1\ufe0f Reisen Sie in Ihrem eigenen Tempo, ganz stressfrei und voll eingetaucht in den Zauber der Inseln.<\/p>\n<hr class=\"\" data-start=\"694\" data-end=\"697\">\n<p class=\"\" data-start=\"699\" data-end=\"724\">\ud83c\udfdd\ufe0f<strong data-start=\"703\" data-end=\"724\">EINGESCHLOSSENE INSELN:<\/strong><\/p>\n<ul data-start=\"726\" data-end=\"769\">\n<li class=\"\" data-start=\"726\" data-end=\"736\">\n<p class=\"\" data-start=\"728\" data-end=\"736\">Tahiti<\/p>\n<\/li>\n<li class=\"\" data-start=\"737\" data-end=\"747\">\n<p class=\"\" data-start=\"739\" data-end=\"747\">Moorea<\/p>\n<\/li>\n<li class=\"\" data-start=\"748\" data-end=\"758\">\n<p class=\"\" data-start=\"750\" data-end=\"758\">Taha\u2019a<\/p>\n<\/li>\n<li class=\"\" data-start=\"759\" data-end=\"769\">\n<p class=\"\" data-start=\"761\" data-end=\"769\">Rangiroa<\/p>\n<\/li>\n<\/ul>\n<p class=\"\" data-start=\"771\" data-end=\"794\">\u2705 PAKET BEINHALTET:<\/p>\n<ul data-start=\"796\" data-end=\"940\">\n<li class=\"\" data-start=\"796\" data-end=\"819\">\n<p class=\"\" data-start=\"798\" data-end=\"819\">13 nights \/ 14 days<\/p>\n<\/li>\n<li class=\"\" data-start=\"820\" data-end=\"838\">\n<p class=\"\" data-start=\"822\" data-end=\"838\">Unterk\u00fcnfte<\/p>\n<\/li>\n<li class=\"\" data-start=\"839\" data-end=\"883\">\n<p class=\"\" data-start=\"841\" data-end=\"883\">Fl\u00fcge und F\u00e4hrtransfers zwischen den Inseln<\/p>\n<\/li>\n<li class=\"\" data-start=\"884\" data-end=\"899\">\n<p class=\"\" data-start=\"886\" data-end=\"899\">Mietwagen<\/p>\n<\/li>\n<li class=\"\" data-start=\"900\" data-end=\"940\">\n<p class=\"\" data-start=\"902\" data-end=\"940\">Golfaktivit\u00e4ten und Luxuserlebnisse<\/p>\n<\/li>\n<\/ul>\n","protected":false},"excerpt":{"rendered":"<p>\u26f3 Schlagen Sie im Paradies ab mit Ihrer Gruppe \u2013 wo Luxus auf Golf trifft<\/p>\n","protected":false},"featured_media":12933,"comment_status":"open","ping_status":"closed","template":"","meta":{"inline_featured_image":false},"country":[],"product_brand":[],"product_cat":[215],"product_tag":[],"class_list":{"0":"post-12924","1":"product","2":"type-product","3":"status-publish","4":"has-post-thumbnail","6":"product_cat-pakete","8":"first","9":"instock","10":"shipping-taxable","11":"purchasable","12":"product-type-simple"},"acf":[],"_links":{"self":[{"href":"https:\/\/stayinn.travel\/de\/wp-json\/wp\/v2\/product\/12924","targetHints":{"allow":["GET"]}}],"collection":[{"href":"https:\/\/stayinn.travel\/de\/wp-json\/wp\/v2\/product"}],"about":[{"href":"https:\/\/stayinn.travel\/de\/wp-json\/wp\/v2\/types\/product"}],"replies":[{"embeddable":true,"href":"https:\/\/stayinn.travel\/de\/wp-json\/wp\/v2\/comments?post=12924"}],"wp:featuredmedia":[{"embeddable":true,"href":"https:\/\/stayinn.travel\/de\/wp-json\/wp\/v2\/media\/12933"}],"wp:attachment":[{"href":"https:\/\/stayinn.travel\/de\/wp-json\/wp\/v2\/media?parent=12924"}],"wp:term":[{"taxonomy":"country","embeddable":true,"href":"https:\/\/stayinn.travel\/de\/wp-json\/wp\/v2\/country?post=12924"},{"taxonomy":"product_brand","embeddable":true,"href":"https:\/\/stayinn.travel\/de\/wp-json\/wp\/v2\/product_brand?post=12924"},{"taxonomy":"product_cat","embeddable":true,"href":"https:\/\/stayinn.travel\/de\/wp-json\/wp\/v2\/product_cat?post=12924"},{"taxonomy":"product_tag","embeddable":true,"href":"https:\/\/stayinn.travel\/de\/wp-json\/wp\/v2\/product_tag?post=12924"}],"curies":[{"name":"wp","href":"https:\/\/api.w.org\/{rel}","templated":true}]}}