{"id":13128,"date":"2025-04-16T10:16:10","date_gmt":"2025-04-16T10:16:10","guid":{"rendered":"https:\/\/stayinn.travel\/product\/paket-3-naechte-4-tage\/"},"modified":"2026-04-24T22:14:36","modified_gmt":"2026-04-24T22:14:36","slug":"paket-3-naechte-4-tage","status":"publish","type":"product","link":"https:\/\/stayinn.travel\/de\/product\/paket-3-naechte-4-tage\/","title":{"rendered":"PAKET 3 N\u00c4CHTE \/ 4 TAGE"},"content":{"rendered":"<p>Im S\u00fcdwesten von Tahiti, \u00fcbernachten Sie in einem traditionellen Bungalow am Lagunenrand auf einem Grundst\u00fcck mit einem sch\u00f6nen Gemeinschaftspool und Lagunenblick. Erkunden Sie die Insel unabh\u00e4ngig und in Ihrem eigenen Tempo mit Ihrem Mietwagen.<br data-start=\"255\" data-end=\"258\">Nehmen Sie an einer 4&#215;4-Safari teil und durchqueren Sie das Inselinnere, navigieren Sie durch steile Berge, den Krater des alten Vulkans und bestaunen Sie die atemberaubenden Wasserf\u00e4lle, die Tierwelt und die Flora.<br data-start=\"451\" data-end=\"454\">Genie\u00dfen Sie eine Bootstour, um die ber\u00fchmte Teahupoo-Welle der Olympischen Spiele 2024 und die s\u00fcdliche Lagune der Insel mit ihren Fl\u00fcssen, \u00fcppigen W\u00e4ldern und weiteren \u00dcberraschungen zu entdecken! <\/p>\n<p><b>Preis<\/b><b> :<\/b> <\/p>\n<ul>\n<li style=\"font-weight: 400;\" aria-level=\"1\"><span style=\"font-weight: 400;\">1 150 \u20ac f\u00fcr 2 Personen<\/span><\/li>\n<li style=\"font-weight: 400;\" aria-level=\"1\"><span style=\"font-weight: 400;\">1 353 \u20ac f\u00fcr 3 Personen<\/span><\/li>\n<\/ul>\n<p data-start=\"252\" data-end=\"266\"><strong data-start=\"252\" data-end=\"266\">ENTHALTEN :<\/strong><\/p>\n<ul data-start=\"268\" data-end=\"440\" data-is-last-node=\"\" data-is-only-node=\"\">\n<li data-start=\"268\" data-end=\"297\">\n<p data-start=\"270\" data-end=\"297\">1 Doppelbett + 1 Einzelbett<\/p>\n<\/li>\n<li data-start=\"298\" data-end=\"313\">\n<p data-start=\"300\" data-end=\"313\">1 Duschraum<\/p>\n<\/li>\n<li data-start=\"314\" data-end=\"327\">\n<p data-start=\"316\" data-end=\"327\">Lagunenblick<\/p>\n<\/li>\n<li data-start=\"328\" data-end=\"341\">\n<p data-start=\"330\" data-end=\"341\">Gemeinschaftspool<\/p>\n<\/li>\n<li data-start=\"342\" data-end=\"348\">\n<p data-start=\"344\" data-end=\"348\">Wlan<\/p>\n<\/li>\n<li data-start=\"349\" data-end=\"378\">\n<p data-start=\"351\" data-end=\"378\">Traditioneller Holzbungalow<\/p>\n<\/li>\n<li data-start=\"379\" data-end=\"403\">\n<p data-start=\"381\" data-end=\"403\">1 4&#215;4-Safari-Exkursion<\/p>\n<\/li>\n<li data-start=\"404\" data-end=\"422\">\n<p data-start=\"406\" data-end=\"422\">1 Bootsausflug<\/p>\n<\/li>\n<li data-start=\"423\" data-end=\"440\" data-is-last-node=\"\">\n<p data-start=\"425\" data-end=\"440\" data-is-last-node=\"\">1 Autovermietung<\/p>\n<\/li>\n<\/ul>\n","protected":false},"excerpt":{"rendered":"<p>Genie\u00dfen Sie ein Paket von 3 N\u00e4chten, 4 Tagen, das Ihre Unterkunft, Mietwagen, eine Landaktivit\u00e4t und eine Wasseraktivit\u00e4t umfasst!<\/p>\n","protected":false},"featured_media":13137,"comment_status":"open","ping_status":"closed","template":"","meta":{"inline_featured_image":false},"country":[],"product_brand":[],"product_cat":[215],"product_tag":[],"class_list":{"0":"post-13128","1":"product","2":"type-product","3":"status-publish","4":"has-post-thumbnail","6":"product_cat-pakete","8":"first","9":"instock","10":"shipping-taxable","11":"purchasable","12":"product-type-simple"},"acf":[],"_links":{"self":[{"href":"https:\/\/stayinn.travel\/de\/wp-json\/wp\/v2\/product\/13128","targetHints":{"allow":["GET"]}}],"collection":[{"href":"https:\/\/stayinn.travel\/de\/wp-json\/wp\/v2\/product"}],"about":[{"href":"https:\/\/stayinn.travel\/de\/wp-json\/wp\/v2\/types\/product"}],"replies":[{"embeddable":true,"href":"https:\/\/stayinn.travel\/de\/wp-json\/wp\/v2\/comments?post=13128"}],"wp:featuredmedia":[{"embeddable":true,"href":"https:\/\/stayinn.travel\/de\/wp-json\/wp\/v2\/media\/13137"}],"wp:attachment":[{"href":"https:\/\/stayinn.travel\/de\/wp-json\/wp\/v2\/media?parent=13128"}],"wp:term":[{"taxonomy":"country","embeddable":true,"href":"https:\/\/stayinn.travel\/de\/wp-json\/wp\/v2\/country?post=13128"},{"taxonomy":"product_brand","embeddable":true,"href":"https:\/\/stayinn.travel\/de\/wp-json\/wp\/v2\/product_brand?post=13128"},{"taxonomy":"product_cat","embeddable":true,"href":"https:\/\/stayinn.travel\/de\/wp-json\/wp\/v2\/product_cat?post=13128"},{"taxonomy":"product_tag","embeddable":true,"href":"https:\/\/stayinn.travel\/de\/wp-json\/wp\/v2\/product_tag?post=13128"}],"curies":[{"name":"wp","href":"https:\/\/api.w.org\/{rel}","templated":true}]}}