{"id":13781,"date":"2025-04-17T01:11:05","date_gmt":"2025-04-17T01:11:05","guid":{"rendered":"https:\/\/stayinn.travel\/product\/ein-sinnliches-erwachen-in-polynesien-ein-familien-eco-abenteuer\/"},"modified":"2026-04-25T00:55:13","modified_gmt":"2026-04-25T00:55:13","slug":"ein-sinnliches-erwachen-in-polynesien-ein-familien-eco-abenteuer","status":"publish","type":"product","link":"https:\/\/stayinn.travel\/de\/product\/ein-sinnliches-erwachen-in-polynesien-ein-familien-eco-abenteuer\/","title":{"rendered":"Ein sinnliches Erwachen in Polynesien: Ein Familien-Eco-Abenteuer"},"content":{"rendered":"<h3 class=\"\" data-start=\"154\" data-end=\"196\">\ud83c\udf34 Willkommen im Paradies auf Erden! <\/h3>\n<h3 class=\"\" data-start=\"154\" data-end=\"196\"><strong data-start=\"161\" data-end=\"194\">\ud83c\udf31 <em data-start=\"690\" data-end=\"753\">&#8222;Reise sanft, lebe voll \u2013 eine umweltfreundliche Inselreise.&#8220;<\/em><\/strong><\/h3>\n<p class=\"\" data-start=\"197\" data-end=\"401\">Wir laden Sie ein, den bezaubernden Charme der <strong data-start=\"251\" data-end=\"298\">Gesellschaftsinseln und des Tuamotu-Archipels <\/strong>in Franz\u00f6sisch-Polynesien mit <strong data-start=\"328\" data-end=\"362\">unserem exklusiven, umweltfreundlichen Paket zu entdecken,<\/strong> das f\u00fcr 2 Erwachsene und 2 Kinder konzipiert wurde.<\/p>\n<p class=\"\" data-start=\"403\" data-end=\"729\">Machen Sie sich bereit f\u00fcr eine unvergessliche Reise \u00fcber 5 ikonische Inseln:<strong data-start=\"467\" data-end=\"516\"> Tahiti, Moorea, Raiatea, Taha\u2019a und Fakarava.<\/strong><br data-start=\"517\" data-end=\"520\">Dieses sorgf\u00e4ltig zusammengestellte Paket beinhaltet Ihre Unterk\u00fcnfte, Mietwagen und ein vollst\u00e4ndiges Programm zu <strong data-start=\"619\" data-end=\"652\">100 % \u00f6kologischer Aktivit\u00e4ten.<\/strong><br data-start=\"653\" data-end=\"656\">Reisen Sie in Ihrem eigenen Tempo, mit ruhigem Gewissen \u2013 und in Harmonie mit der Natur.<\/p>\n<hr class=\"\" data-start=\"731\" data-end=\"734\">\n<h3 class=\"\" data-start=\"736\" data-end=\"765\">\ud83c\udfdd\ufe0f<strong data-start=\"744\" data-end=\"765\">EINGESCHLOSSENE INSELN:<\/strong><\/h3>\n<ul data-start=\"767\" data-end=\"822\">\n<li class=\"\" data-start=\"767\" data-end=\"777\">\n<p class=\"\" data-start=\"769\" data-end=\"777\">Tahiti<\/p>\n<\/li>\n<li class=\"\" data-start=\"778\" data-end=\"788\">\n<p class=\"\" data-start=\"780\" data-end=\"788\">Moorea<\/p>\n<\/li>\n<li class=\"\" data-start=\"789\" data-end=\"800\">\n<p class=\"\" data-start=\"791\" data-end=\"800\">Raiatea<\/p>\n<\/li>\n<li class=\"\" data-start=\"801\" data-end=\"811\">\n<p class=\"\" data-start=\"803\" data-end=\"811\">Taha\u2019a<\/p>\n<\/li>\n<li class=\"\" data-start=\"812\" data-end=\"822\">\n<p class=\"\" data-start=\"814\" data-end=\"822\">Fakarava<\/p>\n<\/li>\n<\/ul>\n<hr class=\"\" data-start=\"824\" data-end=\"827\">\n<h3 class=\"\" data-start=\"829\" data-end=\"856\">\u2705 PAKET BEINHALTET:<\/h3>\n<ul data-start=\"858\" data-end=\"987\">\n<li class=\"\" data-start=\"858\" data-end=\"881\">\n<p class=\"\" data-start=\"860\" data-end=\"881\">15 N\u00e4chte \/ 16 Tage<\/p>\n<\/li>\n<li class=\"\" data-start=\"882\" data-end=\"900\">\n<p class=\"\" data-start=\"884\" data-end=\"900\">Unterk\u00fcnfte<\/p>\n<\/li>\n<li class=\"\" data-start=\"901\" data-end=\"916\">\n<p class=\"\" data-start=\"903\" data-end=\"916\">Mietwagen<\/p>\n<\/li>\n<li class=\"\" data-start=\"917\" data-end=\"944\">\n<p class=\"\" data-start=\"919\" data-end=\"944\">\u00d6kologische Ausfl\u00fcge<\/p>\n<\/li>\n<li class=\"\" data-start=\"945\" data-end=\"987\">\n<p class=\"\" data-start=\"947\" data-end=\"987\">Inlandsfl\u00fcge und F\u00e4hrtransfers<\/p>\n<\/li>\n<\/ul>\n","protected":false},"excerpt":{"rendered":"<p><strong>\ud83c\udf31 &#8222;Reise sanft, lebe voll \u2013 eine umweltfreundliche Inselreise.&#8220;<\/strong><\/p>\n","protected":false},"featured_media":1302,"comment_status":"open","ping_status":"closed","template":"","meta":{"inline_featured_image":false},"country":[],"product_brand":[],"product_cat":[215],"product_tag":[],"class_list":{"0":"post-13781","1":"product","2":"type-product","3":"status-publish","4":"has-post-thumbnail","6":"product_cat-pakete","8":"first","9":"instock","10":"shipping-taxable","11":"purchasable","12":"product-type-simple"},"acf":[],"_links":{"self":[{"href":"https:\/\/stayinn.travel\/de\/wp-json\/wp\/v2\/product\/13781","targetHints":{"allow":["GET"]}}],"collection":[{"href":"https:\/\/stayinn.travel\/de\/wp-json\/wp\/v2\/product"}],"about":[{"href":"https:\/\/stayinn.travel\/de\/wp-json\/wp\/v2\/types\/product"}],"replies":[{"embeddable":true,"href":"https:\/\/stayinn.travel\/de\/wp-json\/wp\/v2\/comments?post=13781"}],"wp:featuredmedia":[{"embeddable":true,"href":"https:\/\/stayinn.travel\/de\/wp-json\/wp\/v2\/media\/1302"}],"wp:attachment":[{"href":"https:\/\/stayinn.travel\/de\/wp-json\/wp\/v2\/media?parent=13781"}],"wp:term":[{"taxonomy":"country","embeddable":true,"href":"https:\/\/stayinn.travel\/de\/wp-json\/wp\/v2\/country?post=13781"},{"taxonomy":"product_brand","embeddable":true,"href":"https:\/\/stayinn.travel\/de\/wp-json\/wp\/v2\/product_brand?post=13781"},{"taxonomy":"product_cat","embeddable":true,"href":"https:\/\/stayinn.travel\/de\/wp-json\/wp\/v2\/product_cat?post=13781"},{"taxonomy":"product_tag","embeddable":true,"href":"https:\/\/stayinn.travel\/de\/wp-json\/wp\/v2\/product_tag?post=13781"}],"curies":[{"name":"wp","href":"https:\/\/api.w.org\/{rel}","templated":true}]}}