{"id":15888,"date":"2026-03-23T08:30:13","date_gmt":"2026-03-23T08:30:13","guid":{"rendered":"https:\/\/stayinn.travel\/product\/tahiti-salty-dream-2\/"},"modified":"2026-04-16T10:34:55","modified_gmt":"2026-04-16T10:34:55","slug":"tahiti-salty-dream-2","status":"publish","type":"product","link":"https:\/\/stayinn.travel\/de\/product\/tahiti-salty-dream-2\/","title":{"rendered":"TAHITI &#8211; Salty Dream"},"content":{"rendered":"<p>TAHITI &#8211; SALTY DREAM<br \/>\n<br \/>Die Westk\u00fcste von Tahiti ist ein magischer Ort, an dem Sie die Panoramen zwischen Bergen und Lagunen desorientieren werden.<\/p>\n<p>Dieser h\u00fcbsche Tarif befindet sich im Stadtteil Paea. In der tahitianischen Sprache bedeutet &#8222;Fahrpreis&#8220; Haus. Ihre Unterkunft befindet sich direkt vor dem Strand mit Meerblick und allem modernen Komfort, den Sie f\u00fcr einen sch\u00f6nen Urlaub ben\u00f6tigen. Sie befindet sich im Herzen eines 2000 m\u00b2 gro\u00dfen Grundst\u00fccks mit Blumen und Obstb\u00e4umen, das Sie mit drei anderen teilen H\u00e4user. Die Unterkunft verf\u00fcgt \u00fcber 2 Schlafzimmer mit jeweils einem Kingsize-Bett und eines der Schlafzimmer ist mit einem Schlafsofa f\u00fcr 1 weitere Person ausgestattet. Die Kapazit\u00e4t dieser Unterkunft betr\u00e4gt maximal 5 Personen. Die bequeme Bettw\u00e4sche (orthop\u00e4dische Matratze) verspricht Ihnen erholsame und angenehme N\u00e4chte.<br \/>\n<br \/>Die K\u00fcche ist komplett ausgestattet, um alle Ihre Mahlzeiten vor Ort zuzubereiten und dabei den Blick auf das Meer zu bewundern. Das Sonnendeck mit Blick auf die Lagune ist Ihr Lieblingsort f\u00fcr Momente der Entspannung, des Lesens &#8230; Direkter und privater Zugang zum Strand direkt vor der T\u00fcr steht Ihnen ebenso zur Verf\u00fcgung wie die Kajaks, um die Meeressch\u00e4tze zu genie\u00dfen.<br \/>\n<br \/>Ein Waschraum ist mit 3 Waschmaschinen zug\u00e4nglich (extra waschen und vor Ort zu bezahlen).<br \/>\n<br \/>Die Klimaanlage in einem der Schlafzimmer ist kostenpflichtig (ein Z\u00e4hlerstand wird erhoben). Wechselrichtertechnologie<br \/>\n<br \/>Das Wasser ist trinkbar, da es mit einem Dolton-Wasserfilter gefiltert wird, sodass Sie keine Flaschen Wasser kaufen m\u00fcssen.<br \/>\n<br \/>In der N\u00e4he eines Supermarkts und der Nachbar, der Fischer ist, um sich mit frischem Fisch einzudecken, ist ideal f\u00fcr einen Urlaub mit Familie oder Freunden.<\/p>\n<p>Alle Reservierungen unterliegen der uneingeschr\u00e4nkten Annahme unserer allgemeinen Verkaufsbedingungen, die auf unserer Stayinn.Vacations-Website durch Klicken auf die Allgemeinen Gesch\u00e4ftsbedingungen angezeigt werden.<\/p>\n<p>Registrierungsnummer: 1562DTO-MT<\/p>\n<p>* Geh\u00e4use, das f\u00fcr die Quarant\u00e4ne geeignet ist.<\/p>\n","protected":false},"excerpt":{"rendered":"<p>TAHITI &#8211; SALTY DREAM Die Westk\u00fcste von Tahiti ist ein magischer Ort, an dem Sie die Panoramen zwischen Bergen und Lagunen desorientieren werden. Dieser h\u00fcbsche Tarif befindet sich im Stadtteil Paea. In der tahitianischen Sprache bedeutet &#8222;Fahrpreis&#8220; Haus. Ihre Unterkunft befindet sich direkt vor dem Strand mit Meerblick und allem modernen Komfort, den Sie f\u00fcr [&hellip;]<\/p>\n","protected":false},"featured_media":15883,"comment_status":"open","ping_status":"closed","template":"","meta":{"inline_featured_image":false},"country":[],"product_brand":[],"product_cat":[213],"product_tag":[],"class_list":{"0":"post-15888","1":"product","2":"type-product","3":"status-publish","4":"has-post-thumbnail","6":"product_cat-unterkunfte","8":"first","9":"instock","10":"shipping-taxable","11":"purchasable","12":"product-type-simple"},"acf":[],"_links":{"self":[{"href":"https:\/\/stayinn.travel\/de\/wp-json\/wp\/v2\/product\/15888","targetHints":{"allow":["GET"]}}],"collection":[{"href":"https:\/\/stayinn.travel\/de\/wp-json\/wp\/v2\/product"}],"about":[{"href":"https:\/\/stayinn.travel\/de\/wp-json\/wp\/v2\/types\/product"}],"replies":[{"embeddable":true,"href":"https:\/\/stayinn.travel\/de\/wp-json\/wp\/v2\/comments?post=15888"}],"wp:featuredmedia":[{"embeddable":true,"href":"https:\/\/stayinn.travel\/de\/wp-json\/wp\/v2\/media\/15883"}],"wp:attachment":[{"href":"https:\/\/stayinn.travel\/de\/wp-json\/wp\/v2\/media?parent=15888"}],"wp:term":[{"taxonomy":"country","embeddable":true,"href":"https:\/\/stayinn.travel\/de\/wp-json\/wp\/v2\/country?post=15888"},{"taxonomy":"product_brand","embeddable":true,"href":"https:\/\/stayinn.travel\/de\/wp-json\/wp\/v2\/product_brand?post=15888"},{"taxonomy":"product_cat","embeddable":true,"href":"https:\/\/stayinn.travel\/de\/wp-json\/wp\/v2\/product_cat?post=15888"},{"taxonomy":"product_tag","embeddable":true,"href":"https:\/\/stayinn.travel\/de\/wp-json\/wp\/v2\/product_tag?post=15888"}],"curies":[{"name":"wp","href":"https:\/\/api.w.org\/{rel}","templated":true}]}}