{"id":9172,"date":"2025-10-20T15:57:56","date_gmt":"2025-10-20T15:57:56","guid":{"rendered":"https:\/\/stayinn.travel\/product\/raiatea-puatou-seaside-apartment-2\/"},"modified":"2026-04-16T10:35:58","modified_gmt":"2026-04-16T10:35:58","slug":"raiatea-puatou-seaside-apartment-2","status":"publish","type":"product","link":"https:\/\/stayinn.travel\/de\/product\/raiatea-puatou-seaside-apartment-2\/","title":{"rendered":"RAIATEA &#8211; Puatou Seaside Apartment"},"content":{"rendered":"<p>Wohnen Sie in dieser 75m2 gro\u00dfen Wohnung im Erdgeschoss eines kleinen einst\u00f6ckigen Geb\u00e4udes mit Pool und direkt an der Lagune. Sie verbindet den Komfort eines Hotels mit den Vorteilen einer Familienpension.<\/p>\n<p>Diese Unterkunft liegt ideal in der N\u00e4he des Flughafens und der Stadt Uturoa.<\/p>\n<p>Sie besteht aus einem klimatisierten Schlafzimmer mit einem Kingsize-Bett und Stauraum f\u00fcr Ihre pers\u00f6nlichen Gegenst\u00e4nde. <\/p>\n<p>Im Wohnzimmer befindet sich ein Doppelschlafsofa, auf dem zwei weitere Personen Platz finden. Das Wohnzimmer ist mit einer voll ausgestatteten K\u00fcche verbunden und verf\u00fcgt \u00fcber einen Flachbildfernseher und einen kostenlosen WLAN-Internetzugang. <\/p>\n<p>Das moderne und schlichte Duschbad ist mit einer begehbaren Dusche, einem Waschbecken und einer Toilette ausgestattet. Die Toilettenartikel (Duschgel und Shampoo, Haartrockner) werden Ihnen von Ihren Gastgebern kostenlos zur Verf\u00fcgung gestellt.<\/p>\n<p>Der Bereich, in dem Sie den Gro\u00dfteil Ihrer Freizeit verbringen werden, ist die Terrasse am Pool mit herrlichem Blick auf die Lagune. Sie ist mit einem Tisch und St\u00fchlen ausgestattet, an dem Sie Ihre Mahlzeiten und Ihr Fr\u00fchst\u00fcck am Morgen genie\u00dfen k\u00f6nnen. <\/p>\n<p>Ihre Gastgeber werden Ihnen ein Willkommenspaket mit Tee, Kaffeekapseln, Zucker und einigen \u00dcberraschungen anbieten.<\/p>\n<p>Fr\u00fchst\u00fcck und Abendessen sind vor Ort gegen Aufpreis erh\u00e4ltlich. (Bitte kontaktieren Sie uns)<\/p>\n<p>Vor Ort stehen Ihnen verschiedene Freizeitm\u00f6glichkeiten zur Verf\u00fcgung:<br \/>\n<br \/>&#8211; Kostenlose Kajaks, um die Lagune zu erkunden und das Motu zu besuchen, das sich direkt gegen\u00fcber befindet.<br \/>\n<br \/>&#8211; Gegen Geb\u00fchr k\u00f6nnen Sie Elektrofahrr\u00e4der ausleihen, um die wilden Wege der Insel zu erkunden.<br \/>\n<br \/>Kontaktieren Sie Ihren Concierge f\u00fcr Pakete mit Auto und Ausfl\u00fcgen! <\/p>\n<p>DIE ESSENTIALS :<br \/>\n<br \/>* Bis zu 4 Personen<br \/>\n<br \/>* Flughafentransfers<br \/>\n<br \/>* Verpflegung vor Ort m\u00f6glich<br \/>\n<br \/>* Rand der Lagune<br \/>\n<br \/>* Swimmingpool<br \/>\n<br \/>* 1 klimatisiertes Schlafzimmer<br \/>\n<br \/>* Kostenloses Internet \u00fcber Wifi<br \/>\n<br \/>* Kajaks und Fahrr\u00e4der <\/p>\n<p>Jede Buchung unterliegt der vollst\u00e4ndigen Annahme unserer Allgemeinen Gesch\u00e4ftsbedingungen, die Sie auf unserer Website StayInn.Vacations einsehen k\u00f6nnen, indem Sie auf die Allgemeinen Gesch\u00e4ftsbedingungen klicken.<\/p>\n<p>Registrierungsnummer: TD21304<br \/><\/p>\n","protected":false},"excerpt":{"rendered":"<p>Wohnen Sie in dieser 75m2 gro\u00dfen Wohnung im Erdgeschoss eines kleinen einst\u00f6ckigen Geb\u00e4udes mit Pool und direkt an der Lagune. Sie verbindet den Komfort eines Hotels mit den Vorteilen einer Familienpension. Diese Unterkunft liegt ideal in der N\u00e4he des Flughafens und der Stadt Uturoa. Sie besteht aus einem klimatisierten Schlafzimmer mit einem Kingsize-Bett und Stauraum [&hellip;]<\/p>\n","protected":false},"featured_media":9167,"comment_status":"open","ping_status":"closed","template":"","meta":{"inline_featured_image":false},"country":[],"product_brand":[],"product_cat":[213],"product_tag":[],"class_list":{"0":"post-9172","1":"product","2":"type-product","3":"status-publish","4":"has-post-thumbnail","6":"product_cat-unterkunfte","8":"first","9":"instock","10":"shipping-taxable","11":"purchasable","12":"product-type-simple"},"acf":[],"_links":{"self":[{"href":"https:\/\/stayinn.travel\/de\/wp-json\/wp\/v2\/product\/9172","targetHints":{"allow":["GET"]}}],"collection":[{"href":"https:\/\/stayinn.travel\/de\/wp-json\/wp\/v2\/product"}],"about":[{"href":"https:\/\/stayinn.travel\/de\/wp-json\/wp\/v2\/types\/product"}],"replies":[{"embeddable":true,"href":"https:\/\/stayinn.travel\/de\/wp-json\/wp\/v2\/comments?post=9172"}],"wp:featuredmedia":[{"embeddable":true,"href":"https:\/\/stayinn.travel\/de\/wp-json\/wp\/v2\/media\/9167"}],"wp:attachment":[{"href":"https:\/\/stayinn.travel\/de\/wp-json\/wp\/v2\/media?parent=9172"}],"wp:term":[{"taxonomy":"country","embeddable":true,"href":"https:\/\/stayinn.travel\/de\/wp-json\/wp\/v2\/country?post=9172"},{"taxonomy":"product_brand","embeddable":true,"href":"https:\/\/stayinn.travel\/de\/wp-json\/wp\/v2\/product_brand?post=9172"},{"taxonomy":"product_cat","embeddable":true,"href":"https:\/\/stayinn.travel\/de\/wp-json\/wp\/v2\/product_cat?post=9172"},{"taxonomy":"product_tag","embeddable":true,"href":"https:\/\/stayinn.travel\/de\/wp-json\/wp\/v2\/product_tag?post=9172"}],"curies":[{"name":"wp","href":"https:\/\/api.w.org\/{rel}","templated":true}]}}