{"id":9180,"date":"2025-10-20T15:57:56","date_gmt":"2025-10-20T15:57:56","guid":{"rendered":"https:\/\/stayinn.travel\/product\/raiatea-rava-seaside-apartment-2\/"},"modified":"2026-04-16T10:35:26","modified_gmt":"2026-04-16T10:35:26","slug":"raiatea-rava-seaside-apartment-2","status":"publish","type":"product","link":"https:\/\/stayinn.travel\/de\/product\/raiatea-rava-seaside-apartment-2\/","title":{"rendered":"RAIATEA &#8211; Rava Seaside Apartment"},"content":{"rendered":"<p>Wohnen Sie in diesem 75 m2 gro\u00dfen Apartment im ersten Stock eines kleinen einst\u00f6ckigen Geb\u00e4udes mit Pool und Lagunenfront, das die Annehmlichkeiten eines Hotels mit den Vorteilen einer Familienpension verbindet.<\/p>\n<p>Ideal gelegen in der N\u00e4he des Flughafens und der Stadt Uturoa, ist diese Unterkunft ideal f\u00fcr einen Aufenthalt mit der Familie oder mit Freunden.<\/p>\n<p>Sie verf\u00fcgt \u00fcber ein klimatisiertes Schlafzimmer mit einem Kingsize-Bett und Stauraum f\u00fcr Ihre pers\u00f6nlichen Gegenst\u00e4nde. <\/p>\n<p>Im Wohnzimmer befindet sich ein Schlafbereich mit einem Doppelbett und einem Doppelschlafsofa, der Platz f\u00fcr weitere 4 Personen bietet. Das Wohnzimmer ist mit einer voll ausgestatteten K\u00fcche, einem Flachbildfernseher und kostenlosem WLAN-Internetzugang ausgestattet. <\/p>\n<p>Das schlichte, moderne Duschbad verf\u00fcgt \u00fcber eine begehbare Dusche, ein Waschbecken und eine Toilette. Toilettenartikel (Duschgel und Shampoo, Haartrockner) werden von Ihren Gastgebern kostenlos zur Verf\u00fcgung gestellt.<\/p>\n<p>Der Bereich, in dem Sie die meiste Zeit Ihrer Freizeit verbringen werden, ist die Terrasse am Pool mit ihrem atemberaubenden Blick auf die Lagune. Sie ist mit einem Tisch und St\u00fchlen ausgestattet, an denen Sie Ihre Morgenmahlzeiten und Ihr Fr\u00fchst\u00fcck genie\u00dfen k\u00f6nnen. <\/p>\n<p>Ihre Gastgeber stellen Ihnen ein Willkommenspaket zur Verf\u00fcgung, das Tee, Kaffeekapseln, Zucker und einige \u00dcberraschungen enth\u00e4lt.<\/p>\n<p>Fr\u00fchst\u00fcck und Abendessen sind vor Ort gegen Aufpreis erh\u00e4ltlich. (Bitte kontaktieren Sie uns)<\/p>\n<p>Freizeiteinrichtungen sind vor Ort vorhanden:<br \/>\n<br \/>&#8211; Kostenlose Kajaks zur Erkundung der Lagune und zum Besuch des gegen\u00fcberliegenden Motu.<br \/>\n<br \/>&#8211; Gegen Aufpreis k\u00f6nnen Sie Elektrofahrr\u00e4der mieten, um die Wildnis der Insel zu erkunden!<br \/>\n<br \/>Fragen Sie Ihren Concierge nach Pauschalangeboten mit Car and Excursions! <\/p>\n<p>DAS WESENTLICHE :<br \/>\n<br \/>* Bis zu 6 Personen<br \/>\n<br \/>* Flughafentransfers<br \/>\n<br \/>* Verpflegung vor Ort m\u00f6glich<br \/>\n<br \/>* Lagunenufer<br \/>\n<br \/>* Schwimmbad<br \/>\n<br \/>* 1 klimatisiertes Zimmer<br \/>\n<br \/>* Kostenloser WiFi-Internetzugang<br \/>\n<br \/>* Kajaks und Fahrr\u00e4der <\/p>\n<p>Alle Buchungen unterliegen der vollst\u00e4ndigen Akzeptanz unserer Allgemeinen Gesch\u00e4ftsbedingungen, die Sie auf unserer Website StayInn.Vacations einsehen k\u00f6nnen, indem Sie auf Bedingungen und Konditionen klicken.<\/p>\n<p>Registrierungsnummer: TD21304<br \/><\/p>\n","protected":false},"excerpt":{"rendered":"<p>Wohnen Sie in diesem 75 m2 gro\u00dfen Apartment im ersten Stock eines kleinen einst\u00f6ckigen Geb\u00e4udes mit Pool und Lagunenfront, das die Annehmlichkeiten eines Hotels mit den Vorteilen einer Familienpension verbindet. Ideal gelegen in der N\u00e4he des Flughafens und der Stadt Uturoa, ist diese Unterkunft ideal f\u00fcr einen Aufenthalt mit der Familie oder mit Freunden. Sie [&hellip;]<\/p>\n","protected":false},"featured_media":9175,"comment_status":"open","ping_status":"closed","template":"","meta":{"inline_featured_image":false},"country":[],"product_brand":[],"product_cat":[213],"product_tag":[],"class_list":{"0":"post-9180","1":"product","2":"type-product","3":"status-publish","4":"has-post-thumbnail","6":"product_cat-unterkunfte","8":"first","9":"instock","10":"shipping-taxable","11":"purchasable","12":"product-type-simple"},"acf":[],"_links":{"self":[{"href":"https:\/\/stayinn.travel\/de\/wp-json\/wp\/v2\/product\/9180","targetHints":{"allow":["GET"]}}],"collection":[{"href":"https:\/\/stayinn.travel\/de\/wp-json\/wp\/v2\/product"}],"about":[{"href":"https:\/\/stayinn.travel\/de\/wp-json\/wp\/v2\/types\/product"}],"replies":[{"embeddable":true,"href":"https:\/\/stayinn.travel\/de\/wp-json\/wp\/v2\/comments?post=9180"}],"wp:featuredmedia":[{"embeddable":true,"href":"https:\/\/stayinn.travel\/de\/wp-json\/wp\/v2\/media\/9175"}],"wp:attachment":[{"href":"https:\/\/stayinn.travel\/de\/wp-json\/wp\/v2\/media?parent=9180"}],"wp:term":[{"taxonomy":"country","embeddable":true,"href":"https:\/\/stayinn.travel\/de\/wp-json\/wp\/v2\/country?post=9180"},{"taxonomy":"product_brand","embeddable":true,"href":"https:\/\/stayinn.travel\/de\/wp-json\/wp\/v2\/product_brand?post=9180"},{"taxonomy":"product_cat","embeddable":true,"href":"https:\/\/stayinn.travel\/de\/wp-json\/wp\/v2\/product_cat?post=9180"},{"taxonomy":"product_tag","embeddable":true,"href":"https:\/\/stayinn.travel\/de\/wp-json\/wp\/v2\/product_tag?post=9180"}],"curies":[{"name":"wp","href":"https:\/\/api.w.org\/{rel}","templated":true}]}}