{"id":9212,"date":"2025-10-20T15:57:56","date_gmt":"2025-10-20T15:57:56","guid":{"rendered":"https:\/\/stayinn.travel\/product\/raiatea-uouo-seaside-apartment-2\/"},"modified":"2026-04-16T10:35:58","modified_gmt":"2026-04-16T10:35:58","slug":"raiatea-uouo-seaside-apartment-2","status":"publish","type":"product","link":"https:\/\/stayinn.travel\/de\/product\/raiatea-uouo-seaside-apartment-2\/","title":{"rendered":"RAIATEA &#8211; Uouo Seaside Apartment"},"content":{"rendered":"<p>Sie wohnen in diesem 125 m2 gro\u00dfen Apartment im zweiten Stock eines kleinen einst\u00f6ckigen Geb\u00e4udes mit Swimmingpool und Lagunenfront, das die Annehmlichkeiten eines Hotels mit den Vorteilen einer Familienpension verbindet.<\/p>\n<p>Ideal gelegen in der N\u00e4he des Flughafens und der Stadt Uturoa, ist diese Unterkunft ideal f\u00fcr Gruppenaufenthalte.<\/p>\n<p>Sie verf\u00fcgt \u00fcber 3 klimatisierte Schlafzimmer mit Kingsize-Betten und Stauraum f\u00fcr Ihre pers\u00f6nlichen Gegenst\u00e4nde. <\/p>\n<p>Im Wohnzimmer gibt es ein Doppelbett und ein Doppelschlafsofa f\u00fcr weitere 4 Personen. Das Wohnzimmer ist mit einer voll ausgestatteten K\u00fcche, einem Flachbildfernseher und kostenlosem WLAN-Internetzugang ausgestattet. <\/p>\n<p>Das schlichte, moderne Duschbad verf\u00fcgt \u00fcber eine begehbare Dusche, ein Waschbecken und eine Toilette. Toilettenartikel (Duschgel und Shampoo, Haartrockner) werden von Ihren Gastgebern kostenlos zur Verf\u00fcgung gestellt.<\/p>\n<p>Der Bereich, in dem Sie die meiste Zeit Ihrer Freizeit verbringen werden, ist die Terrasse mit ihrer Bar und dem atemberaubenden Blick auf die Lagune. Die Terrasse ist mit einem Tisch und St\u00fchlen ausgestattet, so dass Sie Ihre Morgenmahlzeiten und Ihr Fr\u00fchst\u00fcck in dieser ruhigen und entspannenden Umgebung genie\u00dfen k\u00f6nnen.<\/p>\n<p>Ihre Gastgeber stellen Ihnen ein Willkommenspaket zur Verf\u00fcgung, das Tee, Kaffeekapseln, Zucker und einige \u00dcberraschungen enth\u00e4lt.<\/p>\n<p>Fr\u00fchst\u00fcck und Abendessen sind vor Ort gegen Aufpreis erh\u00e4ltlich. (Bitte kontaktieren Sie uns)<\/p>\n<p>Freizeiteinrichtungen sind vor Ort vorhanden:<br \/>\n<br \/>&#8211; Kostenlose Kajaks f\u00fcr die Erkundung der Lagune und den Besuch des gegen\u00fcberliegenden Motu.<br \/>\n<br \/>&#8211; Gegen Aufpreis k\u00f6nnen Sie Elektrofahrr\u00e4der mieten, um die Wildnis der Insel zu erkunden!<br \/>\n<br \/>Fragen Sie Ihren Concierge nach Pauschalangeboten mit Car and Excursions! <\/p>\n<p>DAS WESENTLICHE :<br \/>\n<br \/>* Bis zu 10 Personen<br \/>\n<br \/>* Flughafentransfers<br \/>\n<br \/>* Verpflegung vor Ort m\u00f6glich<br \/>\n<br \/>* Lagunenufer<br \/>\n<br \/>* Schwimmbad<br \/>\n<br \/>* 3 klimatisierte Zimmer<br \/>\n<br \/>* Kostenloser Wifi-Internetzugang<br \/>\n<br \/>* Kajaks und Fahrr\u00e4der <\/p>\n<p>Alle Buchungen unterliegen der vollst\u00e4ndigen Akzeptanz unserer Allgemeinen Gesch\u00e4ftsbedingungen, die Sie auf unserer Website StayInn.Vacations einsehen k\u00f6nnen, indem Sie auf Bedingungen klicken.<\/p>\n<p>Registrierungsnummer : TD21304<br \/><\/p>\n","protected":false},"excerpt":{"rendered":"<p>Sie wohnen in diesem 125 m2 gro\u00dfen Apartment im zweiten Stock eines kleinen einst\u00f6ckigen Geb\u00e4udes mit Swimmingpool und Lagunenfront, das die Annehmlichkeiten eines Hotels mit den Vorteilen einer Familienpension verbindet. Ideal gelegen in der N\u00e4he des Flughafens und der Stadt Uturoa, ist diese Unterkunft ideal f\u00fcr Gruppenaufenthalte. Sie verf\u00fcgt \u00fcber 3 klimatisierte Schlafzimmer mit Kingsize-Betten [&hellip;]<\/p>\n","protected":false},"featured_media":9207,"comment_status":"open","ping_status":"closed","template":"","meta":{"inline_featured_image":false},"country":[],"product_brand":[],"product_cat":[213],"product_tag":[],"class_list":{"0":"post-9212","1":"product","2":"type-product","3":"status-publish","4":"has-post-thumbnail","6":"product_cat-unterkunfte","8":"first","9":"instock","10":"shipping-taxable","11":"purchasable","12":"product-type-simple"},"acf":[],"_links":{"self":[{"href":"https:\/\/stayinn.travel\/de\/wp-json\/wp\/v2\/product\/9212","targetHints":{"allow":["GET"]}}],"collection":[{"href":"https:\/\/stayinn.travel\/de\/wp-json\/wp\/v2\/product"}],"about":[{"href":"https:\/\/stayinn.travel\/de\/wp-json\/wp\/v2\/types\/product"}],"replies":[{"embeddable":true,"href":"https:\/\/stayinn.travel\/de\/wp-json\/wp\/v2\/comments?post=9212"}],"wp:featuredmedia":[{"embeddable":true,"href":"https:\/\/stayinn.travel\/de\/wp-json\/wp\/v2\/media\/9207"}],"wp:attachment":[{"href":"https:\/\/stayinn.travel\/de\/wp-json\/wp\/v2\/media?parent=9212"}],"wp:term":[{"taxonomy":"country","embeddable":true,"href":"https:\/\/stayinn.travel\/de\/wp-json\/wp\/v2\/country?post=9212"},{"taxonomy":"product_brand","embeddable":true,"href":"https:\/\/stayinn.travel\/de\/wp-json\/wp\/v2\/product_brand?post=9212"},{"taxonomy":"product_cat","embeddable":true,"href":"https:\/\/stayinn.travel\/de\/wp-json\/wp\/v2\/product_cat?post=9212"},{"taxonomy":"product_tag","embeddable":true,"href":"https:\/\/stayinn.travel\/de\/wp-json\/wp\/v2\/product_tag?post=9212"}],"curies":[{"name":"wp","href":"https:\/\/api.w.org\/{rel}","templated":true}]}}