{"id":9220,"date":"2025-10-20T15:57:56","date_gmt":"2025-10-20T15:57:56","guid":{"rendered":"https:\/\/stayinn.travel\/product\/bora-holidays-condo-pool-1-2\/"},"modified":"2026-04-16T10:36:04","modified_gmt":"2026-04-16T10:36:04","slug":"bora-holidays-condo-pool-1-2","status":"publish","type":"product","link":"https:\/\/stayinn.travel\/de\/product\/bora-holidays-condo-pool-1-2\/","title":{"rendered":"BORA- Holidays Condo &#038; Pool 1"},"content":{"rendered":"<p>BORA- Holiday &#8217;s Condo &#038; Pool 1<br \/>\n<br \/>Das Hotel liegt zwischen Vaitape und Faanui, weniger als 3 km von Annehmlichkeiten, Restaurants und Gesch\u00e4ften entfernt und nur 300 m vom ber\u00fchmten und unverzichtbaren Yachtclub Bora Bora entfernt. Es bietet eine h\u00fcbsche Ferienresidenz mit mehreren verf\u00fcgbaren Unterk\u00fcnften! Ideal f\u00fcr Ihren Aufenthalt allein, mit Ihrem Partner, mit der Familie, mit Freunden oder sogar f\u00fcr Besuchergruppen.<\/p>\n<p>Dies ist eine F3-Wohnung im 1. Stock des Hauptgeb\u00e4udes. Es besteht aus 2 klimatisierten und komfortablen Zimmern. Das Hauptschlafzimmer verf\u00fcgt \u00fcber ein Queensize-Bett, das 2. Schlafzimmer \u00fcber 2 Einzelbetten und das Wohnzimmer \u00fcber 2 Sessel + TV sowie ein Einzelbett f\u00fcr die 5. Person. Die K\u00fcche mit Wasserkocher, Herd, Geschirr und K\u00fchlschrank + Gefrierfach sowie ein eigenes Duschbad mit Waschbecken und Toilette sind vorhanden. Sie werden Ihre private Terrasse mit Tisch und St\u00fchlen f\u00fcr Ihren Morgenkaffee zu sch\u00e4tzen wissen.<br \/>\n<br \/>Die Residenz profitiert von einem gro\u00dfen Swimmingpool mit einem Solarium und einem m\u00f6blierten Fare Potee. Der Zugang ist f\u00fcr alle Mieter frei.<\/p>\n<p>Das Wesentliche :<br \/>\n<br \/>* Der Pool ist von 9 bis 20 Uhr kostenlos.<br \/>\n<br \/>* Klimatisierte und komfortable Zimmer mit eigenem Duschbad<br \/>\n<br \/>* Ausgestattete K\u00fcche<br \/>\n<br \/>* 1 Parkplatz<br \/>\n<br \/>* Kostenloses WiFi-Internet<br \/>\n<br \/>* Sehr gute geografische Lage: In der N\u00e4he des Yachtclubs Bora Bora, dem Hauptort von Vaitape und seinen Annehmlichkeiten<br \/>\n<br \/>* Zu tun: Besuchen Sie den Handwerksmarkt, erkunden Sie die Insel mit dem Fahrrad, den Strand von Matira, Les Canons de Faanui, sehen Sie das Heiva (polynesisches Festival der T\u00e4nze und Lieder &#8211; Monat Juli), das einzige auf wei\u00dfem Sand, das es hat verleiht seinen besonderen Charme &#8230;<\/p>\n<p>Alle Reservierungen unterliegen der uneingeschr\u00e4nkten Annahme unserer allgemeinen Verkaufsbedingungen, die auf unserer Stayinn.Vacations-Website durch Klicken auf die Allgemeinen Gesch\u00e4ftsbedingungen angezeigt werden.<\/p>\n<p>Registrierungsnummer : 704DTO-MT<\/p>\n","protected":false},"excerpt":{"rendered":"<p>BORA- Holiday &#8217;s Condo &#038; Pool 1 Das Hotel liegt zwischen Vaitape und Faanui, weniger als 3 km von Annehmlichkeiten, Restaurants und Gesch\u00e4ften entfernt und nur 300 m vom ber\u00fchmten und unverzichtbaren Yachtclub Bora Bora entfernt. Es bietet eine h\u00fcbsche Ferienresidenz mit mehreren verf\u00fcgbaren Unterk\u00fcnften! Ideal f\u00fcr Ihren Aufenthalt allein, mit Ihrem Partner, mit der [&hellip;]<\/p>\n","protected":false},"featured_media":9215,"comment_status":"open","ping_status":"closed","template":"","meta":{"inline_featured_image":false},"country":[],"product_brand":[],"product_cat":[213],"product_tag":[],"class_list":{"0":"post-9220","1":"product","2":"type-product","3":"status-publish","4":"has-post-thumbnail","6":"product_cat-unterkunfte","8":"first","9":"instock","10":"shipping-taxable","11":"purchasable","12":"product-type-simple"},"acf":[],"_links":{"self":[{"href":"https:\/\/stayinn.travel\/de\/wp-json\/wp\/v2\/product\/9220","targetHints":{"allow":["GET"]}}],"collection":[{"href":"https:\/\/stayinn.travel\/de\/wp-json\/wp\/v2\/product"}],"about":[{"href":"https:\/\/stayinn.travel\/de\/wp-json\/wp\/v2\/types\/product"}],"replies":[{"embeddable":true,"href":"https:\/\/stayinn.travel\/de\/wp-json\/wp\/v2\/comments?post=9220"}],"wp:featuredmedia":[{"embeddable":true,"href":"https:\/\/stayinn.travel\/de\/wp-json\/wp\/v2\/media\/9215"}],"wp:attachment":[{"href":"https:\/\/stayinn.travel\/de\/wp-json\/wp\/v2\/media?parent=9220"}],"wp:term":[{"taxonomy":"country","embeddable":true,"href":"https:\/\/stayinn.travel\/de\/wp-json\/wp\/v2\/country?post=9220"},{"taxonomy":"product_brand","embeddable":true,"href":"https:\/\/stayinn.travel\/de\/wp-json\/wp\/v2\/product_brand?post=9220"},{"taxonomy":"product_cat","embeddable":true,"href":"https:\/\/stayinn.travel\/de\/wp-json\/wp\/v2\/product_cat?post=9220"},{"taxonomy":"product_tag","embeddable":true,"href":"https:\/\/stayinn.travel\/de\/wp-json\/wp\/v2\/product_tag?post=9220"}],"curies":[{"name":"wp","href":"https:\/\/api.w.org\/{rel}","templated":true}]}}