{"id":9236,"date":"2025-10-20T15:57:56","date_gmt":"2025-10-20T15:57:56","guid":{"rendered":"https:\/\/stayinn.travel\/product\/moorea-paopao-cottage-2\/"},"modified":"2026-03-23T08:30:37","modified_gmt":"2026-03-23T08:30:37","slug":"moorea-paopao-cottage-2","status":"publish","type":"product","link":"https:\/\/stayinn.travel\/de\/product\/moorea-paopao-cottage-2\/","title":{"rendered":"MOOREA &#8211; PaoPao Cottage"},"content":{"rendered":"<p>MOOREA &#8211; PaoPao Cottage<br \/>\n<br \/>Diese Unterkunft befindet sich auf der Insel Moorea im Bezirk Pao-Pao in der Cook-Bucht und ist ideal, um 4 Personen komfortabel unterzubringen.<\/p>\n<p>Eine kleine Oase der Ruhe, die Sie bei Ihrem Aufenthalt auf Moorea entdecken k\u00f6nnen, mit einer wundersch\u00f6nen Aussicht auf die Cook-Bucht. Diese v\u00f6llig unabh\u00e4ngige Bas de Villa vom Typ F2 besteht aus einem Einzelzimmer. Ein ger\u00e4umiges Wohnzimmer mit einem Schlafbereich f\u00fcr 2 Personen und einem Flachbildfernseher. Der K\u00fcchenbereich ist mit allem Notwendigen ausgestattet, um Ihre Lieblingsmahlzeiten zuzubereiten. F\u00fcr Ihre pers\u00f6nlichen Gegenst\u00e4nde steht ein gro\u00dfes Regal zur Verf\u00fcgung. Die Bettw\u00e4sche ist von guter Qualit\u00e4t und verspricht Ihnen bequeme und erholsame N\u00e4chte!  Das Badezimmer ist mit einem Waschbecken, 1 WC und einer Dusche ausgestattet, 1 Haartrockner steht zur Verf\u00fcgung.<br \/>\n<br \/>Ihr Lieblingsplatz ist die Terrasse mit Liegestuhl, Tisch und B\u00e4nken, wo Sie sich entspannen, einen Aperitif trinken und die Aussicht genie\u00dfen oder essen k\u00f6nnen&#8230;<\/p>\n<p>Die meisten:<br \/>\n<br \/>* Das Internet ist WLAN und kostenlos. Der Code wird Ihnen zur Verf\u00fcgung gestellt, damit Sie problemlos eine Verbindung herstellen k\u00f6nnen.<br \/>\n<br \/>* Parkpl\u00e4tze stehen im ersten Stock der Unterkunft zur Verf\u00fcgung (1 Fahrzeug).<br \/>\n<br \/>* Rand der Lagune direkt vor Ihrer Unterkunft mit direktem Zugang!<\/p>\n<p>Moorea ist eine Insel mit schillernden Kontrasten zwischen Bergen und Lagunen. Es gibt eine faszinierende Geschichte, faszinierende Legenden und absolut gro\u00dfartige Landschaften. Nehmen Sie sich ein paar Tage Zeit, um sie zu treffen, sie wird Ihnen unausl\u00f6schliche Erinnerungen geben!<\/p>\n<p>Alle Reservierungen unterliegen der uneingeschr\u00e4nkten Annahme unserer allgemeinen Verkaufsbedingungen, die auf unserer Stayinn.Vacations-Website durch Klicken auf die Allgemeinen Gesch\u00e4ftsbedingungen angezeigt werden.<\/p>\n<p>Registrierungsnummer : 491DTO-MT<\/p>\n","protected":false},"excerpt":{"rendered":"<p>MOOREA &#8211; PaoPao Cottage Diese Unterkunft befindet sich auf der Insel Moorea im Bezirk Pao-Pao in der Cook-Bucht und ist ideal, um 4 Personen komfortabel unterzubringen. Eine kleine Oase der Ruhe, die Sie bei Ihrem Aufenthalt auf Moorea entdecken k\u00f6nnen, mit einer wundersch\u00f6nen Aussicht auf die Cook-Bucht. Diese v\u00f6llig unabh\u00e4ngige Bas de Villa vom Typ [&hellip;]<\/p>\n","protected":false},"featured_media":9231,"comment_status":"open","ping_status":"closed","template":"","meta":{"inline_featured_image":false},"country":[],"product_brand":[],"product_cat":[213],"product_tag":[],"class_list":{"0":"post-9236","1":"product","2":"type-product","3":"status-publish","4":"has-post-thumbnail","6":"product_cat-unterkunfte","8":"first","9":"instock","10":"shipping-taxable","11":"purchasable","12":"product-type-simple"},"acf":[],"_links":{"self":[{"href":"https:\/\/stayinn.travel\/de\/wp-json\/wp\/v2\/product\/9236","targetHints":{"allow":["GET"]}}],"collection":[{"href":"https:\/\/stayinn.travel\/de\/wp-json\/wp\/v2\/product"}],"about":[{"href":"https:\/\/stayinn.travel\/de\/wp-json\/wp\/v2\/types\/product"}],"replies":[{"embeddable":true,"href":"https:\/\/stayinn.travel\/de\/wp-json\/wp\/v2\/comments?post=9236"}],"wp:featuredmedia":[{"embeddable":true,"href":"https:\/\/stayinn.travel\/de\/wp-json\/wp\/v2\/media\/9231"}],"wp:attachment":[{"href":"https:\/\/stayinn.travel\/de\/wp-json\/wp\/v2\/media?parent=9236"}],"wp:term":[{"taxonomy":"country","embeddable":true,"href":"https:\/\/stayinn.travel\/de\/wp-json\/wp\/v2\/country?post=9236"},{"taxonomy":"product_brand","embeddable":true,"href":"https:\/\/stayinn.travel\/de\/wp-json\/wp\/v2\/product_brand?post=9236"},{"taxonomy":"product_cat","embeddable":true,"href":"https:\/\/stayinn.travel\/de\/wp-json\/wp\/v2\/product_cat?post=9236"},{"taxonomy":"product_tag","embeddable":true,"href":"https:\/\/stayinn.travel\/de\/wp-json\/wp\/v2\/product_tag?post=9236"}],"curies":[{"name":"wp","href":"https:\/\/api.w.org\/{rel}","templated":true}]}}