{"id":9252,"date":"2025-10-20T15:57:56","date_gmt":"2025-10-20T15:57:56","guid":{"rendered":"https:\/\/stayinn.travel\/product\/moorea-villa-mouaroa-legends-2\/"},"modified":"2026-04-16T10:36:02","modified_gmt":"2026-04-16T10:36:02","slug":"moorea-villa-mouaroa-legends-2","status":"publish","type":"product","link":"https:\/\/stayinn.travel\/de\/product\/moorea-villa-mouaroa-legends-2\/","title":{"rendered":"MOOREA &#8211; Villa Mouaroa Legends"},"content":{"rendered":"<p>MOOREA &#8211; Villa Mouaroa <\/p>\n<p>Die Villa Mouaroa, die bis zu 6 Personen beherbergen kann, befindet sich in Tiahura in einer privaten und gesicherten Residenz. Sie wird Sie in ein polynesisches Ambiente mit aller Eleganz versetzen. Ihre Dekoration ist schlicht und harmonisch. Die Villa ist aus Holz errichtet und \u00fcberragt das Tal, seine wundersch\u00f6nen Berge und einen Teil der Lagune. <\/p>\n<p>Die Villa besteht aus zwei klimatisierten Schlafzimmern im Erdgeschoss. Die Mastersuite mit Kingsize-Bett, eigenem Duschbad und WC und ein zweites Schlafzimmer mit zwei Einzelbetten, die beide mit Moskitonetzen versehen sind. Das Zwischengeschoss wird ge\u00f6ffnet, um zwei weitere Personen in einem Doppelbett unterbringen zu k\u00f6nnen. <\/p>\n<p>Der Wohnbereich besteht aus einem nat\u00fcrlich bel\u00fcfteten Wohnzimmer mit direktem Zugang zur Terrasse mit Jacuzzi, Sofas und einem Netflix-Flachbildfernseher, der sich zu einer modernen, voll ausgestatteten K\u00fcche \u00f6ffnet. Von der K\u00fcche aus gelangen Sie auf die zweite private und schattige Terrasse, auf der Sie Ihr Fr\u00fchst\u00fcck genie\u00dfen k\u00f6nnen.<\/p>\n<p>Die Terrasse ist ein echter Innenhof unter freiem Himmel und ist f\u00fcr gesellige Momente in zwei Bereichen eingerichtet: Der Whirlpool mit seinen Liegest\u00fchlen und ein Fare Potee zum Entspannen, Essen und Trinken&#8230; Von Ihrem Hochsitz aus k\u00f6nnen Sie den Panoramablick bewundern und sich in dieser au\u00dfergew\u00f6hnlichen Umgebung erholen.<\/p>\n<p>Die Insel Moorea, die Schwesterinsel, wie sie hier genannt wird, ist ein kleines St\u00fcck Paradies, das nur 30 Minuten mit der F\u00e4hre oder 20 Minuten mit dem Flugzeug von der Insel Tahiti (17 km) in Franz\u00f6sisch-Polynesien entfernt liegt. Die unber\u00fchrte, wilde und majest\u00e4tische Natur ist ein Muss. Sie wird Sie in einzigartige Szenerien entf\u00fchren, die eines Kinofilms w\u00fcrdig sind. Moorea bedeutet auch gelbe (Rea) Eidechse (Mo&#8217;o), und Sie werden diesem kleinen, harmlosen Reptil, das &#8222;Gecko&#8220; genannt wird, regelm\u00e4\u00dfig begegnen.<\/p>\n<p>DIE ESSENTIALS :<br \/>\n<br \/>* Klimatisierte Zimmer<br \/>\n<br \/>* Internet \u00fcber Wifi<br \/>\n<br \/>* Jacuzzi<br \/>\n<br \/>* Modern und komfortabel<br \/>\n<br \/>* Au\u00dfergew\u00f6hnliche Lage<\/p>\n<p>DIE PUNKTE VON INTERESSE:<\/p>\n<p>ZU FUSS<br \/>\n<br \/>* 5 Minuten vom Restaurant Steak House<br \/>\n<br \/>* 5 Minuten zum Dolphin Center der Insel<br \/>\n<br \/>* 10 Minuten zum Lebensmittelgesch\u00e4ft Tiahura<br \/>\n<br \/>* 25 Minuten zum Tipanier-Strand<\/p>\n<p>MIT DEM AUTO<br \/>\n<br \/>* 5 Minuten zum Strand Les Tipaniers<br \/>\n<br \/>* 5 Minuten vom Einkaufszentrum Le Petit Village (Souvenirladen, Tankstelle).<br \/>\n<br \/>* 10 Minuten Magic Mountain View<br \/>\n<br \/>* 13 Minuten Strand Ta&#8217;ahiamanu<br \/>\n<br \/>* 18 Minuten Belvedere<br \/>\n<br \/>* 25 Minuten vom Stadtzentrum Maharepa (Supermarkt, Bank, Apotheke, \u00c4rztezentrum etc.).<br \/>\n<br \/>* 20 Minuten von der Fruchtsaftfabrik ROTUI.<br \/>\n<br \/>* 30 Minuten vom Flughafen.<br \/>\n<br \/>* 35 Minuten von der F\u00e4hrenanlegestelle.<\/p>\n<p>Jede Buchung unterliegt zwingend der uneingeschr\u00e4nkten Annahme unserer Allgemeinen Gesch\u00e4ftsbedingungen, die auf unserer Website Stayinn.Vacations einsehbar sind, indem Sie auf die Allgemeinen Gesch\u00e4ftsbedingungen klicken.<\/p>\n<p>Registrierungsnummer: 1311 DTO-MT<\/p>\n<p>\u00dcbersetzt mit DeepL.com (kostenlose Version)<\/p>\n","protected":false},"excerpt":{"rendered":"<p>MOOREA &#8211; Villa Mouaroa Die Villa Mouaroa, die bis zu 6 Personen beherbergen kann, befindet sich in Tiahura in einer privaten und gesicherten Residenz. Sie wird Sie in ein polynesisches Ambiente mit aller Eleganz versetzen. Ihre Dekoration ist schlicht und harmonisch. Die Villa ist aus Holz errichtet und \u00fcberragt das Tal, seine wundersch\u00f6nen Berge und [&hellip;]<\/p>\n","protected":false},"featured_media":9247,"comment_status":"open","ping_status":"closed","template":"","meta":{"inline_featured_image":false},"country":[],"product_brand":[],"product_cat":[213],"product_tag":[],"class_list":{"0":"post-9252","1":"product","2":"type-product","3":"status-publish","4":"has-post-thumbnail","6":"product_cat-unterkunfte","8":"first","9":"instock","10":"shipping-taxable","11":"purchasable","12":"product-type-simple"},"acf":[],"_links":{"self":[{"href":"https:\/\/stayinn.travel\/de\/wp-json\/wp\/v2\/product\/9252","targetHints":{"allow":["GET"]}}],"collection":[{"href":"https:\/\/stayinn.travel\/de\/wp-json\/wp\/v2\/product"}],"about":[{"href":"https:\/\/stayinn.travel\/de\/wp-json\/wp\/v2\/types\/product"}],"replies":[{"embeddable":true,"href":"https:\/\/stayinn.travel\/de\/wp-json\/wp\/v2\/comments?post=9252"}],"wp:featuredmedia":[{"embeddable":true,"href":"https:\/\/stayinn.travel\/de\/wp-json\/wp\/v2\/media\/9247"}],"wp:attachment":[{"href":"https:\/\/stayinn.travel\/de\/wp-json\/wp\/v2\/media?parent=9252"}],"wp:term":[{"taxonomy":"country","embeddable":true,"href":"https:\/\/stayinn.travel\/de\/wp-json\/wp\/v2\/country?post=9252"},{"taxonomy":"product_brand","embeddable":true,"href":"https:\/\/stayinn.travel\/de\/wp-json\/wp\/v2\/product_brand?post=9252"},{"taxonomy":"product_cat","embeddable":true,"href":"https:\/\/stayinn.travel\/de\/wp-json\/wp\/v2\/product_cat?post=9252"},{"taxonomy":"product_tag","embeddable":true,"href":"https:\/\/stayinn.travel\/de\/wp-json\/wp\/v2\/product_tag?post=9252"}],"curies":[{"name":"wp","href":"https:\/\/api.w.org\/{rel}","templated":true}]}}