{"id":9268,"date":"2025-10-20T15:57:56","date_gmt":"2025-10-20T15:57:56","guid":{"rendered":"https:\/\/stayinn.travel\/product\/moorea-pool-mountain-fare-ora-2\/"},"modified":"2026-04-16T10:34:46","modified_gmt":"2026-04-16T10:34:46","slug":"moorea-pool-mountain-fare-ora-2","status":"publish","type":"product","link":"https:\/\/stayinn.travel\/de\/product\/moorea-pool-mountain-fare-ora-2\/","title":{"rendered":"MOOREA &#8211; Pool Mountain Fare Ora"},"content":{"rendered":"<p>Die Villa POOL MOUNTAIN in MOOREA ist der perfekte Rahmen f\u00fcr erholsame Ferien mit der Familie oder mit Freunden.<\/p>\n<p>Von balinesischer Inspiration und innerhalb wundersch\u00f6ner Steinmauern von Moorea, gliedert sich die Immobilie in vier Elemente, die sich um den Pool gruppieren.<br \/>\n<br \/>Die Dekoration sowie die typisch indonesische Atmosph\u00e4re verbinden sich perfekt mit dem polynesischen Leben.<\/p>\n<p>Das Hauptmodul verf\u00fcgt \u00fcber zwei Schlafzimmer und ein vollst\u00e4ndiges Badezimmer (Waschbecken, Dusche und WC).<\/p>\n<p>Der zweite Modul ist eine wundersch\u00f6ne Eltern-Suite mit einem gro\u00dfen Schlafzimmer, einer Sitzecke mit Sessel und einem vollst\u00e4ndigen Badezimmer mit Badewanne.<\/p>\n<p>In dem letzten Modul werden Sie eine sch\u00f6ne, voll ausgestattete K\u00fcche genie\u00dfen, die zur Essdiele hin offen ist. Eine Waschmaschine steht Ihnen zur Verf\u00fcgung.<\/p>\n<p>Alle Nasszellen sind mit Stauraum sowie einer Toilette ausgestattet.<\/p>\n<p>Sie k\u00f6nnen auch den &#8222;FARE POTE&#8220; (\u00fcberdachter Bereich neben der Terrasse) genie\u00dfen, den bevorzugten und idealen polynesischen Ort f\u00fcr Mahlzeiten, Aperitif, Austausch&#8230; oder auch zum Nickerchen in der H\u00e4ngematte&#8230;<\/p>\n<p>Diese Villa verf\u00fcgt \u00fcber alle notwendigen Annehmlichkeiten, um 6 Personen an einem hochwertigen, ruhigen und blumenreichen Ort unterzubringen.<br \/>\n<br \/>Sie ist ideal f\u00fcr erholsame Ferien mit Freunden, Paaren oder Familien, auch perfekt f\u00fcr ein Gesch\u00e4ftsseminar oder entspannende Pausen am Swimmingpool.<\/p>\n<p>Die Insel MOOREA bietet viele Dinge zu entdecken, wir empfehlen Ihnen, w\u00e4hrend Ihres gesamten oder teilweisen Aufenthalts ein Fahrzeug zu mieten. Z\u00f6gern Sie nicht, unser Team oder unseren Concierge-Service zu kontaktieren, um Informationen zu erhalten, ein Fahrzeug zu reservieren, Aktivit\u00e4ten und\/oder alle Dienste, die Sie w\u00e4hrend Ihres Aufenthalts ben\u00f6tigen werden.<br \/>\n<br \/>Wir sind daf\u00fcr da!<\/p>\n<p>In einem tropischen Gebiet ist es m\u00f6glich, dass Sie auf Insekten, kleine Eidechsen oder M\u00fccken treffen. Diese unauff\u00e4lligen G\u00e4ste sind einfach Teil des nat\u00fcrlichen \u00d6kosystems, das die Unterkunft umgibt.<\/p>\n<p>Zu Ihrem Komfort ist das Fare mit Moskitonetzen ausgestattet, und wir achten darauf, den Raum sauber und angenehm zu halten. Genie\u00dfen Sie dieses Eintauchen wie eine echte tropische Auszeit, in der die Ruhe der Natur Sie erwartet.  <\/p>\n<p>DIE SEHENSW\u00dcRDIGKEITEN:<\/p>\n<p>ZU FUSS<br \/>\n<br \/>10 Minuten vom \u00f6ffentlichen Sandstrand: &#8222;Haaru Public Beach Park&#8220;.<br \/>\n<br \/>5 Minuten vom Intercontinental Hotel, wo Sie zahlreiche Cocktails genie\u00dfen k\u00f6nnen.<br \/>\n<br \/>10 Minuten von allen Gesch\u00e4ften und Restaurants.<\/p>\n<p>MIT DEM AUTO<br \/>\n<br \/>25 Minuten vom Stadtzentrum von Maharepa (Supermarkt, Bank, Apotheke, medizinisches Zentrum usw.).<br \/>\n<br \/>20 Minuten von der Fruchtsaftfabrik ROTUI.<br \/>\n<br \/>30 Minuten vom Flughafen.<br \/>\n<br \/>35 Minuten von der F\u00e4hranleger.<\/p>\n<p>Jede Buchung unterliegt obligatorisch der uneingeschr\u00e4nkten Akzeptanz unserer Allgemeinen Gesch\u00e4ftsbedingungen, die auf unserer Website Stayinn.Vacations durch Klicken auf die Allgemeinen Gesch\u00e4ftsbedingungen sichtbar sind.<br \/>\n<br \/>Tiere sind in dieser Unterkunft nicht erlaubt<\/p>\n<p>Registrierungsnummer: 972DTO-MT<\/p>\n","protected":false},"excerpt":{"rendered":"<p>Die Villa POOL MOUNTAIN in MOOREA ist der perfekte Rahmen f\u00fcr erholsame Ferien mit der Familie oder mit Freunden. Von balinesischer Inspiration und innerhalb wundersch\u00f6ner Steinmauern von Moorea, gliedert sich die Immobilie in vier Elemente, die sich um den Pool gruppieren. Die Dekoration sowie die typisch indonesische Atmosph\u00e4re verbinden sich perfekt mit dem polynesischen Leben. [&hellip;]<\/p>\n","protected":false},"featured_media":9263,"comment_status":"open","ping_status":"closed","template":"","meta":{"inline_featured_image":false},"country":[],"product_brand":[],"product_cat":[213],"product_tag":[],"class_list":{"0":"post-9268","1":"product","2":"type-product","3":"status-publish","4":"has-post-thumbnail","6":"product_cat-unterkunfte","8":"first","9":"instock","10":"shipping-taxable","11":"purchasable","12":"product-type-simple"},"acf":[],"_links":{"self":[{"href":"https:\/\/stayinn.travel\/de\/wp-json\/wp\/v2\/product\/9268","targetHints":{"allow":["GET"]}}],"collection":[{"href":"https:\/\/stayinn.travel\/de\/wp-json\/wp\/v2\/product"}],"about":[{"href":"https:\/\/stayinn.travel\/de\/wp-json\/wp\/v2\/types\/product"}],"replies":[{"embeddable":true,"href":"https:\/\/stayinn.travel\/de\/wp-json\/wp\/v2\/comments?post=9268"}],"wp:featuredmedia":[{"embeddable":true,"href":"https:\/\/stayinn.travel\/de\/wp-json\/wp\/v2\/media\/9263"}],"wp:attachment":[{"href":"https:\/\/stayinn.travel\/de\/wp-json\/wp\/v2\/media?parent=9268"}],"wp:term":[{"taxonomy":"country","embeddable":true,"href":"https:\/\/stayinn.travel\/de\/wp-json\/wp\/v2\/country?post=9268"},{"taxonomy":"product_brand","embeddable":true,"href":"https:\/\/stayinn.travel\/de\/wp-json\/wp\/v2\/product_brand?post=9268"},{"taxonomy":"product_cat","embeddable":true,"href":"https:\/\/stayinn.travel\/de\/wp-json\/wp\/v2\/product_cat?post=9268"},{"taxonomy":"product_tag","embeddable":true,"href":"https:\/\/stayinn.travel\/de\/wp-json\/wp\/v2\/product_tag?post=9268"}],"curies":[{"name":"wp","href":"https:\/\/api.w.org\/{rel}","templated":true}]}}